{"id":6029,"date":"2015-10-02T15:32:26","date_gmt":"2015-10-02T15:32:26","guid":{"rendered":"https:\/\/caringsunshine.com\/?page_id=6029"},"modified":"2024-05-11T07:19:20","modified_gmt":"2024-05-11T14:19:20","slug":"mindmax","status":"publish","type":"page","link":"https:\/\/caringsunshine.com\/es\/mindmax\/","title":{"rendered":"Mindmax"},"content":{"rendered":"<p>Mindmax (Mind-max) de Nature's Sunshine est\u00e1 dise\u00f1ado para ralentizar el proceso de envejecimiento del cerebro y mejorar la funci\u00f3n cerebral. <a href=\"https:\/\/caringsunshine.com\/es\/supplements\/NaturesSunshine\/products\/mind-max.aspx\/\">M\u00e1s informaci\u00f3n sobre Mindmax y su compra aqu\u00ed<\/a>.<\/p>","protected":false},"excerpt":{"rendered":"<p>Mindmax (Mind-max) de Nature's Sunshine est\u00e1 dise\u00f1ado para ralentizar el proceso de envejecimiento del cerebro y mejorar la funci\u00f3n cerebral. Conozca m\u00e1s sobre Mindmax y adqui\u00e9ralo aqu\u00ed.<\/p>","protected":false},"author":1,"featured_media":0,"parent":0,"menu_order":0,"comment_status":"open","ping_status":"closed","template":"page-blank-title-center.php","meta":{"_acf_changed":false,"footnotes":""},"rapid":[],"class_list":["post-6029","page","type-page","status-publish","hentry"],"acf":[],"_links":{"self":[{"href":"https:\/\/caringsunshine.com\/es\/wp-json\/wp\/v2\/pages\/6029","targetHints":{"allow":["GET"]}}],"collection":[{"href":"https:\/\/caringsunshine.com\/es\/wp-json\/wp\/v2\/pages"}],"about":[{"href":"https:\/\/caringsunshine.com\/es\/wp-json\/wp\/v2\/types\/page"}],"author":[{"embeddable":true,"href":"https:\/\/caringsunshine.com\/es\/wp-json\/wp\/v2\/users\/1"}],"replies":[{"embeddable":true,"href":"https:\/\/caringsunshine.com\/es\/wp-json\/wp\/v2\/comments?post=6029"}],"version-history":[{"count":1,"href":"https:\/\/caringsunshine.com\/es\/wp-json\/wp\/v2\/pages\/6029\/revisions"}],"predecessor-version":[{"id":3262454,"href":"https:\/\/caringsunshine.com\/es\/wp-json\/wp\/v2\/pages\/6029\/revisions\/3262454"}],"wp:attachment":[{"href":"https:\/\/caringsunshine.com\/es\/wp-json\/wp\/v2\/media?parent=6029"}],"wp:term":[{"taxonomy":"rapid","embeddable":true,"href":"https:\/\/caringsunshine.com\/es\/wp-json\/wp\/v2\/rapid?post=6029"}],"curies":[{"name":"wp","href":"https:\/\/api.w.org\/{rel}","templated":true}]}}