{"id":6027,"date":"2015-10-02T15:32:07","date_gmt":"2015-10-02T15:32:07","guid":{"rendered":"https:\/\/caringsunshine.com\/?page_id=6027"},"modified":"2024-05-11T07:19:14","modified_gmt":"2024-05-11T14:19:14","slug":"natures-sunshine-productos","status":"publish","type":"page","link":"https:\/\/caringsunshine.com\/es\/natures-sunshine-productos\/","title":{"rendered":"Productos Natures Sunshine"},"content":{"rendered":"<p>Los productos Natures Sunshine son suplementos nutricionales de alta calidad de Nature's Sunshine, l\u00edder en el mercado de suplementos desde hace m\u00e1s de cuatro d\u00e9cadas.<\/p>\n<p><b><a href=\"https:\/\/caringsunshine.com\/es\/\">See this website in English<\/a><\/b><\/p>","protected":false},"excerpt":{"rendered":"<p>Los productos Natures Sunshine son suplementos nutricionales de alta calidad de Nature's Sunshine, l\u00edder en el mercado de suplementos desde hace m\u00e1s de cuatro d\u00e9cadas. See this website in English<\/p>","protected":false},"author":1,"featured_media":0,"parent":0,"menu_order":0,"comment_status":"open","ping_status":"closed","template":"page-blank-title-center.php","meta":{"_acf_changed":false,"footnotes":""},"rapid":[],"class_list":["post-6027","page","type-page","status-publish","hentry"],"acf":[],"_links":{"self":[{"href":"https:\/\/caringsunshine.com\/es\/wp-json\/wp\/v2\/pages\/6027","targetHints":{"allow":["GET"]}}],"collection":[{"href":"https:\/\/caringsunshine.com\/es\/wp-json\/wp\/v2\/pages"}],"about":[{"href":"https:\/\/caringsunshine.com\/es\/wp-json\/wp\/v2\/types\/page"}],"author":[{"embeddable":true,"href":"https:\/\/caringsunshine.com\/es\/wp-json\/wp\/v2\/users\/1"}],"replies":[{"embeddable":true,"href":"https:\/\/caringsunshine.com\/es\/wp-json\/wp\/v2\/comments?post=6027"}],"version-history":[{"count":1,"href":"https:\/\/caringsunshine.com\/es\/wp-json\/wp\/v2\/pages\/6027\/revisions"}],"predecessor-version":[{"id":3261212,"href":"https:\/\/caringsunshine.com\/es\/wp-json\/wp\/v2\/pages\/6027\/revisions\/3261212"}],"wp:attachment":[{"href":"https:\/\/caringsunshine.com\/es\/wp-json\/wp\/v2\/media?parent=6027"}],"wp:term":[{"taxonomy":"rapid","embeddable":true,"href":"https:\/\/caringsunshine.com\/es\/wp-json\/wp\/v2\/rapid?post=6027"}],"curies":[{"name":"wp","href":"https:\/\/api.w.org\/{rel}","templated":true}]}}