{"id":6025,"date":"2015-10-02T15:31:48","date_gmt":"2015-10-02T15:31:48","guid":{"rendered":"https:\/\/caringsunshine.com\/?page_id=6025"},"modified":"2024-05-11T07:19:06","modified_gmt":"2024-05-11T14:19:06","slug":"mega-chel","status":"publish","type":"page","link":"https:\/\/caringsunshine.com\/es\/mega-chel\/","title":{"rendered":"Mega Chel"},"content":{"rendered":"<p>Mega Chel (Mega-Chel) de Nature's Sunshine es una potente f\u00f3rmula que contiene antioxidantes, vitaminas, hierbas y mucho m\u00e1s. Est\u00e1 especialmente dise\u00f1ada para ayudar al sistema circulatorio. <a href=\"https:\/\/caringsunshine.com\/es\/supplements\/NaturesSunshine\/products\/megachel120.aspx\/\">M\u00e1s informaci\u00f3n y compra de Mega Chel aqu\u00ed<\/a>.<\/p>","protected":false},"excerpt":{"rendered":"<p>Mega Chel (Mega-Chel) de Nature's Sunshine es una potente f\u00f3rmula que contiene antioxidantes, vitaminas, hierbas y mucho m\u00e1s. Est\u00e1 especialmente dise\u00f1ada para ayudar al sistema circulatorio. Conozca m\u00e1s y compre Mega Chel aqu\u00ed.<\/p>","protected":false},"author":1,"featured_media":0,"parent":0,"menu_order":0,"comment_status":"open","ping_status":"closed","template":"page-blank-title-center.php","meta":{"_acf_changed":false,"footnotes":""},"rapid":[],"class_list":["post-6025","page","type-page","status-publish","hentry"],"acf":[],"_links":{"self":[{"href":"https:\/\/caringsunshine.com\/es\/wp-json\/wp\/v2\/pages\/6025","targetHints":{"allow":["GET"]}}],"collection":[{"href":"https:\/\/caringsunshine.com\/es\/wp-json\/wp\/v2\/pages"}],"about":[{"href":"https:\/\/caringsunshine.com\/es\/wp-json\/wp\/v2\/types\/page"}],"author":[{"embeddable":true,"href":"https:\/\/caringsunshine.com\/es\/wp-json\/wp\/v2\/users\/1"}],"replies":[{"embeddable":true,"href":"https:\/\/caringsunshine.com\/es\/wp-json\/wp\/v2\/comments?post=6025"}],"version-history":[{"count":1,"href":"https:\/\/caringsunshine.com\/es\/wp-json\/wp\/v2\/pages\/6025\/revisions"}],"predecessor-version":[{"id":3262453,"href":"https:\/\/caringsunshine.com\/es\/wp-json\/wp\/v2\/pages\/6025\/revisions\/3262453"}],"wp:attachment":[{"href":"https:\/\/caringsunshine.com\/es\/wp-json\/wp\/v2\/media?parent=6025"}],"wp:term":[{"taxonomy":"rapid","embeddable":true,"href":"https:\/\/caringsunshine.com\/es\/wp-json\/wp\/v2\/rapid?post=6025"}],"curies":[{"name":"wp","href":"https:\/\/api.w.org\/{rel}","templated":true}]}}