{"id":6021,"date":"2015-10-02T15:30:32","date_gmt":"2015-10-02T15:30:32","guid":{"rendered":"https:\/\/caringsunshine.com\/?page_id=6021"},"modified":"2024-05-11T07:18:52","modified_gmt":"2024-05-11T14:18:52","slug":"productos-natures-sunshine","status":"publish","type":"page","link":"https:\/\/caringsunshine.com\/es\/productos-natures-sunshine\/","title":{"rendered":"Productos de Natures Sunshine"},"content":{"rendered":"<p>Productos Natures Sunshine se han vendido durante m\u00e1s de cuatro d\u00e9cadas y representan la mejor calidad de los suplementos nutricionales disponibles. Ofrecemos un servicio de atenci\u00f3n al cliente completo en Ingl\u00e9s y Espa\u00f1ol y grandes precios.<\/p>\n<p><b><a href=\"https:\/\/caringsunshine.com\/es\/\">See this website in English<\/a><\/b><\/p>","protected":false},"excerpt":{"rendered":"<p>Productos Natures Sunshine se han vendido durante m\u00e1s de cuatro d\u00e9cadas y representan la mejor calidad de los suplementos nutricionales disponibles. Ofrecemos un servicio de atenci\u00f3n al cliente completo en ingl\u00e9s y espa\u00f1ol y unos precios excelentes. See this website in English<\/p>","protected":false},"author":1,"featured_media":0,"parent":0,"menu_order":0,"comment_status":"open","ping_status":"closed","template":"page-blank-title-center.php","meta":{"_acf_changed":false,"footnotes":""},"rapid":[],"class_list":["post-6021","page","type-page","status-publish","hentry"],"acf":[],"_links":{"self":[{"href":"https:\/\/caringsunshine.com\/es\/wp-json\/wp\/v2\/pages\/6021","targetHints":{"allow":["GET"]}}],"collection":[{"href":"https:\/\/caringsunshine.com\/es\/wp-json\/wp\/v2\/pages"}],"about":[{"href":"https:\/\/caringsunshine.com\/es\/wp-json\/wp\/v2\/types\/page"}],"author":[{"embeddable":true,"href":"https:\/\/caringsunshine.com\/es\/wp-json\/wp\/v2\/users\/1"}],"replies":[{"embeddable":true,"href":"https:\/\/caringsunshine.com\/es\/wp-json\/wp\/v2\/comments?post=6021"}],"version-history":[{"count":1,"href":"https:\/\/caringsunshine.com\/es\/wp-json\/wp\/v2\/pages\/6021\/revisions"}],"predecessor-version":[{"id":3261213,"href":"https:\/\/caringsunshine.com\/es\/wp-json\/wp\/v2\/pages\/6021\/revisions\/3261213"}],"wp:attachment":[{"href":"https:\/\/caringsunshine.com\/es\/wp-json\/wp\/v2\/media?parent=6021"}],"wp:term":[{"taxonomy":"rapid","embeddable":true,"href":"https:\/\/caringsunshine.com\/es\/wp-json\/wp\/v2\/rapid?post=6021"}],"curies":[{"name":"wp","href":"https:\/\/api.w.org\/{rel}","templated":true}]}}