{"id":6019,"date":"2015-10-02T15:30:07","date_gmt":"2015-10-02T15:30:07","guid":{"rendered":"https:\/\/caringsunshine.com\/?page_id=6019"},"modified":"2024-05-18T12:30:41","modified_gmt":"2024-05-18T19:30:41","slug":"silvershield","status":"publish","type":"page","link":"https:\/\/caringsunshine.com\/es\/silvershield\/","title":{"rendered":"Silvershield"},"content":{"rendered":"<p>Nature's Sunshine SilverShield (Escudo de Plata) es un producto de plata coloidal utilizado para una variedad de usos. <a href=\"https:\/\/caringsunshine.com\/es\/supplements\/NaturesSunshine\/products\/silver-shield-aqua-sol.aspx\/\">Conozca m\u00e1s sobre SilverShield y adqui\u00e9ralo aqu\u00ed<\/a>.<\/p>","protected":false},"excerpt":{"rendered":"<p>Nature's Sunshine SilverShield (Escudo de Plata) es un producto de plata coloidal utilizado para una variedad de usos. Obtenga m\u00e1s informaci\u00f3n sobre SilverShield y c\u00f3mprelo aqu\u00ed.<\/p>","protected":false},"author":1,"featured_media":0,"parent":0,"menu_order":0,"comment_status":"open","ping_status":"closed","template":"page-blank-title-center.php","meta":{"_acf_changed":false,"footnotes":""},"rapid":[],"class_list":["post-6019","page","type-page","status-publish","hentry"],"acf":[],"_links":{"self":[{"href":"https:\/\/caringsunshine.com\/es\/wp-json\/wp\/v2\/pages\/6019","targetHints":{"allow":["GET"]}}],"collection":[{"href":"https:\/\/caringsunshine.com\/es\/wp-json\/wp\/v2\/pages"}],"about":[{"href":"https:\/\/caringsunshine.com\/es\/wp-json\/wp\/v2\/types\/page"}],"author":[{"embeddable":true,"href":"https:\/\/caringsunshine.com\/es\/wp-json\/wp\/v2\/users\/1"}],"replies":[{"embeddable":true,"href":"https:\/\/caringsunshine.com\/es\/wp-json\/wp\/v2\/comments?post=6019"}],"version-history":[{"count":2,"href":"https:\/\/caringsunshine.com\/es\/wp-json\/wp\/v2\/pages\/6019\/revisions"}],"predecessor-version":[{"id":3264988,"href":"https:\/\/caringsunshine.com\/es\/wp-json\/wp\/v2\/pages\/6019\/revisions\/3264988"}],"wp:attachment":[{"href":"https:\/\/caringsunshine.com\/es\/wp-json\/wp\/v2\/media?parent=6019"}],"wp:term":[{"taxonomy":"rapid","embeddable":true,"href":"https:\/\/caringsunshine.com\/es\/wp-json\/wp\/v2\/rapid?post=6019"}],"curies":[{"name":"wp","href":"https:\/\/api.w.org\/{rel}","templated":true}]}}