{"id":6017,"date":"2015-10-02T15:29:40","date_gmt":"2015-10-02T15:29:40","guid":{"rendered":"https:\/\/caringsunshine.com\/?page_id=6017"},"modified":"2024-05-11T07:18:32","modified_gmt":"2024-05-11T14:18:32","slug":"naturessunshine","status":"publish","type":"page","link":"https:\/\/caringsunshine.com\/es\/naturessunshine\/","title":{"rendered":"Naturessunshine"},"content":{"rendered":"<p>Naturessunshine (Nature's Sunshine) es una empresa de suplementos que lleva m\u00e1s de cuatro d\u00e9cadas vendiendo productos nutricionales de la mejor calidad. Conozca m\u00e1s sobre la <a href=\"https:\/\/caringsunshine.com\/es\/products-a-z\/\">productos<\/a> y el <a href=\"https:\/\/caringsunshine.com\/es\/about\/\">proceso<\/a>.<\/p>","protected":false},"excerpt":{"rendered":"<p>Naturessunshine (Nature's Sunshine) es una empresa de suplementos que lleva m\u00e1s de cuatro d\u00e9cadas vendiendo productos nutricionales de la mejor calidad. Conozca m\u00e1s sobre los productos y el proceso.<\/p>","protected":false},"author":1,"featured_media":0,"parent":0,"menu_order":0,"comment_status":"open","ping_status":"closed","template":"page-blank-title-center.php","meta":{"_acf_changed":false,"footnotes":""},"rapid":[],"class_list":["post-6017","page","type-page","status-publish","hentry"],"acf":[],"_links":{"self":[{"href":"https:\/\/caringsunshine.com\/es\/wp-json\/wp\/v2\/pages\/6017","targetHints":{"allow":["GET"]}}],"collection":[{"href":"https:\/\/caringsunshine.com\/es\/wp-json\/wp\/v2\/pages"}],"about":[{"href":"https:\/\/caringsunshine.com\/es\/wp-json\/wp\/v2\/types\/page"}],"author":[{"embeddable":true,"href":"https:\/\/caringsunshine.com\/es\/wp-json\/wp\/v2\/users\/1"}],"replies":[{"embeddable":true,"href":"https:\/\/caringsunshine.com\/es\/wp-json\/wp\/v2\/comments?post=6017"}],"version-history":[{"count":1,"href":"https:\/\/caringsunshine.com\/es\/wp-json\/wp\/v2\/pages\/6017\/revisions"}],"predecessor-version":[{"id":3262450,"href":"https:\/\/caringsunshine.com\/es\/wp-json\/wp\/v2\/pages\/6017\/revisions\/3262450"}],"wp:attachment":[{"href":"https:\/\/caringsunshine.com\/es\/wp-json\/wp\/v2\/media?parent=6017"}],"wp:term":[{"taxonomy":"rapid","embeddable":true,"href":"https:\/\/caringsunshine.com\/es\/wp-json\/wp\/v2\/rapid?post=6017"}],"curies":[{"name":"wp","href":"https:\/\/api.w.org\/{rel}","templated":true}]}}