{"id":6015,"date":"2015-10-02T15:29:20","date_gmt":"2015-10-02T15:29:20","guid":{"rendered":"https:\/\/caringsunshine.com\/?page_id=6015"},"modified":"2024-05-11T07:18:25","modified_gmt":"2024-05-11T14:18:25","slug":"clean-start","status":"publish","type":"page","link":"https:\/\/caringsunshine.com\/es\/clean-start\/","title":{"rendered":"CleanStart"},"content":{"rendered":"<p>Nature's Sunshine Clean Start (CleanStart) es una limpieza digestiva de 14 d\u00edas para personas que luchan con problemas digestivos como gases e hinchaz\u00f3n. Clean Start viene en m\u00faltiples sabores y es <a href=\"https:\/\/caringsunshine.com\/es\/supplements\/NaturesSunshine\/products\/cleanstart.aspx\/\">disponible aqu\u00ed<\/a>.<\/p>","protected":false},"excerpt":{"rendered":"<p>Nature's Sunshine Clean Start (CleanStart) es una limpieza digestiva de 14 d\u00edas para personas que luchan con problemas digestivos como gases e hinchaz\u00f3n. Clean Start viene en m\u00faltiples sabores y est\u00e1 disponible aqu\u00ed.<\/p>","protected":false},"author":1,"featured_media":0,"parent":0,"menu_order":0,"comment_status":"open","ping_status":"closed","template":"page-blank-title-center.php","meta":{"_acf_changed":false,"footnotes":""},"rapid":[],"class_list":["post-6015","page","type-page","status-publish","hentry"],"acf":[],"_links":{"self":[{"href":"https:\/\/caringsunshine.com\/es\/wp-json\/wp\/v2\/pages\/6015","targetHints":{"allow":["GET"]}}],"collection":[{"href":"https:\/\/caringsunshine.com\/es\/wp-json\/wp\/v2\/pages"}],"about":[{"href":"https:\/\/caringsunshine.com\/es\/wp-json\/wp\/v2\/types\/page"}],"author":[{"embeddable":true,"href":"https:\/\/caringsunshine.com\/es\/wp-json\/wp\/v2\/users\/1"}],"replies":[{"embeddable":true,"href":"https:\/\/caringsunshine.com\/es\/wp-json\/wp\/v2\/comments?post=6015"}],"version-history":[{"count":1,"href":"https:\/\/caringsunshine.com\/es\/wp-json\/wp\/v2\/pages\/6015\/revisions"}],"predecessor-version":[{"id":3262449,"href":"https:\/\/caringsunshine.com\/es\/wp-json\/wp\/v2\/pages\/6015\/revisions\/3262449"}],"wp:attachment":[{"href":"https:\/\/caringsunshine.com\/es\/wp-json\/wp\/v2\/media?parent=6015"}],"wp:term":[{"taxonomy":"rapid","embeddable":true,"href":"https:\/\/caringsunshine.com\/es\/wp-json\/wp\/v2\/rapid?post=6015"}],"curies":[{"name":"wp","href":"https:\/\/api.w.org\/{rel}","templated":true}]}}