{"id":6013,"date":"2015-10-02T15:28:45","date_gmt":"2015-10-02T15:28:45","guid":{"rendered":"https:\/\/caringsunshine.com\/?page_id=6013"},"modified":"2024-05-11T07:18:06","modified_gmt":"2024-05-11T14:18:06","slug":"natural-sunshine","status":"publish","type":"page","link":"https:\/\/caringsunshine.com\/es\/natural-sunshine\/","title":{"rendered":"Sol natural"},"content":{"rendered":"<p>Los productos de Natural Sunshine (Nature's Sunshine) han estado disponibles para el p\u00fablico durante m\u00e1s de cuatro d\u00e9cadas y representan la mejor calidad en la industria de los suplementos nutricionales. CaringSunshine se enorgullece de ofrecer todos los productos de Natural Sunshine a precios al por mayor con un env\u00edo r\u00e1pido y econ\u00f3mico y un gran servicio al cliente.<\/p>","protected":false},"excerpt":{"rendered":"<p>Los productos de Natural Sunshine (Nature's Sunshine) han estado disponibles para el p\u00fablico durante m\u00e1s de cuatro d\u00e9cadas y representan la mejor calidad en la industria de los suplementos nutricionales. CaringSunshine se enorgullece de ofrecer todos los productos de Natural Sunshine a precios al por mayor con un env\u00edo r\u00e1pido y econ\u00f3mico y un gran servicio al cliente.<\/p>","protected":false},"author":1,"featured_media":0,"parent":0,"menu_order":0,"comment_status":"open","ping_status":"closed","template":"page-blank-title-center.php","meta":{"_acf_changed":false,"footnotes":""},"rapid":[],"class_list":["post-6013","page","type-page","status-publish","hentry"],"acf":[],"_links":{"self":[{"href":"https:\/\/caringsunshine.com\/es\/wp-json\/wp\/v2\/pages\/6013","targetHints":{"allow":["GET"]}}],"collection":[{"href":"https:\/\/caringsunshine.com\/es\/wp-json\/wp\/v2\/pages"}],"about":[{"href":"https:\/\/caringsunshine.com\/es\/wp-json\/wp\/v2\/types\/page"}],"author":[{"embeddable":true,"href":"https:\/\/caringsunshine.com\/es\/wp-json\/wp\/v2\/users\/1"}],"replies":[{"embeddable":true,"href":"https:\/\/caringsunshine.com\/es\/wp-json\/wp\/v2\/comments?post=6013"}],"version-history":[{"count":1,"href":"https:\/\/caringsunshine.com\/es\/wp-json\/wp\/v2\/pages\/6013\/revisions"}],"predecessor-version":[{"id":3262448,"href":"https:\/\/caringsunshine.com\/es\/wp-json\/wp\/v2\/pages\/6013\/revisions\/3262448"}],"wp:attachment":[{"href":"https:\/\/caringsunshine.com\/es\/wp-json\/wp\/v2\/media?parent=6013"}],"wp:term":[{"taxonomy":"rapid","embeddable":true,"href":"https:\/\/caringsunshine.com\/es\/wp-json\/wp\/v2\/rapid?post=6013"}],"curies":[{"name":"wp","href":"https:\/\/api.w.org\/{rel}","templated":true}]}}