{"id":6011,"date":"2015-10-02T15:27:59","date_gmt":"2015-10-02T15:27:59","guid":{"rendered":"https:\/\/caringsunshine.com\/?page_id=6011"},"modified":"2024-05-11T07:17:58","modified_gmt":"2024-05-11T14:17:58","slug":"natures-sunshine-products","status":"publish","type":"page","link":"https:\/\/caringsunshine.com\/es\/natures-sunshine-products\/","title":{"rendered":"Productos de Nature's Sunshine"},"content":{"rendered":"<p>Los productos de Nature's Sunshine han estado disponibles para el p\u00fablico durante m\u00e1s de cuarenta a\u00f1os. Con sede en Utah, Nature's Sunshine ofrece una calidad inigualable a los consumidores con cientos de formulaciones personalizadas disponibles. Para encontrar productos para usted y su familia, visite las categor\u00edas individuales a la izquierda o vea la lista completa de todos <a href=\"https:\/\/caringsunshine.com\/es\/products-a-z\/\">Productos de Nature's Sunshine<\/a>.<\/p>","protected":false},"excerpt":{"rendered":"<p>Los productos de Nature's Sunshine han estado disponibles para el p\u00fablico durante m\u00e1s de cuarenta a\u00f1os. Con sede en Utah, Nature's Sunshine ofrece una calidad inigualable a los consumidores con cientos de f\u00f3rmulas personalizadas disponibles. Para encontrar productos para usted y su familia, visite las categor\u00edas individuales a la izquierda o vea la lista completa de todos los productos Nature's Sunshine.<\/p>","protected":false},"author":1,"featured_media":0,"parent":0,"menu_order":0,"comment_status":"open","ping_status":"closed","template":"page-blank-title-center.php","meta":{"_acf_changed":false,"footnotes":""},"rapid":[],"class_list":["post-6011","page","type-page","status-publish","hentry"],"acf":[],"_links":{"self":[{"href":"https:\/\/caringsunshine.com\/es\/wp-json\/wp\/v2\/pages\/6011","targetHints":{"allow":["GET"]}}],"collection":[{"href":"https:\/\/caringsunshine.com\/es\/wp-json\/wp\/v2\/pages"}],"about":[{"href":"https:\/\/caringsunshine.com\/es\/wp-json\/wp\/v2\/types\/page"}],"author":[{"embeddable":true,"href":"https:\/\/caringsunshine.com\/es\/wp-json\/wp\/v2\/users\/1"}],"replies":[{"embeddable":true,"href":"https:\/\/caringsunshine.com\/es\/wp-json\/wp\/v2\/comments?post=6011"}],"version-history":[{"count":1,"href":"https:\/\/caringsunshine.com\/es\/wp-json\/wp\/v2\/pages\/6011\/revisions"}],"predecessor-version":[{"id":3262447,"href":"https:\/\/caringsunshine.com\/es\/wp-json\/wp\/v2\/pages\/6011\/revisions\/3262447"}],"wp:attachment":[{"href":"https:\/\/caringsunshine.com\/es\/wp-json\/wp\/v2\/media?parent=6011"}],"wp:term":[{"taxonomy":"rapid","embeddable":true,"href":"https:\/\/caringsunshine.com\/es\/wp-json\/wp\/v2\/rapid?post=6011"}],"curies":[{"name":"wp","href":"https:\/\/api.w.org\/{rel}","templated":true}]}}