{"id":5394,"date":"2015-08-15T05:23:04","date_gmt":"2015-08-15T05:23:04","guid":{"rendered":"https:\/\/caringsunshine.com\/?page_id=5394"},"modified":"2026-04-18T21:01:21","modified_gmt":"2026-04-19T04:01:21","slug":"weeklyspecials","status":"publish","type":"page","link":"https:\/\/caringsunshine.com\/es\/weeklyspecials\/","title":{"rendered":"Especiales"},"content":{"rendered":"<div id=\"gap-882791266\" class=\"gap-element clearfix\" style=\"display:block; height:auto;\">\n\t\t\n<style>\n#gap-882791266 {\n  padding-top: 30px;\n}\n<\/style>\n\t<\/div>\n\t\n<div class=\"row\"  id=\"row-343435590\">\n\n\t<div id=\"col-571284386\" class=\"col small-12 large-12\"  >\n\t\t\t\t<div class=\"col-inner\"  >\n\t\t\t\n\t\t\t\n<h2>Env\u00edo gratuito en todos los pedidos superiores a $75.<\/h2>\n\t\t<\/div>\n\t\t\t\t\t<\/div>\n\n\t\n<\/div>\n\n<div class=\"is-divider divider clearfix\" style=\"max-width:100%;\"><\/div>\n<div class=\"row\"  id=\"row-786284994\">\n\n<\/div>\n<div class=\"row\"  id=\"row-2033985143\">\n\n<\/div>\n<div class=\"row\"  id=\"row-203417765\">\n\n\t<div id=\"col-990061212\" class=\"col small-12 large-12\"  >\n\t\t\t\t<div class=\"col-inner\"  >\n\t\t\t\n\t\t\t\n<h2>Otras ofertas<\/h2>\n\t\n  \n    <div class=\"row large-columns-4 medium-columns-3 small-columns-2 row-small\" >\n  \n\t     <div class=\"product-small col has-hover product type-product post-2747977 status-publish first instock product_cat-children product_cat-allergy-immune product_cat-joints-bones product_cat-ingredient-citric-acid product_cat-ingredient-elderberry product_cat-ingredient-vitamin-c product_cat-ingredient-zinc product_cat-respiratory product_tag-gluten-free product_tag-non-dairy product_tag-non-gmo product_tag-soy-free product_tag-vegan has-post-thumbnail sale taxable shipping-taxable purchasable product-type-simple\">\n\t<div class=\"col-inner\">\n\t\n<div class=\"badge-container absolute left top z-1\">\n\n<\/div>\n\t<div class=\"product-small box\">\n\t\t<div class=\"box-image\">\n\t\t\t<div class=\"image-zoom\">\n\t\t\t\t<a href=\"https:\/\/caringsunshine.com\/es\/supplements\/NaturesSunshine\/products\/childrens-elderberry-immune-new-formula.aspx\/\">\n\t\t\t\t\t<img decoding=\"async\" width=\"300\" height=\"300\" src=\"https:\/\/caringsunshine.com\/wp-content\/uploads\/2020\/06\/22540_KIDS_ELDER_GUMMY_1500x1500-300x300.png\" class=\"attachment-woocommerce_thumbnail size-woocommerce_thumbnail\" alt=\"Nature&#039;s Sunshine Children&#039;s Elderberry Immune\" srcset=\"https:\/\/caringsunshine.com\/wp-content\/uploads\/2020\/06\/22540_KIDS_ELDER_GUMMY_1500x1500-300x300.png 300w, https:\/\/caringsunshine.com\/wp-content\/uploads\/2020\/06\/22540_KIDS_ELDER_GUMMY_1500x1500-800x800.png 800w, https:\/\/caringsunshine.com\/wp-content\/uploads\/2020\/06\/22540_KIDS_ELDER_GUMMY_1500x1500-340x340.png 340w, https:\/\/caringsunshine.com\/wp-content\/uploads\/2020\/06\/22540_KIDS_ELDER_GUMMY_1500x1500-768x768.png 768w, https:\/\/caringsunshine.com\/wp-content\/uploads\/2020\/06\/22540_KIDS_ELDER_GUMMY_1500x1500-150x150.png 150w, https:\/\/caringsunshine.com\/wp-content\/uploads\/2020\/06\/22540_KIDS_ELDER_GUMMY_1500x1500-100x100.png 100w, https:\/\/caringsunshine.com\/wp-content\/uploads\/2020\/06\/22540_KIDS_ELDER_GUMMY_1500x1500-60x60.png 60w, https:\/\/caringsunshine.com\/wp-content\/uploads\/2020\/06\/22540_KIDS_ELDER_GUMMY_1500x1500.png 1500w\" sizes=\"(max-width: 300px) 100vw, 300px\" \/>\t\t\t\t<\/a>\n\t\t\t<\/div>\n\t\t\t<div class=\"image-tools is-small top right show-on-hover\">\n\t\t\t\t\t\t\t<\/div>\n\t\t\t<div class=\"image-tools is-small hide-for-small bottom left show-on-hover\">\n\t\t\t\t\t\t\t<\/div>\n\t\t\t<div class=\"image-tools grid-tools text-center hide-for-small bottom hover-slide-in show-on-hover\">\n\t\t\t\t\t\t\t<\/div>\n\t\t\t\t\t<\/div>\n\n\t\t<div class=\"box-text box-text-products\">\n\t\t\t<div class=\"title-wrapper\"><p class=\"name product-title woocommerce-loop-product__title\" data-no-translation=\"\"><a href=\"https:\/\/caringsunshine.com\/es\/supplements\/NaturesSunshine\/products\/childrens-elderberry-immune-new-formula.aspx\/\" class=\"woocommerce-LoopProduct-link woocommerce-loop-product__link\">Children&#8217;s Elderberry Immune<\/a><\/p><\/div><div class=\"price-wrapper\"><div class=\"jdgm-widget jdgm-preview-badge\" data-id=\"2747977\"><div class=\"jdgm-prev-badge\"><div class=\"jdgm-prev-badge__stars\"><div class=\"jdgm-stars\"><span class=\"jdgm-star jdgm-star--full\">\u2605<\/span><span class=\"jdgm-star jdgm-star--full\">\u2605<\/span><span class=\"jdgm-star jdgm-star--full\">\u2605<\/span><span class=\"jdgm-star jdgm-star--full\">\u2605<\/span><span class=\"jdgm-star jdgm-star--partial\" style=\"background: linear-gradient(90deg, currentColor 86%, #ddd 86%); -webkit-background-clip: text; -webkit-text-fill-color: transparent; background-clip: text;\">\u2605<\/span><\/div><\/div><\/div><\/div>\n\t<span class=\"price\"><del aria-hidden=\"true\"><span class=\"woocommerce-Price-amount amount\"><bdi><span class=\"woocommerce-Price-currencySymbol\">&#36;<\/span>26.85<\/bdi><\/span><\/del> <span class=\"screen-reader-text\">Original price was: &#036;26.85.<\/span><ins aria-hidden=\"true\"><span class=\"woocommerce-Price-amount amount\"><bdi><span class=\"woocommerce-Price-currencySymbol\">&#36;<\/span>20.10<\/bdi><\/span><\/ins><span class=\"screen-reader-text\">Current price is: &#036;20.10.<\/span><\/span>\n<\/div>\t\t<\/div>\n\t<\/div>\n\t\t\t\t<input type=\"hidden\" class=\"wpmProductId\" data-id=\"2747977\">\n\t\t\t\t\t<script>\n\t\t\t(window.wpmDataLayer = window.wpmDataLayer || {}).products                = window.wpmDataLayer.products || {};\n\t\t\twindow.wpmDataLayer.products[2747977] = {\"id\":\"2747977\",\"sku\":\"23801\",\"price\":20.1,\"brand\":\"\",\"quantity\":1,\"dyn_r_ids\":{\"post_id\":\"2747977\",\"sku\":\"23801\",\"gpf\":\"woocommerce_gpf_2747977\",\"gla\":\"gla_2747977\"},\"is_variable\":false,\"type\":\"simple\",\"name\":\"Children's Elderberry Immune\",\"category\":[\"Children\",\"Immune System\",\"Joint \/ Bone Health\",\"Products containing citric acid\",\"Products containing elderberry\",\"Products containing vitamin C\",\"Products containing Zinc\",\"Respiratory System\"],\"is_variation\":false};\n\t\t\t\t\twindow.pmw_product_position = window.pmw_product_position || 1;\n\t\twindow.wpmDataLayer.products[2747977]['position'] = window.pmw_product_position++;\n\t\t\t\t<\/script>\n\t\t\t<\/div>\n<\/div><\/div>\n\t\t<\/div>\n\t\t\t\t\t<\/div>\n\n\t\n<\/div>\n<div class=\"is-divider divider clearfix\" style=\"max-width:100%;\"><\/div>\n<div class=\"row\"  id=\"row-137883405\">\n\n\t<div id=\"col-258840866\" class=\"col small-12 large-12\"  >\n\t\t\t\t<div class=\"col-inner\"  >\n\t\t\t\n\t\t\t\n<h2>Mant\u00e9ngase en contacto.<\/h2>\n<p>Nature's Sunshine tiene ofertas especiales constantemente, pero el horario es diferente a \u00e9l de antes. Mira esta p\u00e1gina con atenci\u00f3n o inscr\u00edbete abajo para recibir correos electr\u00f3nicos autom\u00e1ticos cuando se a\u00f1aden especiales.<\/p>\n<p>\u00a1No se pierda las ofertas futuras! Entra su direcci\u00f3n de correo electr\u00f3nico y recibir\u00e1s un correo electr\u00f3nico a la semana con las ofertas actuales.<\/p>\n<script type=\"text\/javascript\">\n\/* <![CDATA[ *\/\nvar gform;gform||(document.addEventListener(\"gform_main_scripts_loaded\",function(){gform.scriptsLoaded=!0}),document.addEventListener(\"gform\/theme\/scripts_loaded\",function(){gform.themeScriptsLoaded=!0}),window.addEventListener(\"DOMContentLoaded\",function(){gform.domLoaded=!0}),gform={domLoaded:!1,scriptsLoaded:!1,themeScriptsLoaded:!1,isFormEditor:()=>\"function\"==typeof InitializeEditor,callIfLoaded:function(o){return!(!gform.domLoaded||!gform.scriptsLoaded||!gform.themeScriptsLoaded&&!gform.isFormEditor()||(gform.isFormEditor()&&console.warn(\"The use of gform.initializeOnLoaded() is deprecated in the form editor context and will be removed in Gravity Forms 3.1.\"),o(),0))},initializeOnLoaded:function(o){gform.callIfLoaded(o)||(document.addEventListener(\"gform_main_scripts_loaded\",()=>{gform.scriptsLoaded=!0,gform.callIfLoaded(o)}),document.addEventListener(\"gform\/theme\/scripts_loaded\",()=>{gform.themeScriptsLoaded=!0,gform.callIfLoaded(o)}),window.addEventListener(\"DOMContentLoaded\",()=>{gform.domLoaded=!0,gform.callIfLoaded(o)}))},hooks:{action:{},filter:{}},addAction:function(o,r,e,t){gform.addHook(\"action\",o,r,e,t)},addFilter:function(o,r,e,t){gform.addHook(\"filter\",o,r,e,t)},doAction:function(o){gform.doHook(\"action\",o,arguments)},applyFilters:function(o){return gform.doHook(\"filter\",o,arguments)},removeAction:function(o,r){gform.removeHook(\"action\",o,r)},removeFilter:function(o,r,e){gform.removeHook(\"filter\",o,r,e)},addHook:function(o,r,e,t,n){null==gform.hooks[o][r]&&(gform.hooks[o][r]=[]);var d=gform.hooks[o][r];null==n&&(n=r+\"_\"+d.length),gform.hooks[o][r].push({tag:n,callable:e,priority:t=null==t?10:t})},doHook:function(r,o,e){var t;if(e=Array.prototype.slice.call(e,1),null!=gform.hooks[r][o]&&((o=gform.hooks[r][o]).sort(function(o,r){return o.priority-r.priority}),o.forEach(function(o){\"function\"!=typeof(t=o.callable)&&(t=window[t]),\"action\"==r?t.apply(null,e):e[0]=t.apply(null,e)})),\"filter\"==r)return e[0]},removeHook:function(o,r,t,n){var e;null!=gform.hooks[o][r]&&(e=(e=gform.hooks[o][r]).filter(function(o,r,e){return!!(null!=n&&n!=o.tag||null!=t&&t!=o.priority)}),gform.hooks[o][r]=e)}});\n\/* ]]> *\/\n<\/script>\n\n                <div class='gf_browser_gecko gform_wrapper gform_legacy_markup_wrapper gform-theme--no-framework gf_simple_horizontal_wrapper' data-form-theme='legacy' data-form-index='0' id='gform_wrapper_4' ><form method='post' enctype='multipart\/form-data'  id='gform_4' class='gf_simple_horizontal' action='\/es\/wp-json\/wp\/v2\/pages\/5394' data-formid='4' novalidate data-trp-original-action=\"\/es\/wp-json\/wp\/v2\/pages\/5394\">\t\t\t\t\t<div style=\"display: none !important;\" class=\"akismet-fields-container gf_invisible\" data-prefix=\"ak_\">\n\t\t\t\t\t\t<label>&#916;<textarea name=\"ak_hp_textarea\" cols=\"45\" rows=\"8\" maxlength=\"100\"><\/textarea><\/label>\n\t\t\t\t\t\t<input type=\"hidden\" id=\"ak_js_1\" name=\"ak_js\" value=\"54\" \/>\n\t\t\t\t\t\t<script type=\"text\/javascript\">\n\/* <![CDATA[ *\/\ndocument.getElementById( \"ak_js_1\" ).setAttribute( \"value\", ( new Date() ).getTime() );\n\/* ]]> *\/\n<\/script>\n\n\t\t\t\t\t<\/div>\n                        <div class='gform-body gform_body'><ul id='gform_fields_4' class='gform_fields top_label form_sublabel_below description_below validation_below'><li id=\"field_4_2\" class=\"gfield gfield--type-email gfield--input-type-email gf_inline field_sublabel_below gfield--no-description field_description_below field_validation_below gfield_visibility_visible\"  ><label class='gfield_label gform-field-label screen-reader-text' for='input_4_2'>Correo electr\u00f3nico<\/label><div class='ginput_container ginput_container_email'>\n                            <input name='input_2' id='input_4_2' type='email' value='' class='large'   placeholder='Correo electr\u00f3nico'  aria-invalid=\"false\"  \/>\n                        <\/div><\/li><li id=\"field_4_3\" class=\"gfield gfield--type-captcha gfield--input-type-captcha gfield--width-full field_sublabel_below gfield--no-description field_description_below hidden_label field_validation_below gfield_visibility_visible\"  ><label class='gfield_label gform-field-label' for='input_4_3'>CAPTCHA<\/label><div id='input_4_3' class='ginput_container ginput_recaptcha' data-sitekey='6LcHJ6ErAAAAABSHnN0kUxnvYZQmu5xG7y3atwTs'  data-theme='light' data-tabindex='-1' data-size='invisible' data-badge='bottomright'><\/div><\/li><\/ul><\/div>\n        <div class='gform-footer gform_footer top_label'> <input type='submit' id='gform_submit_button_4' class='gform_button button' onclick='gform.submission.handleButtonClick(this);' data-submission-type='submit' value='Enviar'  \/> \n            <input type='hidden' class='gform_hidden' name='gform_submission_method' data-js='gform_submission_method_4' value='postback' \/>\n            <input type='hidden' class='gform_hidden' name='gform_theme' data-js='gform_theme_4' id='gform_theme_4' value='legacy' \/>\n            <input type='hidden' class='gform_hidden' name='gform_style_settings' data-js='gform_style_settings_4' id='gform_style_settings_4' value='[]' \/>\n            <input type='hidden' class='gform_hidden' name='is_submit_4' value='1' \/>\n            <input type='hidden' class='gform_hidden' name='gform_submit' value='4' \/>\n            \n            <input type='hidden' class='gform_hidden' name='gform_unique_id' value='' \/>\n            <input type='hidden' class='gform_hidden' name='state_4' value='WyJbXSIsImMxYmQzMzZjOTIxOGE4NjFjYmVjNjVkYjg5MWZmNjkzIl0=' \/>\n            <input type='hidden' autocomplete='off' class='gform_hidden' name='gform_target_page_number_4' id='gform_target_page_number_4' value='0' \/>\n            <input type='hidden' autocomplete='off' class='gform_hidden' name='gform_source_page_number_4' id='gform_source_page_number_4' value='1' \/>\n            <input type='hidden' name='gform_field_values' value='' \/>\n            \n        <\/div>\n                        <input type=\"hidden\" name=\"trp-form-language\" value=\"es\"\/><\/form>\n                        <\/div><script type=\"text\/javascript\">\n\/* <![CDATA[ *\/\n gform.initializeOnLoaded( function() {gformInitSpinner( 4, 'https:\/\/caringsunshine.com\/wp-content\/plugins\/gravityforms\/images\/spinner.svg', true );jQuery('#gform_ajax_frame_4').on('load',function(){var contents = jQuery(this).contents().find('*').html();var is_postback = contents.indexOf('GF_AJAX_POSTBACK') >= 0;if(!is_postback){return;}var form_content = jQuery(this).contents().find('#gform_wrapper_4');var is_confirmation = jQuery(this).contents().find('#gform_confirmation_wrapper_4').length > 0;var is_redirect = contents.indexOf('gformRedirect(){') >= 0;var is_form = form_content.length > 0 && ! is_redirect && ! is_confirmation;var mt = parseInt(jQuery('html').css('margin-top'), 10) + parseInt(jQuery('body').css('margin-top'), 10) + 100;if(is_form){jQuery('#gform_wrapper_4').html(form_content.html());if(form_content.hasClass('gform_validation_error')){jQuery('#gform_wrapper_4').addClass('gform_validation_error');} else {jQuery('#gform_wrapper_4').removeClass('gform_validation_error');}setTimeout( function() { \/* delay the scroll by 50 milliseconds to fix a bug in chrome *\/  }, 50 );if(window['gformInitDatepicker']) {gformInitDatepicker();}if(window['gformInitPriceFields']) {gformInitPriceFields();}var current_page = jQuery('#gform_source_page_number_4').val();gformInitSpinner( 4, 'https:\/\/caringsunshine.com\/wp-content\/plugins\/gravityforms\/images\/spinner.svg', true );jQuery(document).trigger('gform_page_loaded', [4, current_page]);window['gf_submitting_4'] = false;}else if(!is_redirect){var confirmation_content = jQuery(this).contents().find('.GF_AJAX_POSTBACK').html();if(!confirmation_content){confirmation_content = contents;}jQuery('#gform_wrapper_4').replaceWith(confirmation_content);jQuery(document).trigger('gform_confirmation_loaded', [4]);window['gf_submitting_4'] = false;wp.a11y.speak(jQuery('#gform_confirmation_message_4').text());}else{jQuery('#gform_4').append(contents);if(window['gformRedirect']) {gformRedirect();}}jQuery(document).trigger(\"gform_pre_post_render\", [{ formId: \"4\", currentPage: \"current_page\", abort: function() { this.preventDefault(); } }]);        if (event && event.defaultPrevented) {                return;        }        const gformWrapperDiv = document.getElementById( \"gform_wrapper_4\" );        if ( gformWrapperDiv ) {            const visibilitySpan = document.createElement( \"span\" );            visibilitySpan.id = \"gform_visibility_test_4\";            gformWrapperDiv.insertAdjacentElement( \"afterend\", visibilitySpan );        }        const visibilityTestDiv = document.getElementById( \"gform_visibility_test_4\" );        let postRenderFired = false;        function triggerPostRender() {            if ( postRenderFired ) {                return;            }            postRenderFired = true;            gform.core.triggerPostRenderEvents( 4, current_page );            if ( visibilityTestDiv ) {                visibilityTestDiv.parentNode.removeChild( visibilityTestDiv );            }        }        function debounce( func, wait, immediate ) {            var timeout;            return function() {                var context = this, args = arguments;                var later = function() {                    timeout = null;                    if ( !immediate ) func.apply( context, args );                };                var callNow = immediate && !timeout;                clearTimeout( timeout );                timeout = setTimeout( later, wait );                if ( callNow ) func.apply( context, args );            };        }        const debouncedTriggerPostRender = debounce( function() {            triggerPostRender();        }, 200 );        if ( visibilityTestDiv && visibilityTestDiv.offsetParent === null ) {            const observer = new MutationObserver( ( mutations ) => {                mutations.forEach( ( mutation ) => {                    if ( mutation.type === 'attributes' && visibilityTestDiv.offsetParent !== null ) {                        debouncedTriggerPostRender();                        observer.disconnect();                    }                });            });            observer.observe( document.body, {                attributes: true,                childList: false,                subtree: true,                attributeFilter: [ 'style', 'class' ],            });        } else {            triggerPostRender();        }    } );} ); \n\/* ]]> *\/\n<\/script>\n\n\t\t<\/div>\n\t\t\t\t\t<\/div>\n\n\t\n<\/div>","protected":false},"excerpt":{"rendered":"","protected":false},"author":1,"featured_media":0,"parent":0,"menu_order":0,"comment_status":"closed","ping_status":"closed","template":"page-blank.php","meta":{"_acf_changed":false,"footnotes":""},"rapid":[],"class_list":["post-5394","page","type-page","status-publish","hentry"],"acf":[],"_links":{"self":[{"href":"https:\/\/caringsunshine.com\/es\/wp-json\/wp\/v2\/pages\/5394","targetHints":{"allow":["GET"]}}],"collection":[{"href":"https:\/\/caringsunshine.com\/es\/wp-json\/wp\/v2\/pages"}],"about":[{"href":"https:\/\/caringsunshine.com\/es\/wp-json\/wp\/v2\/types\/page"}],"author":[{"embeddable":true,"href":"https:\/\/caringsunshine.com\/es\/wp-json\/wp\/v2\/users\/1"}],"replies":[{"embeddable":true,"href":"https:\/\/caringsunshine.com\/es\/wp-json\/wp\/v2\/comments?post=5394"}],"version-history":[{"count":188,"href":"https:\/\/caringsunshine.com\/es\/wp-json\/wp\/v2\/pages\/5394\/revisions"}],"predecessor-version":[{"id":3659511,"href":"https:\/\/caringsunshine.com\/es\/wp-json\/wp\/v2\/pages\/5394\/revisions\/3659511"}],"wp:attachment":[{"href":"https:\/\/caringsunshine.com\/es\/wp-json\/wp\/v2\/media?parent=5394"}],"wp:term":[{"taxonomy":"rapid","embeddable":true,"href":"https:\/\/caringsunshine.com\/es\/wp-json\/wp\/v2\/rapid?post=5394"}],"curies":[{"name":"wp","href":"https:\/\/api.w.org\/{rel}","templated":true}]}}