{"id":5298,"date":"2015-03-08T20:51:42","date_gmt":"2015-03-08T20:51:42","guid":{"rendered":"http:\/\/trulysunshine.com\/?page_id=4396"},"modified":"2024-08-15T05:00:34","modified_gmt":"2024-08-15T12:00:34","slug":"about","status":"publish","type":"page","link":"https:\/\/caringsunshine.com\/es\/about\/","title":{"rendered":"Acerca de Nature's Sunshine"},"content":{"rendered":"<div class=\"img has-hover x md-x lg-x y md-y lg-y\" id=\"image_1833969367\">\n\t\t\t\t\t\t\t\t<div class=\"img-inner dark\" >\n\t\t\t<img decoding=\"async\" width=\"768\" height=\"512\" src=\"https:\/\/caringsunshine.com\/wp-content\/uploads\/2024\/04\/IMG_4499-2-768x512.jpg\" class=\"attachment-medium_large size-medium_large\" alt=\"Familia Howlett\" srcset=\"https:\/\/caringsunshine.com\/wp-content\/uploads\/2024\/04\/IMG_4499-2-768x512.jpg 768w, https:\/\/caringsunshine.com\/wp-content\/uploads\/2024\/04\/IMG_4499-2-800x534.jpg 800w, https:\/\/caringsunshine.com\/wp-content\/uploads\/2024\/04\/IMG_4499-2-18x12.jpg 18w, https:\/\/caringsunshine.com\/wp-content\/uploads\/2024\/04\/IMG_4499-2-300x200.jpg 300w, https:\/\/caringsunshine.com\/wp-content\/uploads\/2024\/04\/IMG_4499-2-64x43.jpg 64w, https:\/\/caringsunshine.com\/wp-content\/uploads\/2024\/04\/IMG_4499-2.jpg 1295w\" sizes=\"(max-width: 768px) 100vw, 768px\" \/>\t\t\t\t\t\t\n\t\t\t\t\t<\/div>\n\t\t\t\t\t\t\t\t\n<style>\n#image_1833969367 {\n  width: 100%;\n}\n<\/style>\n\t<\/div>\n\t\n\t<div id=\"gap-1295201472\" class=\"gap-element clearfix\" style=\"display:block; height:auto;\">\n\t\t\n<style>\n#gap-1295201472 {\n  padding-top: 10px;\n}\n<\/style>\n\t<\/div>\n\t\n<div class=\"row\"  id=\"row-1857346214\">\n\n\t<div id=\"col-215651938\" class=\"col small-12 large-12\"  >\n\t\t\t\t<div class=\"col-inner\"  >\n\t\t\t\n\t\t\t\n<h3>Sobre Caring Sunshine<\/h3>\n<p>Somos una empresa familiar con sede en Georgia. Lo creas o no, hemos estado vendiendo productos de Nature's Sunshine desde 1999. Los ni\u00f1os crecimos trabajando en nuestro primer peque\u00f1o almac\u00e9n de una habitaci\u00f3n en el s\u00f3tano y podemos recordar (a rega\u00f1adientes) empacar un pu\u00f1ado de pedidos cada ma\u00f1ana.<\/p>\n<p>Hoy en d\u00eda, pr\u00e1cticamente lo llevamos todo mientras hacemos malabarismos con la escuela y otras cosas.<\/p>\n<p>Les agradecemos a ustedes, nuestros clientes, su confianza en nosotros para atender sus necesidades durante los \u00faltimos a\u00f1os.<\/p>\n\t\t<\/div>\n\t\t\t\t\t<\/div>\n\n\t\n<\/div>\n<div class=\"row\"  id=\"row-60537133\">\n\n\t<div id=\"col-977137869\" class=\"col medium-6 small-12 large-6\"  >\n\t\t\t\t<div class=\"col-inner\"  >\n\t\t\t\n\t\t\t\n\t<div class=\"img has-hover x md-x lg-x y md-y lg-y\" id=\"image_44755668\">\n\t\t\t\t\t\t\t\t<div class=\"img-inner image-cover dark\" style=\"padding-top:75%;\">\n\t\t\t<img decoding=\"async\" width=\"379\" height=\"262\" src=\"https:\/\/caringsunshine.com\/wp-content\/uploads\/2024\/05\/Greg.jpeg\" class=\"attachment-large size-large\" alt=\"\" srcset=\"https:\/\/caringsunshine.com\/wp-content\/uploads\/2024\/05\/Greg.jpeg 379w, https:\/\/caringsunshine.com\/wp-content\/uploads\/2024\/05\/Greg-18x12.jpeg 18w, https:\/\/caringsunshine.com\/wp-content\/uploads\/2024\/05\/Greg-300x207.jpeg 300w, https:\/\/caringsunshine.com\/wp-content\/uploads\/2024\/05\/Greg-64x44.jpeg 64w\" sizes=\"(max-width: 379px) 100vw, 379px\" \/>\t\t\t\t\t\t\n\t\t\t\t\t<\/div>\n\t\t\t\t\t\t\t\t\n<style>\n#image_44755668 {\n  width: 100%;\n}\n<\/style>\n\t<\/div>\n\t\n\t\t<\/div>\n\t\t\t\t\t<\/div>\n\n\t\n\n\t<div id=\"col-1627471890\" class=\"col medium-6 small-12 large-6\"  >\n\t\t\t\t<div class=\"col-inner\"  >\n\t\t\t\n\t\t\t\n<h3>Greg Howlett<\/h3>\n<p>Nuestro padre, director general fundador y experto en comercio electr\u00f3nico desde hace mucho tiempo. Aunque nos ha dejado el d\u00eda a d\u00eda, es nuestro mentor y entrenador, y le pedimos ayuda en marketing y tecnolog\u00eda. Una vez al mes, m\u00e1s o menos, puede incluso poner un pie en uno de nuestros almacenes (no es que realmente haga algo cuando viene).<\/p>\n<p>Greg es un exitoso pianista de concierto y artista de grabaci\u00f3n, y su trabajo sigue siendo muy escuchado hoy en d\u00eda. <a href=\"https:\/\/www.youtube.com\/channel\/UC86q6x3lBd-MCrb5_u6XrCQ\" target=\"_blank\" rel=\"noopener\">Vea algo de su m\u00fasica aqu\u00ed.<\/a><\/p>\n\t\t<\/div>\n\t\t\t\t\n<style>\n#col-1627471890 > .col-inner {\n  padding: 0px 10px 0px 0px;\n}\n<\/style>\n\t<\/div>\n\n\t\n<\/div>\n<div class=\"row\"  id=\"row-1984148874\">\n\n\t<div id=\"col-821877504\" class=\"col medium-6 small-12 large-6\"  >\n\t\t\t\t<div class=\"col-inner\"  >\n\t\t\t\n\t\t\t\n\t<div class=\"img has-hover x md-x lg-x y md-y lg-y\" id=\"image_1431094286\">\n\t\t\t\t\t\t\t\t<div class=\"img-inner dark\" >\n\t\t\t<img decoding=\"async\" width=\"1020\" height=\"678\" src=\"https:\/\/caringsunshine.com\/wp-content\/uploads\/2024\/05\/WCIG-May-2024-Z6A_7271.jpg\" class=\"attachment-large size-large\" alt=\"Marla headshot\" srcset=\"https:\/\/caringsunshine.com\/wp-content\/uploads\/2024\/05\/WCIG-May-2024-Z6A_7271.jpg 1024w, https:\/\/caringsunshine.com\/wp-content\/uploads\/2024\/05\/WCIG-May-2024-Z6A_7271-800x532.jpg 800w, https:\/\/caringsunshine.com\/wp-content\/uploads\/2024\/05\/WCIG-May-2024-Z6A_7271-768x511.jpg 768w, https:\/\/caringsunshine.com\/wp-content\/uploads\/2024\/05\/WCIG-May-2024-Z6A_7271-18x12.jpg 18w, https:\/\/caringsunshine.com\/wp-content\/uploads\/2024\/05\/WCIG-May-2024-Z6A_7271-300x200.jpg 300w, https:\/\/caringsunshine.com\/wp-content\/uploads\/2024\/05\/WCIG-May-2024-Z6A_7271-64x43.jpg 64w\" sizes=\"(max-width: 1020px) 100vw, 1020px\" \/>\t\t\t\t\t\t\n\t\t\t\t\t<\/div>\n\t\t\t\t\t\t\t\t\n<style>\n#image_1431094286 {\n  width: 100%;\n}\n<\/style>\n\t<\/div>\n\t\n\t\t<\/div>\n\t\t\t\t\t<\/div>\n\n\t\n\n\t<div id=\"col-1929093029\" class=\"col medium-6 small-12 large-6\"  >\n\t\t\t\t<div class=\"col-inner\"  >\n\t\t\t\n\t\t\t\n<h3>Marla<\/h3>\n<p>Nuestra madre, ch\u00f3fer, encargada de hacer y llevar la comida, representante de atenci\u00f3n al cliente, trabajadora ocasional del almac\u00e9n y la que tiene que aguantar a Greg (durante m\u00e1s de 25 a\u00f1os).<\/p>\n\t\t<\/div>\n\t\t\t\t\n<style>\n#col-1929093029 > .col-inner {\n  padding: 0px 10px 0px 0px;\n}\n<\/style>\n\t<\/div>\n\n\t\n<\/div>\n<div class=\"row\"  id=\"row-550058048\">\n\n\t<div id=\"col-2146549605\" class=\"col medium-6 small-12 large-6\"  >\n\t\t\t\t<div class=\"col-inner\"  >\n\t\t\t\n\t\t\t\n\t<div class=\"img has-hover x md-x lg-x y md-y lg-y\" id=\"image_1609500979\">\n\t\t\t\t\t\t\t\t<div class=\"img-inner dark\" >\n\t\t\t<img decoding=\"async\" width=\"1020\" height=\"816\" src=\"https:\/\/caringsunshine.com\/wp-content\/uploads\/2024\/06\/Kelseyhead1.jpg\" class=\"attachment-large size-large\" alt=\"\" srcset=\"https:\/\/caringsunshine.com\/wp-content\/uploads\/2024\/06\/Kelseyhead1.jpg 1024w, https:\/\/caringsunshine.com\/wp-content\/uploads\/2024\/06\/Kelseyhead1-800x640.jpg 800w, https:\/\/caringsunshine.com\/wp-content\/uploads\/2024\/06\/Kelseyhead1-768x614.jpg 768w, https:\/\/caringsunshine.com\/wp-content\/uploads\/2024\/06\/Kelseyhead1-15x12.jpg 15w, https:\/\/caringsunshine.com\/wp-content\/uploads\/2024\/06\/Kelseyhead1-300x240.jpg 300w, https:\/\/caringsunshine.com\/wp-content\/uploads\/2024\/06\/Kelseyhead1-64x51.jpg 64w\" sizes=\"(max-width: 1020px) 100vw, 1020px\" \/>\t\t\t\t\t\t\n\t\t\t\t\t<\/div>\n\t\t\t\t\t\t\t\t\n<style>\n#image_1609500979 {\n  width: 100%;\n}\n<\/style>\n\t<\/div>\n\t\n\t\t<\/div>\n\t\t\t\t\t<\/div>\n\n\t\n\n\t<div id=\"col-1348271702\" class=\"col medium-6 small-12 large-6\"  >\n\t\t\t\t<div class=\"col-inner\"  >\n\t\t\t\n\t\t\t\n<h3>Kelsey<\/h3>\n<p>Kelsey, nuestra Directora de Operaciones, es responsable de dotar de personal a nuestros representantes de atenci\u00f3n al cliente y almacenes y de asegurarse de que hacen su trabajo con precisi\u00f3n y eficacia. Por extra\u00f1o que parezca, no le gusta llevar zapatos.<\/p>\n<p>Kelsey estudia Empresariales en la Universidad de Purdue. Reparte su tiempo entre nuestras sedes de Atlanta y Salt Lake City.<\/p>\n\t\t<\/div>\n\t\t\t\t\n<style>\n#col-1348271702 > .col-inner {\n  padding: 0px 10px 0px 0px;\n}\n<\/style>\n\t<\/div>\n\n\t\n<\/div>\n<div class=\"row\"  id=\"row-1165395970\">\n\n\t<div id=\"col-170938883\" class=\"col medium-6 small-12 large-6\"  >\n\t\t\t\t<div class=\"col-inner\"  >\n\t\t\t\n\t\t\t\n\t<div class=\"img has-hover x md-x lg-x y md-y lg-y\" id=\"image_460742929\">\n\t\t\t\t\t\t\t\t<div class=\"img-inner dark\" >\n\t\t\t<img decoding=\"async\" width=\"1020\" height=\"812\" src=\"https:\/\/caringsunshine.com\/wp-content\/uploads\/2024\/05\/193DA7B5-1506-4DA1-95EF-CCCB64DB2004-e1717164342365.jpg\" class=\"attachment-large size-large\" alt=\"katelyn\" srcset=\"https:\/\/caringsunshine.com\/wp-content\/uploads\/2024\/05\/193DA7B5-1506-4DA1-95EF-CCCB64DB2004-e1717164342365.jpg 1023w, https:\/\/caringsunshine.com\/wp-content\/uploads\/2024\/05\/193DA7B5-1506-4DA1-95EF-CCCB64DB2004-e1717164342365-800x637.jpg 800w, https:\/\/caringsunshine.com\/wp-content\/uploads\/2024\/05\/193DA7B5-1506-4DA1-95EF-CCCB64DB2004-e1717164342365-768x611.jpg 768w, https:\/\/caringsunshine.com\/wp-content\/uploads\/2024\/05\/193DA7B5-1506-4DA1-95EF-CCCB64DB2004-e1717164342365-15x12.jpg 15w, https:\/\/caringsunshine.com\/wp-content\/uploads\/2024\/05\/193DA7B5-1506-4DA1-95EF-CCCB64DB2004-e1717164342365-300x239.jpg 300w, https:\/\/caringsunshine.com\/wp-content\/uploads\/2024\/05\/193DA7B5-1506-4DA1-95EF-CCCB64DB2004-e1717164342365-64x51.jpg 64w\" sizes=\"(max-width: 1020px) 100vw, 1020px\" \/>\t\t\t\t\t\t\n\t\t\t\t\t<\/div>\n\t\t\t\t\t\t\t\t\n<style>\n#image_460742929 {\n  width: 100%;\n}\n<\/style>\n\t<\/div>\n\t\n\t\t<\/div>\n\t\t\t\t\t<\/div>\n\n\t\n\n\t<div id=\"col-1848581554\" class=\"col medium-6 small-12 large-6\"  >\n\t\t\t\t<div class=\"col-inner\"  >\n\t\t\t\n\t\t\t\n<h3>Katelyn<\/h3>\n<p>Katelyn es nuestra principal planificadora de redes sociales y tambi\u00e9n trabaja en nuestro almac\u00e9n de Atlanta. Acaba de graduarse en el instituto y ahora es estudiante a tiempo completo en la Universidad del Norte de Georgia, donde estudia dise\u00f1o gr\u00e1fico.<\/p>\n<p>Le encanta pintar y criticar, pero no en ese orden.<\/p>\n\t\t<\/div>\n\t\t\t\t\n<style>\n#col-1848581554 > .col-inner {\n  padding: 0px 10px 0px 0px;\n}\n<\/style>\n\t<\/div>\n\n\t\n<\/div>\n<div class=\"row\"  id=\"row-1300173581\">\n\n\t<div id=\"col-1378587497\" class=\"col medium-6 small-12 large-6\"  >\n\t\t\t\t<div class=\"col-inner\"  >\n\t\t\t\n\t\t\t\n\t<div class=\"img has-hover x md-x lg-x y md-y lg-y\" id=\"image_1029369302\">\n\t\t\t\t\t\t\t\t<div class=\"img-inner dark\" >\n\t\t\t<img decoding=\"async\" width=\"1020\" height=\"678\" src=\"https:\/\/caringsunshine.com\/wp-content\/uploads\/2024\/05\/WCIG-May-2024-Z62_7817-2.jpg\" class=\"attachment-large size-large\" alt=\"Zach Pullin\" srcset=\"https:\/\/caringsunshine.com\/wp-content\/uploads\/2024\/05\/WCIG-May-2024-Z62_7817-2.jpg 1024w, https:\/\/caringsunshine.com\/wp-content\/uploads\/2024\/05\/WCIG-May-2024-Z62_7817-2-800x532.jpg 800w, https:\/\/caringsunshine.com\/wp-content\/uploads\/2024\/05\/WCIG-May-2024-Z62_7817-2-768x511.jpg 768w, https:\/\/caringsunshine.com\/wp-content\/uploads\/2024\/05\/WCIG-May-2024-Z62_7817-2-18x12.jpg 18w, https:\/\/caringsunshine.com\/wp-content\/uploads\/2024\/05\/WCIG-May-2024-Z62_7817-2-300x200.jpg 300w, https:\/\/caringsunshine.com\/wp-content\/uploads\/2024\/05\/WCIG-May-2024-Z62_7817-2-64x43.jpg 64w\" sizes=\"(max-width: 1020px) 100vw, 1020px\" \/>\t\t\t\t\t\t\n\t\t\t\t\t<\/div>\n\t\t\t\t\t\t\t\t\n<style>\n#image_1029369302 {\n  width: 100%;\n}\n<\/style>\n\t<\/div>\n\t\n\t\t<\/div>\n\t\t\t\t\t<\/div>\n\n\t\n\n\t<div id=\"col-1765604886\" class=\"col medium-6 small-12 large-6\"  >\n\t\t\t\t<div class=\"col-inner\"  >\n\t\t\t\n\t\t\t\n<h3>Zach<\/h3>\n<p>Estudiante de segundo a\u00f1o en la universidad, Zach trabaja en atenci\u00f3n al cliente y en algunos almacenes cuando no est\u00e1 en clase.\u00a0<\/p>\n\t\t<\/div>\n\t\t\t\t\n<style>\n#col-1765604886 > .col-inner {\n  padding: 0px 10px 0px 0px;\n}\n<\/style>\n\t<\/div>\n\n\t\n<\/div>\n<div class=\"row\"  id=\"row-2008619756\">\n\n\t<div id=\"col-893091876\" class=\"col medium-6 small-12 large-6\"  >\n\t\t\t\t<div class=\"col-inner\"  >\n\t\t\t\n\t\t\t\n\t<div class=\"img has-hover x md-x lg-x y md-y lg-y\" id=\"image_187509332\">\n\t\t\t\t\t\t\t\t<div class=\"img-inner dark\" >\n\t\t\t<img decoding=\"async\" width=\"607\" height=\"445\" src=\"https:\/\/caringsunshine.com\/wp-content\/uploads\/2022\/06\/david-e1717179518155.jpg\" class=\"attachment-medium_large size-medium_large\" alt=\"DAvid\" srcset=\"https:\/\/caringsunshine.com\/wp-content\/uploads\/2022\/06\/david-e1717179518155.jpg 607w, https:\/\/caringsunshine.com\/wp-content\/uploads\/2022\/06\/david-e1717179518155-16x12.jpg 16w, https:\/\/caringsunshine.com\/wp-content\/uploads\/2022\/06\/david-e1717179518155-300x220.jpg 300w, https:\/\/caringsunshine.com\/wp-content\/uploads\/2022\/06\/david-e1717179518155-64x47.jpg 64w\" sizes=\"(max-width: 607px) 100vw, 607px\" \/>\t\t\t\t\t\t\n\t\t\t\t\t<\/div>\n\t\t\t\t\t\t\t\t\n<style>\n#image_187509332 {\n  width: 100%;\n}\n<\/style>\n\t<\/div>\n\t\n\t\t<\/div>\n\t\t\t\t\t<\/div>\n\n\t\n\n\t<div id=\"col-389163258\" class=\"col medium-6 small-12 large-6\"  >\n\t\t\t\t<div class=\"col-inner\"  >\n\t\t\t\n\t\t\t\n<h3>David<\/h3>\n<p>David creci\u00f3 en el negocio empaquetando pedidos y hablando con los clientes, pero desde entonces ha pasado a cosas m\u00e1s importantes: las Fuerzas A\u00e9reas de Estados Unidos.<\/p>\n<p>Actualmente est\u00e1 destinado en el extranjero.<\/p>\n\t\t<\/div>\n\t\t\t\t\n<style>\n#col-389163258 > .col-inner {\n  padding: 0px 10px 0px 0px;\n}\n<\/style>\n\t<\/div>\n\n\t\n<\/div>\n<div class=\"row\"  id=\"row-1583620411\">\n\n\t<div id=\"col-1732172120\" class=\"col medium-6 small-12 large-6\"  >\n\t\t\t\t<div class=\"col-inner\"  >\n\t\t\t\n\t\t\t\n\t<div class=\"img has-hover x md-x lg-x y md-y lg-y\" id=\"image_90135727\">\n\t\t\t\t\t\t\t\t<div class=\"img-inner dark\" >\n\t\t\t<img decoding=\"async\" width=\"768\" height=\"561\" src=\"https:\/\/caringsunshine.com\/wp-content\/uploads\/2022\/06\/dogs-768x561.jpg\" class=\"attachment-medium_large size-medium_large\" alt=\"Perros Howlett\" srcset=\"https:\/\/caringsunshine.com\/wp-content\/uploads\/2022\/06\/dogs-768x561.jpg 768w, https:\/\/caringsunshine.com\/wp-content\/uploads\/2022\/06\/dogs-800x585.jpg 800w, https:\/\/caringsunshine.com\/wp-content\/uploads\/2022\/06\/dogs-16x12.jpg 16w, https:\/\/caringsunshine.com\/wp-content\/uploads\/2022\/06\/dogs-300x219.jpg 300w, https:\/\/caringsunshine.com\/wp-content\/uploads\/2022\/06\/dogs.jpg 821w\" sizes=\"(max-width: 768px) 100vw, 768px\" \/>\t\t\t\t\t\t\n\t\t\t\t\t<\/div>\n\t\t\t\t\t\t\t\t\n<style>\n#image_90135727 {\n  width: 100%;\n}\n<\/style>\n\t<\/div>\n\t\n\t\t<\/div>\n\t\t\t\t\t<\/div>\n\n\t\n\n\t<div id=\"col-1891735315\" class=\"col medium-6 small-12 large-6\"  >\n\t\t\t\t<div class=\"col-inner\"  >\n\t\t\t\n\t\t\t\n<h3>Rocky y Bandit<\/h3>\n<p>Para ser honestos, estos dos son empleados completamente prescindibles y francamente causan m\u00e1s problemas de los que valen en el negocio.<\/p>\n<p>Si les preguntaras, te dir\u00edan que sus responsabilidades consisten en ladrar al conductor de UPS y rogar por volver a casa.<\/p>\n\t\t<\/div>\n\t\t\t\t\n<style>\n#col-1891735315 > .col-inner {\n  padding: 0px 10px 0px 0px;\n}\n<\/style>\n\t<\/div>\n\n\t\n<\/div>\n<div class=\"row\"  id=\"row-1780554040\">\n\n\t<div id=\"col-533382523\" class=\"col small-12 large-12\"  >\n\t\t\t\t<div class=\"col-inner\"  >\n\t\t\t\n\t\t\t\n<p><span style=\"font-weight: 400;\">Caring Sunshine es un consultor independiente de NSP. NSP no se hace responsable de ninguna declaraci\u00f3n, omisi\u00f3n o tergiversaci\u00f3n en este sitio web.<\/span><\/p>\n\t\t<\/div>\n\t\t\t\t\t<\/div>\n\n\t\n<\/div>","protected":false},"excerpt":{"rendered":"","protected":false},"author":1,"featured_media":0,"parent":0,"menu_order":0,"comment_status":"closed","ping_status":"closed","template":"page-blank.php","meta":{"_acf_changed":false,"footnotes":""},"rapid":[],"class_list":["post-5298","page","type-page","status-publish","hentry"],"acf":[],"_links":{"self":[{"href":"https:\/\/caringsunshine.com\/es\/wp-json\/wp\/v2\/pages\/5298","targetHints":{"allow":["GET"]}}],"collection":[{"href":"https:\/\/caringsunshine.com\/es\/wp-json\/wp\/v2\/pages"}],"about":[{"href":"https:\/\/caringsunshine.com\/es\/wp-json\/wp\/v2\/types\/page"}],"author":[{"embeddable":true,"href":"https:\/\/caringsunshine.com\/es\/wp-json\/wp\/v2\/users\/1"}],"replies":[{"embeddable":true,"href":"https:\/\/caringsunshine.com\/es\/wp-json\/wp\/v2\/comments?post=5298"}],"version-history":[{"count":9,"href":"https:\/\/caringsunshine.com\/es\/wp-json\/wp\/v2\/pages\/5298\/revisions"}],"predecessor-version":[{"id":3295758,"href":"https:\/\/caringsunshine.com\/es\/wp-json\/wp\/v2\/pages\/5298\/revisions\/3295758"}],"wp:attachment":[{"href":"https:\/\/caringsunshine.com\/es\/wp-json\/wp\/v2\/media?parent=5298"}],"wp:term":[{"taxonomy":"rapid","embeddable":true,"href":"https:\/\/caringsunshine.com\/es\/wp-json\/wp\/v2\/rapid?post=5298"}],"curies":[{"name":"wp","href":"https:\/\/api.w.org\/{rel}","templated":true}]}}