{"id":5297,"date":"2014-09-24T16:05:01","date_gmt":"2014-09-24T16:05:01","guid":{"rendered":"http:\/\/162.248.49.174\/?page_id=3930"},"modified":"2024-05-11T07:13:50","modified_gmt":"2024-05-11T14:13:50","slug":"savingtips-2","status":"publish","type":"page","link":"https:\/\/caringsunshine.com\/es\/savingtips-2\/","title":{"rendered":"Consejos para ahorrar dinero en los productos Nature's Sunshine"},"content":{"rendered":"<p>Si est\u00e1s interesado en ahorrar dinero en tus compras de Nature's Sunshine, aqu\u00ed tienes algunos consejos:<\/p>\n<ul>\n<li>Haga un pedido superior a $75 para obtener el env\u00edo gratuito (s\u00f3lo disponible en Caring Sunshine).<\/li>\n<li>Est\u00e9 atento a las rebajas. Aunque Nature's Sunshine ya no organiza tantas rebajas como antes, a lo largo del a\u00f1o hay oportunidades para ahorrar dinero. Puedes inscribirte para recibir notificaciones de estas <a href=\"https:\/\/caringsunshine.com\/es\/weeklyspecials\/\">ventas<\/a> aqu\u00ed.<\/li>\n<li>Considere la posibilidad de convertirse en un consultor de Nature's Sunshine con el fin de ganar comisiones de amigos y familiares que tambi\u00e9n ordenan productos. Por favor <a href=\"https:\/\/caringsunshine.com\/es\/contacto\/\">contacto con nosotros<\/a> y le guiaremos a trav\u00e9s del proceso.<\/li>\n<\/ul>\n<p>&nbsp;<\/p>","protected":false},"excerpt":{"rendered":"<p>Si est\u00e1s interesado en ahorrar dinero en tus compras en Nature's Sunshine, aqu\u00ed tienes algunos consejos: Haz un pedido superior a $75 para obtener env\u00edo gratuito (s\u00f3lo disponible en Caring Sunshine). Est\u00e9 atento a las rebajas. Aunque Nature's Sunshine ya no hace tantas rebajas como antes, hay oportunidades durante todo el a\u00f1o para ahorrar dinero. Usted [...]","protected":false},"author":1,"featured_media":0,"parent":0,"menu_order":0,"comment_status":"closed","ping_status":"closed","template":"page-blank-title-center.php","meta":{"_acf_changed":false,"footnotes":""},"rapid":[],"class_list":["post-5297","page","type-page","status-publish","hentry"],"acf":[],"_links":{"self":[{"href":"https:\/\/caringsunshine.com\/es\/wp-json\/wp\/v2\/pages\/5297","targetHints":{"allow":["GET"]}}],"collection":[{"href":"https:\/\/caringsunshine.com\/es\/wp-json\/wp\/v2\/pages"}],"about":[{"href":"https:\/\/caringsunshine.com\/es\/wp-json\/wp\/v2\/types\/page"}],"author":[{"embeddable":true,"href":"https:\/\/caringsunshine.com\/es\/wp-json\/wp\/v2\/users\/1"}],"replies":[{"embeddable":true,"href":"https:\/\/caringsunshine.com\/es\/wp-json\/wp\/v2\/comments?post=5297"}],"version-history":[{"count":5,"href":"https:\/\/caringsunshine.com\/es\/wp-json\/wp\/v2\/pages\/5297\/revisions"}],"predecessor-version":[{"id":3246413,"href":"https:\/\/caringsunshine.com\/es\/wp-json\/wp\/v2\/pages\/5297\/revisions\/3246413"}],"wp:attachment":[{"href":"https:\/\/caringsunshine.com\/es\/wp-json\/wp\/v2\/media?parent=5297"}],"wp:term":[{"taxonomy":"rapid","embeddable":true,"href":"https:\/\/caringsunshine.com\/es\/wp-json\/wp\/v2\/rapid?post=5297"}],"curies":[{"name":"wp","href":"https:\/\/api.w.org\/{rel}","templated":true}]}}