{"id":39805,"date":"2018-02-19T10:54:38","date_gmt":"2018-02-19T15:54:38","guid":{"rendered":"https:\/\/caringsunshine.com\/?page_id=39805"},"modified":"2022-11-13T08:39:24","modified_gmt":"2022-11-13T16:39:24","slug":"tcm-mean-natures-sunshine-product-line","status":"publish","type":"page","link":"https:\/\/caringsunshine.com\/es\/tcm-mean-natures-sunshine-product-line\/","title":{"rendered":"\u00bfQu\u00e9 significa TCM en la l\u00ednea de productos Nature's Sunshine?"},"content":{"rendered":"<h1><a href=\"https:\/\/cdn.caringsunshine.com\/wp-content\/uploads\/1999\/12\/vs-c-tcm-340x340.png.webp\"><img decoding=\"async\" class=\"size-full wp-image-2837 alignright\" src=\"https:\/\/cdn.caringsunshine.com\/wp-content\/uploads\/1999\/12\/vs-c-tcm-340x340.png.webp\" alt=\"\" width=\"300\" height=\"300\" \/><\/a>\u00bfPor qu\u00e9 elegir TCM en la l\u00ednea de productos Nature's Sunshine?<\/h1>\n<p><strong>Beneficios clave:<\/strong><\/p>\n<ul style=\"list-style-position: inside;\">\n<li>Menor coste al d\u00eda<\/li>\n<li>M\u00e1s estandarizado y m\u00e1s potente<\/li>\n<li>Menor coste de env\u00edo<\/li>\n<li>Menos pastillas para tragar<\/li>\n<li>Menos desorden<\/li>\n<\/ul>\n<p>MTC (TCM) significa Medicina Tradicional China. Sin embargo, en la l\u00ednea de productos de Nature's Sunshine, la MTC tambi\u00e9n representa mucho m\u00e1s.<\/p>\n<p>En ese momento, hay 16 f\u00f3rmulas de hierbas de Nature's Sunshine que existen tanto en f\u00f3rmula tradicional como en f\u00f3rmula TCM. En general, ambas versiones contienen exactamente los mismos ingredientes, pero la f\u00f3rmula TCM cuesta m\u00e1s y contiene menos c\u00e1psulas. Sin embargo, a pesar de este hecho, la f\u00f3rmula TCM normalmente es la mejor opci\u00f3n tanto del punto de vista econ\u00f3mico como de la salud. \u00bfLa raz\u00f3n? Las f\u00f3rmulas TCM son extractos estandarizados. Eso significa que son las versiones altamente concentradas de sus alternativas.<\/p>\n<p>Pi\u00e9nsalo as\u00ed. Si comes una planta clasificada como hierba, puede ser que obtengas algunos poderosos beneficios para la salud, pero la mayor parte de lo que est\u00e1s comiendo es fibra vegetal in\u00fatil, agua, y otros componentes que no te ayudan en nada. Aunque comer esa hierba es mejor que nada, \u00bfqu\u00e9 pasar\u00eda si alguien extrajera s\u00f3lo los componentes claves que le ayudan y descartara el resto? En pocas palabras, eso es lo que es un extracto.<\/p>\n<p>Los extractos buenos le permiten obtener el mismo valor de una dosis peque\u00f1a y tambi\u00e9n est\u00e1n estandarizados. Estar estandarizado significa que est\u00e1n garantizados para tener un nivel cierto de los componentes beneficiosos m\u00e1s importantes de la hierba original. En otras palabras, en lugar de simplemente moler una planta de hierbas y ponerla en c\u00e1psulas, los extractos buenos se fabrican con una especificaci\u00f3n determinada para garantizar que se obtiene exactamente lo que se necesita. Esto es uno de los aspectos claves de lo que significa el t\u00e9rmino \"grado farmac\u00e9utico.\"<\/p>\n<p>La raz\u00f3n por qu\u00e9 las f\u00f3rmulas TCM de Nature's Sunshine suelen ser m\u00e1s econ\u00f3micas se encuentra en la dosis necesaria. Mientras que puede ser necesario tomar varias c\u00e1psulas al d\u00eda cuando usa la f\u00f3rmula tradicional, las f\u00f3rmulas TCM siempre requieren muchas menos c\u00e1psulas. Aqu\u00ed es un ejemplo r\u00e1pido:<\/p>\n<p>VS-C (100 c\u00e1psulas): $15.95<br \/>\nVS-C TCM (30 c\u00e1psulas): $24.50<\/p>\n<p>La etiqueta del VS-C tradicional recomienda 8 c\u00e1psulas al d\u00eda. Esto significa que el coste es de aproximadamente <strong>$1,27\/d\u00eda<\/strong>. Por el otro lado, la etiqueta de VS-C TCM recomienda s\u00f3lo 1 c\u00e1psula al d\u00eda, para que cuesta s\u00f3lo <strong>$0,82\/d\u00eda<\/strong>. Adem\u00e1s, aunque nuestros gastos de env\u00edo son bastante bajos, el env\u00edo de TCM nos cuesta mucho menos y se lo trasladamos a usted. De hecho, puede pedirnos varios productos TCM y seguir pagando nuestro env\u00edo m\u00ednimo de $2.99 a $3.74.<\/p>\n<p>Pi\u00e9nsalo por un segundo. Cuando compras f\u00f3rmulas de MTC (TCM), ahorras dinero, obtienes un beneficio de salud m\u00e1s estandarizado, tienes que tragar menos c\u00e1psulas, y tienes menos frascos abarrotando tu gabinete. Eso hace que la MTC sea la opci\u00f3n obvia.<\/p>\n<p>No te dejes llevar por el n\u00famero de c\u00e1psulas de un frasco. Eso no es toda la historia. Hay que saber qu\u00e9 contiene la c\u00e1psula. En el caso de las f\u00f3rmulas MTC (TCM) de Nature's Sunshine, el menor n\u00famero de c\u00e1psulas gana ampliamente tanto en beneficios como en su bolsillo.<\/p>\n<p>Las f\u00f3rmulas de MTC siempre est\u00e1n claramente etiquetadas. La etiqueta es siempre roja. Aqu\u00ed hay una lista completa de productos TCM en Nature's Sunshine:<\/p>\n<p><a href=\"https:\/\/caringsunshine.com\/es\/supplements\/NaturesSunshine\/products\/anti-gas-tcm.aspx\/\">Anti-Gas TCM - 30 c\u00e1psulas<\/a><br \/>\n<a href=\"https:\/\/caringsunshine.com\/es\/supplements\/NaturesSunshine\/products\/blood-build-tcm.aspx\/\">Estimulador de la sangre TCM - 30 c\u00e1psulas<\/a><br \/>\n<a href=\"https:\/\/caringsunshine.com\/es\/supplements\/NaturesSunshine\/products\/breathe-ez-tcm.aspx\/\">Breathe Activator TCM (antes Breathe E-Z) - 30 c\u00e1psulas<\/a><br \/>\n<a href=\"https:\/\/caringsunshine.com\/es\/supplements\/NaturesSunshine\/products\/hy-c-tcm.aspx\/\">HY-C TCM - 30 c\u00e1psulas<\/a><br \/>\n<a href=\"https:\/\/caringsunshine.com\/es\/supplements\/NaturesSunshine\/products\/if-c-tcm.aspx\/\">IF-C TCM - 30 c\u00e1psulas<\/a><br \/>\n<a href=\"https:\/\/caringsunshine.com\/es\/supplements\/NaturesSunshine\/products\/kb-c-tcm.aspx\/\">KB-C TCM - 30 c\u00e1psulas<\/a><br \/>\n<a href=\"https:\/\/caringsunshine.com\/es\/supplements\/NaturesSunshine\/products\/kidney-activator-tcm.aspx\/\">Activador del ri\u00f1\u00f3n TCM - 30 c\u00e1psulas<\/a><br \/>\n<a href=\"https:\/\/caringsunshine.com\/es\/supplements\/NaturesSunshine\/products\/liver-balance-tcm.aspx\/\">Liver Balance TCM - 30 c\u00e1psulas<\/a><br \/>\n<a href=\"https:\/\/caringsunshine.com\/es\/supplements\/NaturesSunshine\/products\/lung-support-tcm.aspx\/\">Lung Support TCM - 30 c\u00e1psulas<br \/>\n<\/a><a href=\"https:\/\/caringsunshine.com\/es\/supplements\/NaturesSunshine\/products\/mood-elevator-tcm.aspx\/\">Mood Elevator TCM - 30 c\u00e1psulas<\/a><a href=\"https:\/\/caringsunshine.com\/es\/supplements\/NaturesSunshine\/products\/lung-support-tcm.aspx\/\"><br \/>\n<\/a><a href=\"https:\/\/caringsunshine.com\/es\/supplements\/NaturesSunshine\/products\/natues-chi-tcm.aspx\/\">Nature's Chi TCM - 30 c\u00e1psulas<\/a><a href=\"https:\/\/caringsunshine.com\/es\/supplements\/NaturesSunshine\/products\/lung-support-tcm.aspx\/\"><br \/>\n<\/a><a href=\"https:\/\/caringsunshine.com\/es\/supplements\/NaturesSunshine\/products\/nervous-fatigue-tcm.aspx\/\">Fatiga nerviosa TCM - 30 c\u00e1psulas<\/a><a href=\"https:\/\/caringsunshine.com\/es\/supplements\/NaturesSunshine\/products\/lung-support-tcm.aspx\/\"><br \/>\n<\/a><a href=\"https:\/\/caringsunshine.com\/es\/supplements\/NaturesSunshine\/products\/spleen-activator-tcm.aspx\/\">Activador del bazo TCM - 30 c\u00e1psulas<\/a><a href=\"https:\/\/caringsunshine.com\/es\/supplements\/NaturesSunshine\/products\/lung-support-tcm.aspx\/\"><br \/>\n<\/a><a href=\"https:\/\/caringsunshine.com\/es\/supplements\/NaturesSunshine\/products\/stress-relief-tcm.aspx\/\">Stress Relief TCM - 30 c\u00e1psulas<\/a><a href=\"https:\/\/caringsunshine.com\/es\/supplements\/NaturesSunshine\/products\/lung-support-tcm.aspx\/\"><br \/>\n<\/a><a href=\"https:\/\/caringsunshine.com\/es\/supplements\/NaturesSunshine\/products\/trigger-immune-tcm.aspx\/\">Trigger Immune TCM - 30 c\u00e1psulas<\/a><a href=\"https:\/\/caringsunshine.com\/es\/supplements\/NaturesSunshine\/products\/lung-support-tcm.aspx\/\"><br \/>\n<\/a><a href=\"https:\/\/caringsunshine.com\/es\/supplements\/NaturesSunshine\/products\/vsc-tcm.aspx\/\">VS-C TCM - 30 c\u00e1psulas<\/a><\/p>\n<p>Las f\u00f3rmulas de MTC tambi\u00e9n est\u00e1n agrupadas en dos paquetes muy populares basados en la medicina tradicional china. Ahorra mucho al comprar estos paquetes.<\/p>\n<p><a href=\"https:\/\/caringsunshine.com\/es\/supplements\/NaturesSunshine\/products\/chinese-yin.aspx\/\">Paquete de negativos chinos<\/a> - contiene MTC de apoyo al pulm\u00f3n, MTC estimulante de la sangre, MTC HY-C, MTC KB-C, MTC de fatiga nerviosa, MTC activadora del bazo y MTC activadora de la inmunidad.<\/p>\n<p><a href=\"https:\/\/caringsunshine.com\/es\/supplements\/NaturesSunshine\/products\/chinese-yang.aspx\/\">Paquete chino positivo<\/a> - contiene MTC Anti-Gas, MTC IF-C, MTC Activador del Ri\u00f1\u00f3n, MTC Equilibrio del H\u00edgado, MTC Alivio del Estr\u00e9s, MTC Elevador del Estado de \u00c1nimo y MTC Activador de la Respiraci\u00f3n.<\/p>","protected":false},"excerpt":{"rendered":"<p>\u00bfPor qu\u00e9 elegir TCM en la l\u00ednea de productos Nature's Sunshine? Beneficios clave: Menor costo\/d\u00eda M\u00e1s estandarizado y m\u00e1s potente Menor costo de env\u00edo Menos p\u00edldoras para tragar Menos desorden La MTC significa Medicina Tradicional China. Sin embargo, en la l\u00ednea de productos Nature's Sunshine, la MTC tambi\u00e9n representa mucho m\u00e1s. Actualmente, 16 f\u00f3rmulas herbales de Nature's Sunshine existen tanto en [...]","protected":false},"author":1,"featured_media":0,"parent":0,"menu_order":0,"comment_status":"closed","ping_status":"closed","template":"page-right-sidebar.php","meta":{"_acf_changed":false,"footnotes":""},"rapid":[],"class_list":["post-39805","page","type-page","status-publish","hentry"],"acf":[],"_links":{"self":[{"href":"https:\/\/caringsunshine.com\/es\/wp-json\/wp\/v2\/pages\/39805","targetHints":{"allow":["GET"]}}],"collection":[{"href":"https:\/\/caringsunshine.com\/es\/wp-json\/wp\/v2\/pages"}],"about":[{"href":"https:\/\/caringsunshine.com\/es\/wp-json\/wp\/v2\/types\/page"}],"author":[{"embeddable":true,"href":"https:\/\/caringsunshine.com\/es\/wp-json\/wp\/v2\/users\/1"}],"replies":[{"embeddable":true,"href":"https:\/\/caringsunshine.com\/es\/wp-json\/wp\/v2\/comments?post=39805"}],"version-history":[{"count":4,"href":"https:\/\/caringsunshine.com\/es\/wp-json\/wp\/v2\/pages\/39805\/revisions"}],"predecessor-version":[{"id":3062069,"href":"https:\/\/caringsunshine.com\/es\/wp-json\/wp\/v2\/pages\/39805\/revisions\/3062069"}],"wp:attachment":[{"href":"https:\/\/caringsunshine.com\/es\/wp-json\/wp\/v2\/media?parent=39805"}],"wp:term":[{"taxonomy":"rapid","embeddable":true,"href":"https:\/\/caringsunshine.com\/es\/wp-json\/wp\/v2\/rapid?post=39805"}],"curies":[{"name":"wp","href":"https:\/\/api.w.org\/{rel}","templated":true}]}}