{"id":3935,"date":"2014-09-24T16:08:44","date_gmt":"2014-09-24T16:08:44","guid":{"rendered":"http:\/\/162.248.49.174\/?page_id=3935"},"modified":"2024-04-27T09:54:32","modified_gmt":"2024-04-27T16:54:32","slug":"seguridad-en-caringsunshine","status":"publish","type":"page","link":"https:\/\/caringsunshine.com\/es\/seguridad-en-caringsunshine\/","title":{"rendered":"Seguridad en Caring Sunshine"},"content":{"rendered":"<div class=\"row row-collapse row-full-width align-middle align-center mobile-contact show-for-small\"  id=\"row-2111985658\">\n\n\t<div id=\"col-92763351\" class=\"col mobile-contact medium-4 small-6 large-4\"  >\n\t\t\t\t<div class=\"col-inner text-left\"  >\n\t\t\t\n\t\t\t\n\t<div class=\"img has-hover x md-x lg-x y md-y lg-y\" id=\"image_181176852\">\n\t\t\t\t\t\t\t\t<div class=\"img-inner dark\" >\n\t\t\t<img decoding=\"async\" width=\"196\" height=\"23\" src=\"https:\/\/caringsunshine.com\/wp-content\/uploads\/2022\/02\/green-dot5-e1646864928761.png\" class=\"attachment-large size-large\" alt=\"Ll\u00e1manos\" \/>\t\t\t\t\t\t\n\t\t\t\t\t<\/div>\n\t\t\t\t\t\t\t\t\n<style>\n#image_181176852 {\n  width: 100%;\n}\n<\/style>\n\t<\/div>\n\t\n\t\t<\/div>\n\t\t\t\t\n<style>\n#col-92763351 > .col-inner {\n  padding: 0px 0px 0px 0px;\n  margin: 0px 0px 0px 0px;\n}\n<\/style>\n\t<\/div>\n\n\t\n\n\t<div id=\"col-357306132\" class=\"col mobile-contact medium-4 small-3 large-4\"  >\n\t\t\t\t<div class=\"col-inner text-right\"  >\n\t\t\t\n\t\t\t\n<a href=\"tel:1-888-510-7196\" class=\"button alert is-outline is-smaller mobile-call1\" style=\"border-radius:5px;\">\n\t\t<span>Llama<\/span>\n\t<\/a>\n\n\t\t<\/div>\n\t\t\t\t\n<style>\n#col-357306132 > .col-inner {\n  padding: 0px 0px 0px 0px;\n  margin: 0px 0px 0px 0px;\n}\n<\/style>\n\t<\/div>\n\n\t\n\n\t<div id=\"col-57858522\" class=\"col mobile-contact medium-4 small-3 large-4\"  >\n\t\t\t\t<div class=\"col-inner text-left\"  >\n\t\t\t\n\t\t\t\n<a href=\"sms:+13016374433\" class=\"button alert is-outline is-smaller mobile-call1\" style=\"border-radius:5px;\">\n\t\t<span>Texto<\/span>\n\t<\/a>\n\n\t\t<\/div>\n\t\t\t\t\n<style>\n#col-57858522 > .col-inner {\n  padding: 0px 0px 0px 0px;\n  margin: 0px 0px 0px 0px;\n}\n@media (min-width:550px) {\n  #col-57858522 > .col-inner {\n    margin: 0px 0px 0px 0px;\n  }\n}\n<\/style>\n\t<\/div>\n\n\t\n<\/div>\n<h1>Seguridad en Caring Sunshine<\/h1>\n<h3>NUEVO: Facturaci\u00f3n F\u00e1cil<\/h3>\n<p>Recientemente hemos implementado un sistema de seguridad nuevo que permite a nuestros clientes a registrar sus computadoras o dispositivos electr\u00f3nicos en Caring Sunshine. Una vez que haya registrado su dispositivo electr\u00f3nico, usted no tendr\u00e1 que iniciar sesi\u00f3n con su cuenta para realizar pedidos, pero cualquier pedido que realice se a\u00f1adir\u00e1 a su cuenta y recibir\u00e1 autom\u00e1ticamente las promociones que haya en su cuenta.<\/p>\n<p>Una vez registrado su dispositivo, al navegar por Caring Sunshine, ver\u00e1 su nombre y las promociones de su cuenta en la parte superior de la p\u00e1gina. Sin embargo, no hay ninguna otra informaci\u00f3n sobre ti disponible a menos que te conectes. Esto incluye su direcci\u00f3n, n\u00famero de tel\u00e9fono, direcci\u00f3n de correo electr\u00f3nico, historial de pedidos anteriores e informaci\u00f3n de pago.<\/p>\n<p>Todav\u00eda hay que iniciar sesi\u00f3n para hacer lo siguiente:<\/p>\n<ul style=\"list-style-position: inside;\">\n<li>Ver sus pedidos anteriores<\/li>\n<li>Iniciar las devoluciones<\/li>\n<li>Ver\/editar su informaci\u00f3n de cliente<\/li>\n<li>Ver\/editar los m\u00e9todos de pago<\/li>\n<li>Pagar un pedido con una tarjeta de cr\u00e9dito que est\u00e1 almacenada en su cuenta de Caring Sunshine<\/li>\n<\/ul>\n<p>En resumen, el registro de dispositivos es una forma segura de hacer pedidos en su cuenta y recibir beneficios de la misma, pero si necesita acceder a la informaci\u00f3n personal, todav\u00eda hay que iniciar sesi\u00f3n de forma normal. Para iniciar sesi\u00f3n o registrar su dispositivo electr\u00f3nico, <a href=\"\/es\/my-account\/\">ir aqu\u00ed<\/a>.<\/p>\n<h3>Otra informaci\u00f3n de seguridad<\/h3>\n<p>Protegemos la informaci\u00f3n de nuestros clientes utilizando protocolos de seguridad convencionales, como los certificados SSL, cuando recopilamos cualquier informaci\u00f3n de usted. Protegemos nuestros sistema utilizando servicios de seguridad modernos que se actualizan continuamente con las nuevas amenazas.<\/p>\n<p>Mientras puede elegir guardar las tarjetas de cr\u00e9dito en su cuenta, debe saber que en realidad nunca almacenamos las tarjetas de cr\u00e9dito en ninguno de nuestros sistemas. Lo que almacenamos es un token que nos proporciona la compa\u00f1\u00eda de su tarjeta de cr\u00e9dito y que nosotros (y s\u00f3lo nosotros) podemos reutilizar. Esta tecnolog\u00eda nueva hace que las violaciones de datos sean pr\u00e1cticamente imposibles porque, a\u00fan si los hackers pudieran robar los tokens, no podr\u00edan utilizarlos.<\/p>\n<p>Creemos que sus pedidos en l\u00ednea son seguros, pero si tiene alguna pregunta o prefiere hacer el pedido por tel\u00e9fono, ll\u00e1menos al 888-510-7196.<\/p>","protected":false},"excerpt":{"rendered":"<p>Seguridad en Caring Sunshine NUEVO: Registro sin esfuerzo Recientemente hemos implementado un nuevo sistema de seguridad que permite a nuestros clientes registrar sus ordenadores o dispositivos en Caring Sunshine. Una vez que haya registrado su dispositivo, no tendr\u00e1 que iniciar sesi\u00f3n en su cuenta para realizar pedidos, pero cualquier pedido que realice se a\u00f1adir\u00e1 a [...]","protected":false},"author":1,"featured_media":0,"parent":0,"menu_order":0,"comment_status":"closed","ping_status":"closed","template":"","meta":{"_acf_changed":false,"footnotes":""},"rapid":[],"class_list":["post-3935","page","type-page","status-publish","hentry"],"acf":[],"_links":{"self":[{"href":"https:\/\/caringsunshine.com\/es\/wp-json\/wp\/v2\/pages\/3935","targetHints":{"allow":["GET"]}}],"collection":[{"href":"https:\/\/caringsunshine.com\/es\/wp-json\/wp\/v2\/pages"}],"about":[{"href":"https:\/\/caringsunshine.com\/es\/wp-json\/wp\/v2\/types\/page"}],"author":[{"embeddable":true,"href":"https:\/\/caringsunshine.com\/es\/wp-json\/wp\/v2\/users\/1"}],"replies":[{"embeddable":true,"href":"https:\/\/caringsunshine.com\/es\/wp-json\/wp\/v2\/comments?post=3935"}],"version-history":[{"count":2,"href":"https:\/\/caringsunshine.com\/es\/wp-json\/wp\/v2\/pages\/3935\/revisions"}],"predecessor-version":[{"id":3257191,"href":"https:\/\/caringsunshine.com\/es\/wp-json\/wp\/v2\/pages\/3935\/revisions\/3257191"}],"wp:attachment":[{"href":"https:\/\/caringsunshine.com\/es\/wp-json\/wp\/v2\/media?parent=3935"}],"wp:term":[{"taxonomy":"rapid","embeddable":true,"href":"https:\/\/caringsunshine.com\/es\/wp-json\/wp\/v2\/rapid?post=3935"}],"curies":[{"name":"wp","href":"https:\/\/api.w.org\/{rel}","templated":true}]}}