{"id":39310,"date":"2018-02-13T13:48:32","date_gmt":"2018-02-13T18:48:32","guid":{"rendered":"https:\/\/caringsunshine.com\/?page_id=39310"},"modified":"2018-02-13T14:42:04","modified_gmt":"2018-02-13T19:42:04","slug":"form-clinically-proven-weight-loss","status":"publish","type":"page","link":"https:\/\/caringsunshine.com\/es\/form-clinically-proven-weight-loss\/","title":{"rendered":"IN.FORM - P\u00e9rdida de peso cl\u00ednicamente probada"},"content":{"rendered":"<div class=\"row\"  id=\"row-1826355416\">\n\n\t<div id=\"col-1827694540\" class=\"col small-12 large-12\"  >\n\t\t\t\t<div class=\"col-inner\"  >\n\t\t\t\n\t\t\t\n\t<div class=\"img has-hover x md-x lg-x y md-y lg-y\" id=\"image_803451297\">\n\t\t\t\t\t\t\t\t<div class=\"img-inner dark\" >\n\t\t\t<img decoding=\"async\" width=\"800\" height=\"533\" src=\"https:\/\/caringsunshine.com\/wp-content\/uploads\/2018\/02\/informmain.jpg\" class=\"attachment-large size-large\" alt=\"Nature&#039;s Sunshine mujer sosteniendo una balanza\" srcset=\"https:\/\/caringsunshine.com\/wp-content\/uploads\/2018\/02\/informmain.jpg 800w, https:\/\/caringsunshine.com\/wp-content\/uploads\/2018\/02\/informmain-300x200.jpg 300w, https:\/\/caringsunshine.com\/wp-content\/uploads\/2018\/02\/informmain-768x512.jpg 768w\" sizes=\"(max-width: 800px) 100vw, 800px\" \/>\t\t\t\t\t\t\n\t\t\t\t\t<\/div>\n\t\t\t\t\t\t\t\t\n<style>\n#image_803451297 {\n  width: 100%;\n}\n<\/style>\n\t<\/div>\n\t\n\t\t<\/div>\n\t\t\t\t\t<\/div>\n\n\t\n<\/div>\n<div class=\"row\"  id=\"row-149785325\">\n\n\t<div id=\"col-662871911\" class=\"col medium-8 small-12 large-8\"  >\n\t\t\t\t<div class=\"col-inner\"  >\n\t\t\t\n\t\t\t\n<h3>El problema con los productos para adelgazare<\/h3>\n<p>La industria de la p\u00e9rdida de peso es un pozo negro de confusi\u00f3n, afirmaciones enga\u00f1osas, e informaci\u00f3n contradictoria. Si usted est\u00e1 confundido, no es el \u00fanico.<\/p>\n<p>Aunque muchas empresas afirman tener la soluci\u00f3n m\u00e1gica, la verdad es que casi todos los productos para la p\u00e9rdida de peso caen en estas categor\u00edas b\u00e1sicas:<\/p>\n<ul>\n<li>Estimulantes: aumentan el metabolismo para que el cuerpo queme m\u00e1s calor\u00edas<\/li>\n<li>Supresores del apetito: intentan enga\u00f1ar al cuerpo para que quiera comer menos (a veces mediante la regulaci\u00f3n del az\u00facar en sangre y a veces mediante la fibra)<\/li>\n<li>Sustituci\u00f3n de comidas: sustituir las comidas con alto contenido cal\u00f3rico por alternativas con menos calor\u00edas<\/li>\n<li>Bloqueadores: impiden que los carbohidratos, los az\u00facares y las grasas sean absorbidos y utilizados por el organismo<\/li>\n<\/ul>\n<p>\u00bfFuncionan estas cosas? S\u00ed, funcionan. Sin embargo, no funcionan tan bien como se le hace creer y, si no se modifica el estilo de vida, los resultados ser\u00e1n normalmente temporales. Para empeorar las cosas, en algunos casos, otros sistemas del cuerpo, como el sistema cardiovascular, pueden verse comprometidos.<\/p>\n<h3>La diferencia de IN.FORM<\/h3>\n<p>Hace unos a\u00f1os, Nature's Sunshine desarroll\u00f3 un programa de p\u00e9rdida de peso llamado IN.FORM. Consiste de componentes de cada categor\u00eda que acabamos de enumerar, pero hay algunas diferencias importantes.<\/p>\n<ul>\n<li>Enfocado en la salud intestinal. IN.FORM se basa en la premisa de que, dado que el intestino es el lugar donde el cuerpo convierte y utiliza los alimentos, tiene que funcionar muy bien. Un intestino eficiente conduce a todo tipo de problemas, incluyendo el aumento de peso.<\/li>\n<li>Hol\u00edstico. Adem\u00e1s del intestino, IN.FORM tambi\u00e9n se enfoca en la salud cardiovascular y la desintoxicaci\u00f3n de los sistemas corporales.<\/li>\n<li>Orientado al estilo de vida. IN.FORM es m\u00e1s que productos. Es un estilo de vida. No requiere horas al d\u00eda de ejercicio ni dietas extremas, pero s\u00ed require un compromiso personal.<\/li>\n<li>Estudiado cl\u00ednicamente. Un estudio publicado demostr\u00f3 que los participantes de IN.FORM perdieron m\u00e1s peso y m\u00e1s grasa corporal que un grupo similar que intentaba perder peso s\u00f3lo con la dieta. Los participantes tambi\u00e9n mejoraron la presi\u00f3n arterial y el colesterol.<\/li>\n<\/ul>\n\t\t<\/div>\n\t\t\t\t\t<\/div>\n\n\t\n\n\t<div id=\"col-1665084378\" class=\"col medium-4 small-12 large-4\"  >\n\t\t\t\t<div class=\"col-inner\"  >\n\t\t\t\n\t\t\t\n<h3>Lo m\u00e1s importante que hay que saber sobre IN.FORM<\/h3>\n<ul>\n<li>Resultados cl\u00ednicamente probados<\/li>\n<li>Hol\u00edstico (apoya la salud de todo el cuerpo)<\/li>\n<li>Orientado al estilo de vida\u00a0<\/li>\n<li>Comienza con la salud intestinal<\/li>\n<\/ul>\n<h3>Productos claves en IN.FORM:<\/h3>\n<ul>\n<li>Batidos sustitutivos de comidas<\/li>\n<li>Probi\u00f3tico<\/li>\n<li>Desintoxicaci\u00f3n (peri\u00f3dica)<\/li>\n<li>Cardio Kit se compone de Omega-3 y otros ingredientes que benefician la presi\u00f3n arterial y el colesterol<\/li>\n<li>Berberine (ayuda a la funci\u00f3n saludable del az\u00facar en la sangre)<\/li>\n<\/ul>\n<h3>El coste de IN.FORM<\/h3>\n<p>IN.FORM cuesta normalmente $6-$8\/d\u00eda en suplementos. Si bien eso puede parecer alto, recuerda que incluye los batidos de reemplazo de comidas. Recomendamos que comas 4-5 comidas\/meriendas al d\u00eda y que reemplaces 1-2 de esas comidas con los batidos. IN.FORM tambi\u00e9n contiene otros productos de Nature's Sunshine de alta calidad para el coraz\u00f3n, el intestino y otros sistemas del cuerpo.\u00a0<\/p>\n<p>Si ya est\u00e1 tomando otros productos para la salud, recomendamos que nos preguntes sobre los solapamientos para mantener un coste bajo. IN.FORM es muy flexible y podemos adaptar una programa a sus necesidades.<\/p>\n\t\t<\/div>\n\t\t\t\t\t<\/div>\n\n\t\n<\/div>\n<div class=\"row\"  id=\"row-568746524\">\n\n\t<div id=\"col-1355098174\" class=\"col small-12 large-12\"  >\n\t\t\t\t<div class=\"col-inner\"  >\n\t\t\t\n\t\t\t\n<h3>C\u00f3mo empezar<\/h3>\n<p>IN.FORM puede adaptarse de muchas maneras en funci\u00f3n de tu situaci\u00f3n. Por ejemplo, aunque creemos que un probi\u00f3tico es importante, no tienes que usar nuestro probi\u00f3tico para ver resultados. Tambi\u00e9n puedes usar cualquier batido de reemplazo de calidad que desees. Sin embargo, si quiere facilitar las cosas, tenemos algunos kits para ayudarle. Las \u00fanicas diferencias son el sabor y la fuente de prote\u00ednas. Si no tiene una preferencia de prote\u00edna, le recomendamos la de guisante.<\/p>\n<p>Estos kits duran 30 d\u00edas ($8\/d\u00eda) y est\u00e1n dise\u00f1ados para el inicio de su programa. No es necesario que te quedes con ellos a largo plazo. La mayor\u00eda de los participantes en IN.FORM compran uno o dos kits al principio de su viaje.<\/p>\n<p>Cada kit contiene 60 batidos sustitutivos de comidas, berberina, un probi\u00f3tico y un kit de cardio.<\/p>\n<div class=\"woocommerce columns-3\"><\/div>\n<h3>Mantenimiento continuo<\/h3>\n<p>Cuando haya utilizado el sistema inicial durante unos meses, puede pasar a uno de estos kits de mantenimiento. Contienen 1 batido sustitutivo de comida al d\u00eda, el probi\u00f3tico, el kit de cardio, y Purify (para desintoxicar el cuerpo).<\/p>\n<div class=\"woocommerce columns-3\"><\/div>\n<h3>Otros productos de IN.FORM<\/h3>\n<p>Aqu\u00ed tienes una lista completa de todos los productos de IN.FORM por si necesitas comprar algo individualmente.<\/p>\n\t\t<\/div>\n\t\t\t\t\t<\/div>\n\n\t\n<\/div>","protected":false},"excerpt":{"rendered":"","protected":false},"author":1,"featured_media":0,"parent":0,"menu_order":0,"comment_status":"closed","ping_status":"closed","template":"","meta":{"_acf_changed":false,"footnotes":""},"rapid":[],"class_list":["post-39310","page","type-page","status-publish","hentry"],"acf":[],"_links":{"self":[{"href":"https:\/\/caringsunshine.com\/es\/wp-json\/wp\/v2\/pages\/39310","targetHints":{"allow":["GET"]}}],"collection":[{"href":"https:\/\/caringsunshine.com\/es\/wp-json\/wp\/v2\/pages"}],"about":[{"href":"https:\/\/caringsunshine.com\/es\/wp-json\/wp\/v2\/types\/page"}],"author":[{"embeddable":true,"href":"https:\/\/caringsunshine.com\/es\/wp-json\/wp\/v2\/users\/1"}],"replies":[{"embeddable":true,"href":"https:\/\/caringsunshine.com\/es\/wp-json\/wp\/v2\/comments?post=39310"}],"version-history":[{"count":0,"href":"https:\/\/caringsunshine.com\/es\/wp-json\/wp\/v2\/pages\/39310\/revisions"}],"wp:attachment":[{"href":"https:\/\/caringsunshine.com\/es\/wp-json\/wp\/v2\/media?parent=39310"}],"wp:term":[{"taxonomy":"rapid","embeddable":true,"href":"https:\/\/caringsunshine.com\/es\/wp-json\/wp\/v2\/rapid?post=39310"}],"curies":[{"name":"wp","href":"https:\/\/api.w.org\/{rel}","templated":true}]}}