{"id":3587829,"date":"2025-08-19T13:35:45","date_gmt":"2025-08-19T20:35:45","guid":{"rendered":"https:\/\/caringsunshine.com\/?page_id=3587829"},"modified":"2025-08-19T14:04:30","modified_gmt":"2025-08-19T21:04:30","slug":"comparing-different-proteins","status":"publish","type":"page","link":"https:\/\/caringsunshine.com\/es\/comparing-different-proteins\/","title":{"rendered":"Comparing different Proteins"},"content":{"rendered":"<section class=\"section\" id=\"section_1914943901\">\n\t\t<div class=\"section-bg fill\" >\n\t\t\t\t\t\t\t\t\t\n\t\t\t\n\n\t\t<\/div>\n\n\t\t\n\n\t\t<div class=\"section-content relative\">\n\t\t\t\n<div class=\"row\"  id=\"row-571184736\">\n\n\t<div id=\"col-2007955488\" class=\"col small-12 large-12\"  >\n\t\t\t\t<div class=\"col-inner\"  >\n\t\t\t\n\t\t\t\n\t<div id=\"text-3545092839\" class=\"text\">\n\t\t\n<h2><span style=\"color: #282828;\">Substitutos de comidas (batidos)<\/span><\/h2>\n<p><span style=\"color: #282828;\">Encuentra el batido de prote\u00ednas perfecto para impulsar tu bienestar. Nuestra amplia selecci\u00f3n incluye opciones vegetales y de suero, cada una formulada con ingredientes premium para apoyar tus objetivos de salud.<\/span><\/p>\n<h5><span style=\"color: #282828;\">Inicio r\u00e1pido: Escoga su meta primaria<\/span><\/h5>\n<ul>\n<li><span style=\"color: #282828;\"><strong>\u00bfBusca nutrici\u00f3n m\u00e1xima?<\/strong> \u2192 Empieza con<span style=\"color: #0000ff;\"><strong> <a class=\"heading-underline\" style=\"color: #0000ff;\" href=\"https:\/\/caringsunshine.com\/es\/supplements\/NaturesSunshine\/products\/power-meal-2.aspx\/\">Power Meal<\/a><\/strong><\/span><\/span><\/li>\n<li><span style=\"color: #282828;\"><strong>\u00bfNecesita mejorar su rendimiento atl\u00e9tico?<\/strong> \u2192 Escoge entre<span style=\"color: #0000ff;\"><strong> <a class=\"heading-underline\" style=\"color: #0000ff;\" href=\"https:\/\/caringsunshine.com\/es\/supplements\/NaturesSunshine\/products\/aivia-plant-protein.aspx\/\">AIVIA Plant<\/a><\/strong><\/span> \u00f3 <span style=\"color: #0000ff;\"><strong><a class=\"heading-underline\" style=\"color: #0000ff;\" href=\"https:\/\/caringsunshine.com\/es\/supplements\/NaturesSunshine\/products\/aivia-whey-protein-3.aspx\/\">AIVIA Whey<\/a><\/strong><\/span><\/span><\/li>\n<li><span style=\"color: #282828;\"><strong>\u00bfQuiere opciones sin az\u00facar?<\/strong> \u2192<span style=\"color: #0000ff;\"><strong> <a class=\"heading-underline\" style=\"color: #0000ff;\" href=\"https:\/\/caringsunshine.com\/es\/supplements\/NaturesSunshine\/products\/3-2.aspx\/\">Love and Peas Sugar Free<\/a><\/strong><\/span> para cero az\u00facar o<span style=\"color: #0000ff;\"><strong> <a class=\"heading-underline\" style=\"color: #0000ff;\" href=\"https:\/\/caringsunshine.com\/es\/supplements\/NaturesSunshine\/products\/power-meal-2.aspx\/\">Power Meal<\/a><\/strong> <\/span>para ningunas az\u00facares a\u00f1adidas<\/span><\/li>\n<li><span style=\"color: #282828;\"><strong>\u00bfOpciones que se ajustan a su presupuesto?<\/strong> \u2192 <span style=\"color: #0000ff;\"><strong><a class=\"heading-underline\" style=\"color: #0000ff;\" href=\"https:\/\/caringsunshine.com\/es\/supplements\/NaturesSunshine\/products\/love-peas.aspx\/\">Love and Peas<\/a> <\/strong><\/span>para el mejor valor o <span style=\"color: #0000ff;\"><strong><a class=\"heading-underline\" style=\"color: #0000ff;\" href=\"https:\/\/caringsunshine.com\/es\/supplements\/NaturesSunshine\/products\/naturesharvest.aspx\/\">Nature\u00b4s Harvest<\/a><\/strong><\/span> para la nutrici\u00f3n de alimentos integrales<\/span><\/li>\n<\/ul>\n<p><span style=\"color: #282828;\">\u00bfNecesita una tabla de comparaci\u00f3n? <a class=\"heading-underline\" style=\"color: #282828;\" href=\"#comparison-chart\">Haga scroll abajo para ver todas las opciones.<\/a>. <\/span><\/p>\n\t\t\n<style>\n#text-3545092839 {\n  color: rgb(255, 255, 255);\n}\n#text-3545092839 > * {\n  color: rgb(255, 255, 255);\n}\n<\/style>\n\t<\/div>\n\t\n\t\t<\/div>\n\t\t\t\t\t<\/div>\n\n\t\n<\/div>\n\t\t<\/div>\n\n\t\t\n<style>\n#section_1914943901 {\n  padding-top: 30px;\n  padding-bottom: 30px;\n  background-color: rgb(176, 205, 175);\n}\n<\/style>\n\t<\/section>\n\t\n<div id=\"comparison-chart\">\n\n\t<section class=\"section\" id=\"section_1556900397\">\n\t\t<div class=\"section-bg fill\" >\n\t\t\t\t\t\t\t\t\t\n\t\t\t\n\n\t\t<\/div>\n\n\t\t\n\n\t\t<div class=\"section-content relative\">\n\t\t\t\n\t<div id=\"text-2736663582\" class=\"text\">\n\t\t\n<h3>Tabla comprensiva de comparaci\u00f3n<\/h3>\n\t\t\n<style>\n#text-2736663582 {\n  text-align: center;\n}\n<\/style>\n\t<\/div>\n\t\n\n<table border=\"1\" cellpadding=\"15\" cellspacing=\"0\" style=\"width: 100%; border-collapse: collapse; margin-top: 20px; font-family: Arial, sans-serif; font-size: 16px;\">\n<thead>\n<tr style=\"background-color: #f5f5f5;\">\n<th style=\"padding: 15px; border: 1px solid #ddd; font-weight: bold; font-size: 18px;\">PRODUCTO<\/th>\n<th style=\"padding: 15px; border: 1px solid #ddd; font-weight: bold; font-size: 18px;\">COSTO POR D\u00cdA<\/th>\n<th style=\"padding: 15px; border: 1px solid #ddd; font-weight: bold; font-size: 18px;\">TAMA\u00d1O DE LA PORCI\u00d3N<\/th>\n<th style=\"padding: 15px; border: 1px solid #ddd; font-weight: bold; font-size: 18px;\">TIPO DE PROTE\u00cdNA<\/th>\n<th style=\"padding: 15px; border: 1px solid #ddd; font-weight: bold; font-size: 18px;\">BENEFICIOS CLAVE<\/th>\n<th style=\"padding: 15px; border: 1px solid #ddd; font-weight: bold; font-size: 18px;\">LEE M\u00c1S<\/th>\n<\/tr>\n<\/thead>\n<tbody>\n<tr style=\"background-color: #f9f9f9;\">\n<td style=\"padding: 15px; border: 1px solid #ddd; vertical-align: top;\">\n        <strong>Nature\u00b4s Harvest<\/strong>\n      <\/td>\n<td style=\"padding: 15px; border: 1px solid #ddd; vertical-align: top;\">\n        $3.46\/d\u00eda\n      <\/td>\n<td style=\"padding: 15px; border: 1px solid #ddd; vertical-align: top;\">\n        1 cuchara (31g)\n      <\/td>\n<td style=\"padding: 15px; border: 1px solid #ddd; vertical-align: top;\">\n        Planta\n      <\/td>\n<td style=\"padding: 15px; border: 1px solid #ddd; vertical-align: top;\">\n        \u2022 13g prote\u00edna + 80% VD de 16 nutrientes<br \/>\n        \u2022 Whole food blend for digestive health\n      <\/td>\n<td style=\"padding: 15px; border: 1px solid #ddd; vertical-align: top;\">\n        <a href=\"https:\/\/caringsunshine.com\/es\/supplements\/NaturesSunshine\/products\/naturesharvest.aspx\/\" style=\"color: #0066cc; text-decoration: none; font-weight: bold;\">Lee sobre el producto<\/a>\n      <\/td>\n<\/tr>\n<tr>\n<td style=\"padding: 15px; border: 1px solid #ddd; vertical-align: top;\">\n        <strong>Love and Peas<\/strong>\n      <\/td>\n<td style=\"padding: 15px; border: 1px solid #ddd; vertical-align: top;\">\n        $3.20\/d\u00eda\n      <\/td>\n<td style=\"padding: 15px; border: 1px solid #ddd; vertical-align: top;\">\n        2 cucharas (48g)\n      <\/td>\n<td style=\"padding: 15px; border: 1px solid #ddd; vertical-align: top;\">\n        Guisante\n      <\/td>\n<td style=\"padding: 15px; border: 1px solid #ddd; vertical-align: top;\">\n        \u2022 Prote\u00edna de guisante natural con enzimas vegetales<br \/>\n        \u2022 Favorece la salud del coraz\u00f3n y del sistema urinario.\n      <\/td>\n<td style=\"padding: 15px; border: 1px solid #ddd; vertical-align: top;\">\n        <a href=\"https:\/\/caringsunshine.com\/es\/supplements\/NaturesSunshine\/products\/love-peas.aspx\/\" style=\"color: #0066cc; text-decoration: none; font-weight: bold;\">Lee sobre el producto<\/a>\n      <\/td>\n<\/tr>\n<tr style=\"background-color: #f9f9f9;\">\n<td style=\"padding: 15px; border: 1px solid #ddd; vertical-align: top;\">\n        <strong>Love and Peas Sugar Free<\/strong>\n      <\/td>\n<td style=\"padding: 15px; border: 1px solid #ddd; vertical-align: top;\">\n        $3.20\/d\u00eda\n      <\/td>\n<td style=\"padding: 15px; border: 1px solid #ddd; vertical-align: top;\">\n        2 cucharas (45g)\n      <\/td>\n<td style=\"padding: 15px; border: 1px solid #ddd; vertical-align: top;\">\n        Guisante\n      <\/td>\n<td style=\"padding: 15px; border: 1px solid #ddd; vertical-align: top;\">\n        \u2022 20g de prote\u00edna con aceite MCT y cero az\u00facar<br \/>\n        \u2022 Enriquecido con metilfolato y apoyo intestinal.\n      <\/td>\n<td style=\"padding: 15px; border: 1px solid #ddd; vertical-align: top;\">\n        <a href=\"https:\/\/caringsunshine.com\/es\/supplements\/NaturesSunshine\/products\/3-2.aspx\/\" style=\"color: #0066cc; text-decoration: none; font-weight: bold;\">Lee sobre el producto<\/a>\n      <\/td>\n<\/tr>\n<tr>\n<td style=\"padding: 15px; border: 1px solid #ddd; vertical-align: top;\">\n        <strong>Power Meal<\/strong>\n      <\/td>\n<td style=\"padding: 15px; border: 1px solid #ddd; vertical-align: top;\">\n        $3.66\/d\u00eda\n      <\/td>\n<td style=\"padding: 15px; border: 1px solid #ddd; vertical-align: top;\">\n        2 cucharas (57g)\n      <\/td>\n<td style=\"padding: 15px; border: 1px solid #ddd; vertical-align: top;\">\n        Planta\n      <\/td>\n<td style=\"padding: 15px; border: 1px solid #ddd; vertical-align: top;\">\n        \u2022 25g de prote\u00edna + mezcla de superalimentos con hongos<br \/>\n        \u2022 Nutrici\u00f3n completa con adapt\u00f3genos y fibra.\n      <\/td>\n<td style=\"padding: 15px; border: 1px solid #ddd; vertical-align: top;\">\n        <a href=\"https:\/\/caringsunshine.com\/es\/supplements\/NaturesSunshine\/products\/power-meal-2.aspx\/\" style=\"color: #0066cc; text-decoration: none; font-weight: bold;\">Lee sobre el producto<\/a>\n      <\/td>\n<\/tr>\n<tr style=\"background-color: #f9f9f9;\">\n<td style=\"padding: 15px; border: 1px solid #ddd; vertical-align: top;\">\n        <strong>Prote\u00ednas vegetales AIVIA<\/strong>\n      <\/td>\n<td style=\"padding: 15px; border: 1px solid #ddd; vertical-align: top;\">\n        $3.93\/d\u00eda\n      <\/td>\n<td style=\"padding: 15px; border: 1px solid #ddd; vertical-align: top;\">\n        2 cucharas (40g)\n      <\/td>\n<td style=\"padding: 15px; border: 1px solid #ddd; vertical-align: top;\">\n        Planta\n      <\/td>\n<td style=\"padding: 15px; border: 1px solid #ddd; vertical-align: top;\">\n        \u2022 20g de prote\u00edna con mezclas de hierbas de alto rendimiento<br \/>\n        \u2022 Mayor energ\u00eda, fuerza y \u200b\u200brecuperaci\u00f3n.\n      <\/td>\n<td style=\"padding: 15px; border: 1px solid #ddd; vertical-align: top;\">\n        <a href=\"https:\/\/caringsunshine.com\/es\/supplements\/NaturesSunshine\/products\/aivia-plant-protein.aspx\/\" style=\"color: #0066cc; text-decoration: none; font-weight: bold;\">Lee sobre el producto<\/a>\n      <\/td>\n<\/tr>\n<tr>\n<td style=\"padding: 15px; border: 1px solid #ddd; vertical-align: top;\">\n        <strong>Prote\u00edna de suero de leche AIVIA<\/strong>\n      <\/td>\n<td style=\"padding: 15px; border: 1px solid #ddd; vertical-align: top;\">\n        $3.86\/d\u00eda\n      <\/td>\n<td style=\"padding: 15px; border: 1px solid #ddd; vertical-align: top;\">\n        2 cucharas (40g)\n      <\/td>\n<td style=\"padding: 15px; border: 1px solid #ddd; vertical-align: top;\">\n        Suero de leche\n      <\/td>\n<td style=\"padding: 15px; border: 1px solid #ddd; vertical-align: top;\">\n        \u2022 20g de prote\u00edna de suero con mezclas de hierbas de alto rendimiento<br \/>\n        \u2022 Mayor energ\u00eda, fuerza y \u200b\u200brecuperaci\u00f3n.\n      <\/td>\n<td style=\"padding: 15px; border: 1px solid #ddd; vertical-align: top;\">\n        <a href=\"https:\/\/caringsunshine.com\/es\/supplements\/NaturesSunshine\/products\/aivia-whey-protein-3.aspx\/\" style=\"color: #0066cc; text-decoration: none; font-weight: bold;\">Lee sobre el producto<\/a>\n      <\/td>\n<\/tr>\n<\/tbody>\n<\/table>\n<style>\n@media (max-width: 768px) {\n  table {\n    font-size: 14px !important;\n  }\n  th, td {\n    padding: 10px !important;\n  }\n  th {\n    font-size: 16px !important;\n  }\n  table {\n    display: block;\n    overflow-x: auto;\n    white-space: nowrap;\n  }\n}<\/p>\n<p>@media (max-width: 480px) {\n  table {\n    font-size: 12px !important;\n  }\n  th, td {\n    padding: 8px !important;\n  }\n  th {\n    font-size: 14px !important;\n  }\n}\n<\/style>\n\n\t\t<\/div>\n\n\t\t\n<style>\n#section_1556900397 {\n  padding-top: 30px;\n  padding-bottom: 30px;\n}\n<\/style>\n\t<\/section>\n\t\n\t<div id=\"gap-1385213630\" class=\"gap-element clearfix\" style=\"display:block; height:auto;\">\n\t\t\n<style>\n#gap-1385213630 {\n  padding-top: 30px;\n}\n<\/style>\n\t<\/div>\n\t\n<h3>Preguntas frecuentes<\/h3>\n<div class=\"accordion\">\n\t<div id=\"accordion-3501291832\" class=\"accordion-item\">\n\t\t<a id=\"accordion-3501291832-label\" class=\"accordion-title plain\" href=\"#accordion-item-what&#039;s-the-difference-between-plant-protein-and-whey-protein?\" aria-expanded=\"false\" aria-controls=\"accordion-3501291832-content\">\n\t\t\t<button class=\"toggle\" aria-label=\"Toggle\"><i class=\"icon-angle-down\" aria-hidden=\"true\"><\/i><\/button>\n\t\t\t<span>\u00bfCu\u00e1l es la diferencia entre la prote\u00edna vegetal y la prote\u00edna de suero?<\/span>\n\t\t<\/a>\n\t\t<div id=\"accordion-3501291832-content\" class=\"accordion-inner\" aria-labelledby=\"accordion-3501291832-label\">\n\t\t\t\n<p>Las prote\u00ednas vegetales (como nuestras opciones de prote\u00edna de guisante) provienen de plantas y son aptas para veganos, vegetarianos y personas con intolerancia a los l\u00e1cteos. Suelen ser m\u00e1s f\u00e1ciles de digerir y aportan fibra y fitonutrientes adicionales.<\/p>\n<p>La prote\u00edna de suero proviene de la leche y se considera una prote\u00edna completa, con todos los amino\u00e1cidos esenciales en proporciones \u00f3ptimas. Se absorbe r\u00e1pidamente y es especialmente eficaz para el desarrollo muscular y la recuperaci\u00f3n.<\/p>\n<p>Ambos tipos de nuestra selecci\u00f3n proporcionan una excelente calidad de prote\u00edna; la elecci\u00f3n a menudo depende de las preferencias diet\u00e9ticas y los objetivos de salud espec\u00edficos.<\/p>\n\t\t<\/div>\n\t<\/div>\n\t\n\t<div id=\"accordion-1891806980\" class=\"accordion-item\">\n\t\t<a id=\"accordion-1891806980-label\" class=\"accordion-title plain\" href=\"#accordion-item-how-much-protein-do-i-actually-need-per-day?\" aria-expanded=\"false\" aria-controls=\"accordion-1891806980-content\">\n\t\t\t<button class=\"toggle\" aria-label=\"Toggle\"><i class=\"icon-angle-down\" aria-hidden=\"true\"><\/i><\/button>\n\t\t\t<span>\u00bfCu\u00e1nta prote\u00edna realmente necesito al d\u00eda?<\/span>\n\t\t<\/a>\n\t\t<div id=\"accordion-1891806980-content\" class=\"accordion-inner\" aria-labelledby=\"accordion-1891806980-label\">\n\t\t\t\n<p>La mayor\u00eda de los adultos necesitan entre 0.8 y 1.2 gramos de prote\u00edna por kilogramo de peso corporal al d\u00eda. Las personas activas y los atletas pueden necesitar entre 1.2 y 2.0 gramos por kilogramo.<\/p>\n<p>Para una persona de 70 kg o 150 libras, esto equivale aproximadamente a 55-80 gramos de prote\u00edna al d\u00eda para una salud general, o a 80-135 gramos para un estilo de vida activo. Una porci\u00f3n de nuestros batidos de prote\u00edna aporta entre 13 y 25 gramos, lo que los convierte en una excelente manera de ayudarte a alcanzar tus objetivos diarios de prote\u00edna.<\/p>\n\t\t<\/div>\n\t<\/div>\n\t\n\t<div id=\"accordion-4055418424\" class=\"accordion-item\">\n\t\t<a id=\"accordion-4055418424-label\" class=\"accordion-title plain\" href=\"#accordion-item-can-i-use-these-as-complete-meal-replacements?\" aria-expanded=\"false\" aria-controls=\"accordion-4055418424-content\">\n\t\t\t<button class=\"toggle\" aria-label=\"Toggle\"><i class=\"icon-angle-down\" aria-hidden=\"true\"><\/i><\/button>\n\t\t\t<span>\u00bfPuedo usarlos como reemplazos de comidas completos?<\/span>\n\t\t<\/a>\n\t\t<div id=\"accordion-4055418424-content\" class=\"accordion-inner\" aria-labelledby=\"accordion-4055418424-label\">\n\t\t\t\n<p>S\u00ed, varias de nuestras opciones est\u00e1n dise\u00f1adas espec\u00edficamente como reemplazos de comidas. <strong>Power Meal<\/strong> y <strong>Nature\u00b4s Harvest<\/strong> son los m\u00e1s completos, aportando no s\u00f3lo prote\u00ednas sino tambi\u00e9n vitaminas, minerales, fibra y otros nutrientes para apoyar una comida equilibrada.<\/p>\n<p>Las dem\u00e1s opciones funcionan bien como suplementos proteicos para complementar tus comidas habituales. Para un reemplazo completo de comida, recomendamos combinar cualquiera de nuestras prote\u00ednas con frutas, verduras o grasas saludables como la mantequilla de frutos secos para crear una comida m\u00e1s completa desde el punto de vista nutricional.<\/p>\n\t\t<\/div>\n\t<\/div>\n\t\n\t<div id=\"accordion-1741169458\" class=\"accordion-item\">\n\t\t<a id=\"accordion-1741169458-label\" class=\"accordion-title plain\" href=\"#accordion-item-are-these-shakes-suitable-for-weight-loss?\" aria-expanded=\"false\" aria-controls=\"accordion-1741169458-content\">\n\t\t\t<button class=\"toggle\" aria-label=\"Toggle\"><i class=\"icon-angle-down\" aria-hidden=\"true\"><\/i><\/button>\n\t\t\t<span>\u00bfEstos batidos son adecuados para perder peso?<\/span>\n\t\t<\/a>\n\t\t<div id=\"accordion-1741169458-content\" class=\"accordion-inner\" aria-labelledby=\"accordion-1741169458-label\">\n\t\t\t\n<p>S\u00ed, nuestros batidos de prote\u00ednas pueden contribuir a los objetivos de control de peso de varias maneras. La prote\u00edna ayuda a aumentar la saciedad (sensaci\u00f3n de saciedad), favorece la masa muscular magra durante la p\u00e9rdida de peso y tiene un mayor efecto t\u00e9rmico que los carbohidratos o las grasas (lo que significa que el cuerpo quema m\u00e1s calor\u00edas al digerirla).<\/p>\n\t\t<\/div>\n\t<\/div>\n\t\n\t<div id=\"accordion-2492194917\" class=\"accordion-item\">\n\t\t<a id=\"accordion-2492194917-label\" class=\"accordion-title plain\" href=\"#accordion-item-do-i-need-to-cycle-off-protein-shakes-or-can-i-use-them-daily?\" aria-expanded=\"false\" aria-controls=\"accordion-2492194917-content\">\n\t\t\t<button class=\"toggle\" aria-label=\"Toggle\"><i class=\"icon-angle-down\" aria-hidden=\"true\"><\/i><\/button>\n\t\t\t<span>\u00bfNecesito dejar de tomar batidos de prote\u00ednas en ciclos o puedo usarlos a diario?<\/span>\n\t\t<\/a>\n\t\t<div id=\"accordion-2492194917-content\" class=\"accordion-inner\" aria-labelledby=\"accordion-2492194917-label\">\n\t\t\t\n<p>Nuestros batidos de prote\u00ednas son seguros para el consumo diario y est\u00e1n dise\u00f1ados para formar parte de tu rutina de nutrici\u00f3n habitual. Muchos clientes los consumen a diario durante meses o incluso a\u00f1os sin ning\u00fan problema.<\/p>\n<p>Sin embargo, siempre recomendamos comer una dieta variada con alimentos integrales como fuente principal de nutrici\u00f3n, utilizando batidos de prote\u00ednas para complementar y mejorar su nutrici\u00f3n general en lugar de reemplazar todas las comidas.<\/p>\n\t\t<\/div>\n\t<\/div>\n\t\n\t<div id=\"accordion-3379230695\" class=\"accordion-item\">\n\t\t<a id=\"accordion-3379230695-label\" class=\"accordion-title plain\" href=\"#accordion-item-what-makes-aivia-different-from-your-other-protein-options?\" aria-expanded=\"false\" aria-controls=\"accordion-3379230695-content\">\n\t\t\t<button class=\"toggle\" aria-label=\"Toggle\"><i class=\"icon-angle-down\" aria-hidden=\"true\"><\/i><\/button>\n\t\t\t<span>\u00bfQu\u00e9 hace que AIVIA sea diferente de sus otras opciones de prote\u00ednas?<\/span>\n\t\t<\/a>\n\t\t<div id=\"accordion-3379230695-content\" class=\"accordion-inner\" aria-labelledby=\"accordion-3379230695-label\">\n\t\t\t\n<p>Los productos AIVIA contienen mezclas de hierbas cl\u00ednicamente estudiadas que act\u00faan espec\u00edficamente sobre las v\u00edas mTOR y AMPK, mecanismos celulares implicados en el desarrollo muscular, la producci\u00f3n de energ\u00eda y la recuperaci\u00f3n. Esto los convierte en algo m\u00e1s que una simple prote\u00edna: son f\u00f3rmulas para mejorar el rendimiento.<\/p>\n<p>Mientras que nuestras otras prote\u00ednas se centran en la nutrici\u00f3n general y el apoyo a la salud, AIVIA est\u00e1 dise\u00f1ada para atletas y personas activas que buscan mejoras de rendimiento mensurables en fuerza, resistencia y tiempo de recuperaci\u00f3n.<\/p>\n\t\t<\/div>\n\t<\/div>\n\t\n\t<div id=\"accordion-2672307920\" class=\"accordion-item\">\n\t\t<a id=\"accordion-2672307920-label\" class=\"accordion-title plain\" href=\"#accordion-item-how-should-i-prepare-these-shakes-for-best-taste-and-mixing?\" aria-expanded=\"false\" aria-controls=\"accordion-2672307920-content\">\n\t\t\t<button class=\"toggle\" aria-label=\"Toggle\"><i class=\"icon-angle-down\" aria-hidden=\"true\"><\/i><\/button>\n\t\t\t<span>\u00bfC\u00f3mo debo preparar estos batidos para obtener el mejor sabor y mezcla?<\/span>\n\t\t<\/a>\n\t\t<div id=\"accordion-2672307920-content\" class=\"accordion-inner\" aria-labelledby=\"accordion-2672307920-label\">\n\t\t\t\n<p>Para los mejores resultados:<\/p>\n<ul>\n<li><strong>Use agua fr\u00eda o cualquier l\u00edquido fr\u00edo<\/strong> \u2013 esto mejora sabor y mezclabilidad<\/li>\n<li><strong>A\u00f1ade el l\u00edquido primero, despu\u00e9s el producto de polvo<\/strong> \u2013 esto evita que se formen grumos en el fondo de su contenedor<\/li>\n<li><strong>Agita vigorosamente o utilize una licuadora.<\/strong> \u2013 los polvos de prote\u00edna se mezclan mejor con una agitaci\u00f3n completa<\/li>\n<li class=\"translation-block\"><strong>D\u00e9jalo en reposo unos 2-3 minutos<\/strong>   \u2013 esto permite que los grumos se disuelvan<\/li>\n<li><strong>Intente a\u00f1adir frutas, mantequilla de nueces o verduras<\/strong> \u2013 esto mejora la nutrici\u00f3n y sabor<\/li>\n<\/ul>\n\t\t<\/div>\n\t<\/div>\n\t\n\t<div id=\"accordion-2779995210\" class=\"accordion-item\">\n\t\t<a id=\"accordion-2779995210-label\" class=\"accordion-title plain\" href=\"#accordion-item-do-these-contain-any-artificial-ingredients-or-allergens?\" aria-expanded=\"false\" aria-controls=\"accordion-2779995210-content\">\n\t\t\t<button class=\"toggle\" aria-label=\"Toggle\"><i class=\"icon-angle-down\" aria-hidden=\"true\"><\/i><\/button>\n\t\t\t<span>\u00bfContienen alg\u00fan ingrediente artificial o al\u00e9rgeno?<\/span>\n\t\t<\/a>\n\t\t<div id=\"accordion-2779995210-content\" class=\"accordion-inner\" aria-labelledby=\"accordion-2779995210-label\">\n\t\t\t\n<p>Todos nuestros batidos de prote\u00ednas est\u00e1n formulados sin colorantes, saborizantes ni conservantes artificiales. La mayor\u00eda tambi\u00e9n est\u00e1n libres de al\u00e9rgenos comunes:<\/p>\n<ul>\n<li><strong>Todas las opciones basadas en plantas<\/strong> no contienen l\u00e1cteos, lactosa y est\u00e1n certificados como veganos.<\/li>\n<li><strong>Todos los productos<\/strong> no contienen gluten<\/li>\n<li><strong>AIVIA Whey<\/strong> contiene l\u00e1cteos (prote\u00edna de suero) pero a\u00fan as\u00ed no contiene gluten<\/li>\n<li><strong>Opciones libre de az\u00facar<\/strong> utilizan edulcorantes naturales como stevia y luo han (fruta del monje)<\/li>\n<\/ul>\n<p>Siempre revise las p\u00e1ginas individuales de los productos para obtener listas completas de ingredientes si tiene sensibilidades espec\u00edficas.<\/p>\n\t\t<\/div>\n\t<\/div>\n\t\n\t<div id=\"accordion-2215652991\" class=\"accordion-item\">\n\t\t<a id=\"accordion-2215652991-label\" class=\"accordion-title plain\" href=\"#accordion-item-what&#039;s-your-return-policy-if-i-don&#039;t-like-the-taste?\" aria-expanded=\"false\" aria-controls=\"accordion-2215652991-content\">\n\t\t\t<button class=\"toggle\" aria-label=\"Toggle\"><i class=\"icon-angle-down\" aria-hidden=\"true\"><\/i><\/button>\n\t\t\t<span>\u00bfCu\u00e1l es su pol\u00edtica de devoluci\u00f3n si no me gusta el sabor?<\/span>\n\t\t<\/a>\n\t\t<div id=\"accordion-2215652991-content\" class=\"accordion-inner\" aria-labelledby=\"accordion-2215652991-label\">\n\t\t\t\n<p>Ofrecemos una <strong>pol\u00edtica de 90 d\u00edas<\/strong> en todos nuestros productos. Si no est\u00e1 satisfecho con el sabor, la mezcla o los resultados de cualquier batido de prote\u00ednas, puede devolverlo en un plazo de 90 d\u00edas para obtener un reembolso completo.<\/p>\n<p>Esto te permite probar diferentes opciones sin riesgo y encontrar la que mejor se adapte a tus gustos y objetivos de salud. Queremos que encuentres el batido de prote\u00ednas perfecto para tu estilo de vida.<\/p>\n\t\t<\/div>\n\t<\/div>\n\t\n<\/div>\n\t<div id=\"gap-2011183828\" class=\"gap-element clearfix\" style=\"display:block; height:auto;\">\n\t\t\n<style>\n#gap-2011183828 {\n  padding-top: 30px;\n}\n<\/style>\n\t<\/div>\n\t\n\n\t<section class=\"section\" id=\"section_1873720440\">\n\t\t<div class=\"section-bg fill\" >\n\t\t\t\t\t\t\t\t\t\n\t\t\t\n\n\t\t<\/div>\n\n\t\t\n\n\t\t<div class=\"section-content relative\">\n\t\t\t\n<h3>\u00bfTodav\u00eda no est\u00e1s seguro de qu\u00e9 batido de prote\u00ednas es adecuado para ti?<\/h3>\n<ul>\n<li><a href=\"#comparison-chart\">Repase nuestra tabla de comparaci\u00f3n arriba<\/a><\/li>\n<li><span style=\"color: #0000ff;\"><a style=\"color: #0000ff;\" href=\"https:\/\/caringsunshine.com\/es\/contact\/\">Comun\u00edquese con nuestro \u00fatil equipo de atenci\u00f3n al cliente o chatee con nuestro DN.<\/a><\/span><\/li>\n<li><span style=\"color: #0000ff;\"><a style=\"color: #0000ff;\" href=\"https:\/\/caringsunshine.com\/es\/supplements\/NaturesSunshine\/products\/power-meal-2.aspx\/\">Comience con nuestra opci\u00f3n m\u00e1s popular: Power Meal.<\/a><\/span><\/li>\n<\/ul>\n\t\t<\/div>\n\n\t\t\n<style>\n#section_1873720440 {\n  padding-top: 30px;\n  padding-bottom: 30px;\n  background-color: #dddddd;\n}\n<\/style>\n\t<\/section>","protected":false},"excerpt":{"rendered":"<p>Preguntas frecuentes<\/p>","protected":false},"author":37812,"featured_media":0,"parent":0,"menu_order":0,"comment_status":"closed","ping_status":"closed","template":"","meta":{"_acf_changed":false,"footnotes":""},"rapid":[],"class_list":["post-3587829","page","type-page","status-publish","hentry"],"acf":[],"_links":{"self":[{"href":"https:\/\/caringsunshine.com\/es\/wp-json\/wp\/v2\/pages\/3587829","targetHints":{"allow":["GET"]}}],"collection":[{"href":"https:\/\/caringsunshine.com\/es\/wp-json\/wp\/v2\/pages"}],"about":[{"href":"https:\/\/caringsunshine.com\/es\/wp-json\/wp\/v2\/types\/page"}],"author":[{"embeddable":true,"href":"https:\/\/caringsunshine.com\/es\/wp-json\/wp\/v2\/users\/37812"}],"replies":[{"embeddable":true,"href":"https:\/\/caringsunshine.com\/es\/wp-json\/wp\/v2\/comments?post=3587829"}],"version-history":[{"count":9,"href":"https:\/\/caringsunshine.com\/es\/wp-json\/wp\/v2\/pages\/3587829\/revisions"}],"predecessor-version":[{"id":3587852,"href":"https:\/\/caringsunshine.com\/es\/wp-json\/wp\/v2\/pages\/3587829\/revisions\/3587852"}],"wp:attachment":[{"href":"https:\/\/caringsunshine.com\/es\/wp-json\/wp\/v2\/media?parent=3587829"}],"wp:term":[{"taxonomy":"rapid","embeddable":true,"href":"https:\/\/caringsunshine.com\/es\/wp-json\/wp\/v2\/rapid?post=3587829"}],"curies":[{"name":"wp","href":"https:\/\/api.w.org\/{rel}","templated":true}]}}