{"id":3560347,"date":"2025-07-21T10:45:22","date_gmt":"2025-07-21T17:45:22","guid":{"rendered":"https:\/\/caringsunshine.com\/?page_id=3560347"},"modified":"2025-11-06T11:23:52","modified_gmt":"2025-11-06T19:23:52","slug":"comparing-the-tests","status":"publish","type":"page","link":"https:\/\/caringsunshine.com\/es\/comparing-the-tests\/","title":{"rendered":"Comparing the tests"},"content":{"rendered":"<div class=\"row\"  id=\"row-802035472\">\n\n\t<div id=\"col-67234711\" class=\"col small-12 large-12\"  >\n\t\t\t\t<div class=\"col-inner\"  >\n\t\t\t\n\t\t\t\n\t<div id=\"text-2578057364\" class=\"text\">\n\t\t\n<h2>Comparaci\u00f3n de las diferentes pruebas de laboratorio caseras<\/h2>\n\t\t\n<style>\n#text-2578057364 {\n  text-align: center;\n}\n<\/style>\n\t<\/div>\n\t\n\n<style>\n  @media screen and (max-width: 600px) {\n    table, thead, tbody, th, td, tr {\n      font-size: 14px;\n    }\n    th, td {\n      padding: 6px;\n    }\n  }\n<\/style>\n<div style=\"overflow-x: auto;\">\n<table style=\"width: 100%; border-collapse: collapse; font-family: sans-serif;\">\n<thead style=\"background-color: rgb(59, 82, 72); color: white;\">\n<tr>\n<th style=\"padding: 8px; border: 1px solid #ccc;\">Test Name<\/th>\n<th style=\"padding: 8px; border: 1px solid #ccc;\">Precio<\/th>\n<th style=\"padding: 8px; border: 1px solid #ccc;\">Sample Type<\/th>\n<th style=\"padding: 8px; border: 1px solid #ccc;\">Ideal para<\/th>\n<th style=\"padding: 8px; border: 1px solid #ccc;\">Informaci\u00f3n sobre los resultados<\/th>\n<\/tr>\n<\/thead>\n<tbody>\n<tr style=\"background-color: rgb(254, 254, 244);\">\n<td style=\"padding: 8px; border: 1px solid #ccc;\">\n          <a href=\"https:\/\/caringsunshine.com\/es\/supplements\/NaturesSunshine\/products\/hormone-urinary-metabolites-assessment-profile-humap.aspx\/\" target=\"_blank\" style=\"color: rgb(59, 82, 72); font-weight: bold;\">HuMap (Metabolitos de orina y hormonas)<\/a>\n        <\/td>\n<td style=\"padding: 8px; border: 1px solid #ccc;\">$399.95<\/td>\n<td style=\"padding: 8px; border: 1px solid #ccc;\">Orina (en casa)<\/td>\n<td style=\"padding: 8px; border: 1px solid #ccc;\">Desequilibrio hormonal, fatiga, cambios de humor, libido<\/td>\n<td style=\"padding: 8px; border: 1px solid #ccc;\">Analiza los niveles hormonales y los patrones metab\u00f3licos.<\/td>\n<\/tr>\n<tr style=\"background-color: rgb(249, 249, 249);\">\n<td style=\"padding: 8px; border: 1px solid #ccc;\">\n          <a href=\"https:\/\/caringsunshine.com\/es\/supplements\/NaturesSunshine\/products\/hair-toxic-elements.aspx\/\" target=\"_blank\" style=\"color: rgb(59, 82, 72); font-weight: bold;\">Hair Elements (Metales T\u00f3xicos)<\/a>\n        <\/td>\n<td style=\"padding: 8px; border: 1px solid #ccc;\">$159.95<\/td>\n<td style=\"padding: 8px; border: 1px solid #ccc;\">Cabello (en casa)<\/td>\n<td style=\"padding: 8px; border: 1px solid #ccc;\">Exposici\u00f3n a sustancias t\u00f3xicas, fatiga, confusi\u00f3n mental<\/td>\n<td style=\"padding: 8px; border: 1px solid #ccc;\">Detecta la acumulaci\u00f3n de metales pesados \u200b\u200by los desequilibrios minerales.<\/td>\n<\/tr>\n<tr style=\"background-color: rgb(254, 254, 244);\">\n<td style=\"padding: 8px; border: 1px solid #ccc;\">\n          <a href=\"https:\/\/caringsunshine.com\/es\/supplements\/NaturesSunshine\/products\/gi360-essentials.aspx\/\" target=\"_blank\" style=\"color: rgb(59, 82, 72); font-weight: bold;\">GI360 Essentials (Salud Digestiva)<\/a>\n        <\/td>\n<td style=\"padding: 8px; border: 1px solid #ccc;\">$599.95<\/td>\n<td style=\"padding: 8px; border: 1px solid #ccc;\">Heces (en casa)<\/td>\n<td style=\"padding: 8px; border: 1px solid #ccc;\">S\u00edndrome del intestino irritable, hinchaz\u00f3n, gases, intolerancias alimentarias<\/td>\n<td style=\"padding: 8px; border: 1px solid #ccc;\">Mapea el equilibrio del microbioma y los marcadores de digesti\u00f3n<\/td>\n<\/tr>\n<tr style=\"background-color: rgb(249, 249, 249);\">\n<td style=\"padding: 8px; border: 1px solid #ccc;\">\n          <a href=\"https:\/\/caringsunshine.com\/es\/supplements\/NaturesSunshine\/products\/yeast-culture.aspx\/\" target=\"_blank\" style=\"color: rgb(59, 82, 72); font-weight: bold;\">Cultivo de levadura (Sobrecrecimiento de c\u00e1ndida)<\/a>\n        <\/td>\n<td style=\"padding: 8px; border: 1px solid #ccc;\">$124.95<\/td>\n<td style=\"padding: 8px; border: 1px solid #ccc;\">Heces (en casa)<\/td>\n<td style=\"padding: 8px; border: 1px solid #ccc;\">Infecciones recurrentes, fatiga, picaz\u00f3n<\/td>\n<td style=\"padding: 8px; border: 1px solid #ccc;\">Pruebas para detectar el crecimiento excesivo de levaduras y c\u00e1ndida<\/td>\n<\/tr>\n<tr style=\"background-color: rgb(254, 254, 244);\">\n<td style=\"padding: 8px; border: 1px solid #ccc;\">\n          <a href=\"https:\/\/caringsunshine.com\/es\/supplements\/NaturesSunshine\/products\/adrenal-function-profile.aspx\/\" target=\"_blank\" style=\"color: rgb(59, 82, 72); font-weight: bold;\">Adrenal Hormone Profile<\/a>\n        <\/td>\n<td style=\"padding: 8px; border: 1px solid #ccc;\">$224.95<\/td>\n<td style=\"padding: 8px; border: 1px solid #ccc;\">Saliva (en casa)<\/td>\n<td style=\"padding: 8px; border: 1px solid #ccc;\">Agotamiento, insomnio, antojos de sal<\/td>\n<td style=\"padding: 8px; border: 1px solid #ccc;\">Registra el ritmo del cortisol a lo largo del d\u00eda<\/td>\n<\/tr>\n<tr style=\"background-color: rgb(249, 249, 249);\">\n<td style=\"padding: 8px; border: 1px solid #ccc;\">\n          <a href=\"https:\/\/caringsunshine.com\/es\/supplements\/NaturesSunshine\/products\/sibo-and-ibs-breath-test.aspx\/\" target=\"_blank\" style=\"color: rgb(59, 82, 72); font-weight: bold;\">Prueba de aliento para SIBO\/IBS<\/a>\n        <\/td>\n<td style=\"padding: 8px; border: 1px solid #ccc;\">$599.95<\/td>\n<td style=\"padding: 8px; border: 1px solid #ccc;\">Aliento (en casa)<\/td>\n<td style=\"padding: 8px; border: 1px solid #ccc;\">Gases, hinchaz\u00f3n, diarrea, intolerancia a los FODMAP<\/td>\n<td style=\"padding: 8px; border: 1px solid #ccc;\">Detecta el sobrecrecimiento bacteriano y de metan\u00f3genos (SIBO\/IMO)<\/td>\n<\/tr>\n<tr style=\"background-color: rgb(254, 254, 244);\">\n<td style=\"padding: 8px; border: 1px solid #ccc;\">\n          <a href=\"https:\/\/caringsunshine.com\/es\/supplements\/NaturesSunshine\/products\/fatty-acids.aspx\/\" target=\"_blank\" style=\"color: rgb(59, 82, 72); font-weight: bold;\">Panel de \u00e1cidos grasos<\/a>\n        <\/td>\n<td style=\"padding: 8px; border: 1px solid #ccc;\">$399.95<\/td>\n<td style=\"padding: 8px; border: 1px solid #ccc;\">Sangre (extracci\u00f3n en laboratorio)<\/td>\n<td style=\"padding: 8px; border: 1px solid #ccc;\">Problemas cognitivos, inflamaci\u00f3n, salud cardiovascular, estado de \u00e1nimo<\/td>\n<td style=\"padding: 8px; border: 1px solid #ccc;\">Eval\u00faa los niveles de \u00e1cidos grasos esenciales y no esenciales.<\/td>\n<\/tr>\n<tr style=\"background-color: rgb(249, 249, 249);\">\n<td style=\"padding: 8px; border: 1px solid #ccc;\">\n          <a href=\"https:\/\/caringsunshine.com\/es\/supplements\/NaturesSunshine\/products\/bone-health-panel.aspx\/\" target=\"_blank\" style=\"color: rgb(59, 82, 72); font-weight: bold;\">Panel de salud esqueletal<\/a>\n        <\/td>\n<td style=\"padding: 8px; border: 1px solid #ccc;\">$299.95<\/td>\n<td style=\"padding: 8px; border: 1px solid #ccc;\">Saliva + Orina (en casa)<\/td>\n<td style=\"padding: 8px; border: 1px solid #ccc;\">Riesgo de osteoporosis, posmenopausia, p\u00e9rdida \u00f3sea<\/td>\n<td style=\"padding: 8px; border: 1px solid #ccc;\">Eval\u00faa los marcadores del metabolismo hormonal y \u00f3seo.<\/td>\n<\/tr>\n<tr style=\"background-color: rgb(249, 249, 249);\">\n<td style=\"padding: 8px; border: 1px solid #ccc;\">\n          <a href=\"https:\/\/caringsunshine.com\/es\/supplements\/NaturesSunshine\/products\/food-sensitivity-panel.aspx\/\" target=\"_blank\" style=\"color: rgb(59, 82, 72); font-weight: bold;\">Panel de sensibilidad de alimentos (96 IgG Foods)<\/a>\n        <\/td>\n<td style=\"padding: 8px; border: 1px solid #ccc;\">$239.95<\/td>\n<td style=\"padding: 8px; border: 1px solid #ccc;\">Sangre (extracci\u00f3n en laboratorio)<\/td>\n<td style=\"padding: 8px; border: 1px solid #ccc;\">Problemas de la piel, fatiga, hinchaz\u00f3n, migra\u00f1as<\/td>\n<td style=\"padding: 8px; border: 1px solid #ccc;\">Detecta reacciones inmunitarias tard\u00edas a alimentos comunes<\/td>\n<\/tr>\n<\/tbody>\n<\/table>\n<\/div>\n\n\t\t<\/div>\n\t\t\t\t\t<\/div>\n\n\t\n<\/div>","protected":false},"excerpt":{"rendered":"","protected":false},"author":37812,"featured_media":0,"parent":0,"menu_order":0,"comment_status":"closed","ping_status":"closed","template":"","meta":{"_acf_changed":false,"footnotes":""},"rapid":[],"class_list":["post-3560347","page","type-page","status-publish","hentry"],"acf":[],"_links":{"self":[{"href":"https:\/\/caringsunshine.com\/es\/wp-json\/wp\/v2\/pages\/3560347","targetHints":{"allow":["GET"]}}],"collection":[{"href":"https:\/\/caringsunshine.com\/es\/wp-json\/wp\/v2\/pages"}],"about":[{"href":"https:\/\/caringsunshine.com\/es\/wp-json\/wp\/v2\/types\/page"}],"author":[{"embeddable":true,"href":"https:\/\/caringsunshine.com\/es\/wp-json\/wp\/v2\/users\/37812"}],"replies":[{"embeddable":true,"href":"https:\/\/caringsunshine.com\/es\/wp-json\/wp\/v2\/comments?post=3560347"}],"version-history":[{"count":13,"href":"https:\/\/caringsunshine.com\/es\/wp-json\/wp\/v2\/pages\/3560347\/revisions"}],"predecessor-version":[{"id":3614026,"href":"https:\/\/caringsunshine.com\/es\/wp-json\/wp\/v2\/pages\/3560347\/revisions\/3614026"}],"wp:attachment":[{"href":"https:\/\/caringsunshine.com\/es\/wp-json\/wp\/v2\/media?parent=3560347"}],"wp:term":[{"taxonomy":"rapid","embeddable":true,"href":"https:\/\/caringsunshine.com\/es\/wp-json\/wp\/v2\/rapid?post=3560347"}],"curies":[{"name":"wp","href":"https:\/\/api.w.org\/{rel}","templated":true}]}}