{"id":3550721,"date":"2025-06-17T11:00:28","date_gmt":"2025-06-17T18:00:28","guid":{"rendered":"https:\/\/caringsunshine.com\/?page_id=3550721"},"modified":"2025-06-17T12:08:11","modified_gmt":"2025-06-17T19:08:11","slug":"health-education-center","status":"publish","type":"page","link":"https:\/\/caringsunshine.com\/es\/health-education-center\/","title":{"rendered":"Centro de Educaci\u00f3n Sanitaria"},"content":{"rendered":"<div id=\"gap-728273628\" class=\"gap-element clearfix\" style=\"display:block; height:auto;\">\n\t\t\n<style>\n#gap-728273628 {\n  padding-top: 30px;\n}\n<\/style>\n\t<\/div>\n\t\n<div class=\"row\"  id=\"row-1729054038\">\n\n\t<div id=\"col-817599435\" class=\"col small-12 large-12\"  >\n\t\t\t\t<div class=\"col-inner\"  >\n\t\t\t\n\t\t\t\n<h2>No haga conjeturas sobre su salud<\/h2>\n<p>Disponemos de recursos incre\u00edbles para ayudarle a conocer lo que ocurre en nuestro organismo y a tomar decisiones acertadas en materia de salud.<\/p>\n\t\t<\/div>\n\t\t\t\t\t<\/div>\n\n\t\n<\/div>\n<div class=\"row\"  id=\"row-383565156\">\n\n\t<div id=\"col-1161557174\" class=\"col medium-4 small-12 large-4\"  >\n\t\t\t\t<div class=\"col-inner\" style=\"background-color:rgb(255, 255, 255);\" >\n\t\t\t\n\t<div class=\"is-border\"\n\t\tstyle=\"border-color:rgb(0, 0, 0);border-width:1px 1px 1px 1px;\">\n\t<\/div>\n\t\t\t\n\t<div id=\"text-3837678942\" class=\"text\">\n\t\t\n<h3>Asistencia gratuita en directo con nuestro m\u00e9dico natur\u00f3pata<\/h3>\n\t\t\n<style>\n#text-3837678942 {\n  text-align: center;\n}\n<\/style>\n\t<\/div>\n\t\n<p>Obtenga orientaci\u00f3n sanitaria personalizada de la Dra. Shannyn Fowl, nuestra doctora natur\u00f3pata licenciada. Si tiene preguntas sobre suplementos, problemas de salud u objetivos de bienestar, estamos aqu\u00ed para ayudarle.<\/p>\n<ul class=\"features custom-checkbox-list\">\n<li>Consultas gratuitas de 15 minutos a trav\u00e9s de Zoom<\/li>\n<li>Asistencia por correo electr\u00f3nico<\/li>\n<li>Recomendaciones personalizadas de suplementos<\/li>\n<li>Enfoque hol\u00edstico de la salud<\/li>\n<\/ul>\n\t<div id=\"text-102039400\" class=\"text\">\n\t\t\n<p><strong>Sin coste ni compromiso.<\/strong>\u00a0S\u00f3lo el consejo experto de un profesional licenciado que entiende su viaje de salud.<\/p>\n\t\t\n<style>\n#text-102039400 {\n  color: rgb(0, 0, 0);\n}\n#text-102039400 > * {\n  color: rgb(0, 0, 0);\n}\n<\/style>\n\t<\/div>\n\t\n<a href=\"https:\/\/caringsunshine.com\/es\/dr-shannyn-fowl-biography\/\" class=\"button alert\" >\n\t\t<span>Reserve ahora<\/span>\n\t<\/a>\n\n\t\t<\/div>\n\t\t\t\t\n<style>\n#col-1161557174 > .col-inner {\n  padding: 10px 10px 10px 10px;\n}\n<\/style>\n\t<\/div>\n\n\t\n\n\t<div id=\"col-602637471\" class=\"col medium-4 small-12 large-4\"  >\n\t\t\t\t<div class=\"col-inner\" style=\"background-color:rgb(255, 255, 255);\" >\n\t\t\t\n\t<div class=\"is-border\"\n\t\tstyle=\"border-color:rgb(0, 0, 0);border-width:1px 1px 1px 1px;\">\n\t<\/div>\n\t\t\t\n\t<div id=\"text-1663603755\" class=\"text\">\n\t\t\n<h3>Centro Integral de Investigaci\u00f3n<\/h3>\n\t\t\n<style>\n#text-1663603755 {\n  text-align: center;\n}\n<\/style>\n\t<\/div>\n\t\n<p>Acceda a nuestra amplia base de datos de ingredientes de suplementos, remedios naturales e informaci\u00f3n sanitaria. Tome decisiones informadas sobre su bienestar con investigaciones respaldadas por la ciencia.<\/p>\n<ul class=\"features custom-checkbox-list\">\n<li>Perfiles detallados de los ingredientes y ventajas<\/li>\n<li>Remedios naturales para enfermedades comunes<\/li>\n<li>Los sistemas corporales y el apoyo que les prestan los suplementos<\/li>\n<li>Usos tradicionales e investigaci\u00f3n moderna<\/li>\n<\/ul>\n<p><strong>Empod\u00e9rate de conocimientos.<\/strong>\u00a0Saber qu\u00e9 se toma y por qu\u00e9 ayuda a tomar mejores decisiones en materia de salud.<\/p>\n<a href=\"https:\/\/caringsunshine.com\/es\/health-research-tool\/\" class=\"button alert\" >\n\t\t<span>Explore<\/span>\n\t<\/a>\n\n\t\t<\/div>\n\t\t\t\t\n<style>\n#col-602637471 > .col-inner {\n  padding: 10px 10px 10px 10px;\n}\n<\/style>\n\t<\/div>\n\n\t\n\n\t<div id=\"col-480359191\" class=\"col medium-4 small-12 large-4\"  >\n\t\t\t\t<div class=\"col-inner\" style=\"background-color:rgb(255, 255, 255);\" >\n\t\t\t\n\t<div class=\"is-border\"\n\t\tstyle=\"border-color:rgb(0, 0, 0);border-width:1px 1px 1px 1px;\">\n\t<\/div>\n\t\t\t\n\t<div id=\"text-1556660075\" class=\"text\">\n\t\t\n<h3>Pruebas de laboratorio a domicilio<\/h3>\n\t\t\n<style>\n#text-1556660075 {\n  text-align: center;\n}\n<\/style>\n\t<\/div>\n\t\n<p>Elimine las conjeturas sobre su salud. Nuestros c\u00f3modos kits de an\u00e1lisis caseros ayudan a identificar exactamente lo que tu cuerpo necesita, para que puedas elegir los suplementos que realmente funcionan para ti.<\/p>\n<ul class=\"features custom-checkbox-list\">\n<li>Salud intestinal y pruebas del microbioma intestinal<\/li>\n<li>Funci\u00f3n suprarrenal y respuesta al estr\u00e9s<\/li>\n<li>Equilibrio hormonal y salud sexual<\/li>\n<li>Pruebas de sensibilidad y alergia alimentarias<\/li>\n<\/ul>\n<p><strong>Prueba, no adivines.<\/strong>\u00a0Sepa exactamente qu\u00e9 necesita su cuerpo antes de invertir en suplementos.<\/p>\n<a href=\"https:\/\/caringsunshine.com\/es\/lab-testing\/\" class=\"button alert\" >\n\t\t<span>Examinar las pruebas<\/span>\n\t<\/a>\n\n\t\t<\/div>\n\t\t\t\t\n<style>\n#col-480359191 > .col-inner {\n  padding: 10px 10px 10px 10px;\n}\n<\/style>\n\t<\/div>\n\n\t\n<\/div>","protected":false},"excerpt":{"rendered":"","protected":false},"author":37812,"featured_media":0,"parent":0,"menu_order":0,"comment_status":"closed","ping_status":"closed","template":"page-blank.php","meta":{"_acf_changed":false,"footnotes":""},"rapid":[],"class_list":["post-3550721","page","type-page","status-publish","hentry"],"acf":[],"_links":{"self":[{"href":"https:\/\/caringsunshine.com\/es\/wp-json\/wp\/v2\/pages\/3550721","targetHints":{"allow":["GET"]}}],"collection":[{"href":"https:\/\/caringsunshine.com\/es\/wp-json\/wp\/v2\/pages"}],"about":[{"href":"https:\/\/caringsunshine.com\/es\/wp-json\/wp\/v2\/types\/page"}],"author":[{"embeddable":true,"href":"https:\/\/caringsunshine.com\/es\/wp-json\/wp\/v2\/users\/37812"}],"replies":[{"embeddable":true,"href":"https:\/\/caringsunshine.com\/es\/wp-json\/wp\/v2\/comments?post=3550721"}],"version-history":[{"count":19,"href":"https:\/\/caringsunshine.com\/es\/wp-json\/wp\/v2\/pages\/3550721\/revisions"}],"predecessor-version":[{"id":3550782,"href":"https:\/\/caringsunshine.com\/es\/wp-json\/wp\/v2\/pages\/3550721\/revisions\/3550782"}],"wp:attachment":[{"href":"https:\/\/caringsunshine.com\/es\/wp-json\/wp\/v2\/media?parent=3550721"}],"wp:term":[{"taxonomy":"rapid","embeddable":true,"href":"https:\/\/caringsunshine.com\/es\/wp-json\/wp\/v2\/rapid?post=3550721"}],"curies":[{"name":"wp","href":"https:\/\/api.w.org\/{rel}","templated":true}]}}