{"id":3393702,"date":"2025-05-28T13:18:21","date_gmt":"2025-05-28T20:18:21","guid":{"rendered":"https:\/\/caringsunshine.com\/?page_id=3393702"},"modified":"2026-01-20T13:30:28","modified_gmt":"2026-01-20T21:30:28","slug":"newcustomer","status":"publish","type":"page","link":"https:\/\/caringsunshine.com\/es\/newcustomer\/","title":{"rendered":"P\u00e1gina de destino para nuevos clientes"},"content":{"rendered":"<section class=\"section\" id=\"section_1613128228\">\n\t\t<div class=\"section-bg fill\" >\n\t\t\t\t\t\t\t\t\t\n\t\t\t\n\n\t\t<\/div>\n\n\t\t\n\n\t\t<div class=\"section-content relative\">\n\t\t\t\n<div class=\"row\"  id=\"row-1334633022\">\n\n\t<div id=\"col-1158415189\" class=\"col small-12 large-12\"  >\n\t\t\t\t<div class=\"col-inner\"  >\n\t\t\t\n\t\t\t\n<div class=\"container section-title-container\" ><h4 class=\"section-title section-title-center\"><b aria-hidden=\"true\"><\/b><span class=\"section-title-main\" >New to caring Sunshine? Save 25% on select Products<\/span><b aria-hidden=\"true\"><\/b><\/h4><\/div>\n\t\t<\/div>\n\t\t\t\t\t<\/div>\n\n\t\n<\/div>\n<div class=\"row\"  id=\"row-1083113888\">\n\n\t<div id=\"col-495926848\" class=\"col medium-6 small-12 large-6\"  >\n\t\t\t\t<div class=\"col-inner\"  >\n\t\t\t\n\t\t\t\n\t<div class=\"img has-hover x md-x lg-x y md-y lg-y\" id=\"image_2072177925\">\n\t\t\t\t\t\t\t\t<div class=\"img-inner dark\" >\n\t\t\t<img decoding=\"async\" width=\"768\" height=\"768\" src=\"https:\/\/caringsunshine.com\/wp-content\/uploads\/2025\/05\/170_cascarasagrada_life-1920.webp\" class=\"attachment-large size-large\" alt=\"cascara sagrada promo\" srcset=\"https:\/\/caringsunshine.com\/wp-content\/uploads\/2025\/05\/170_cascarasagrada_life-1920.webp 768w, https:\/\/caringsunshine.com\/wp-content\/uploads\/2025\/05\/170_cascarasagrada_life-1920-340x340.webp 340w, https:\/\/caringsunshine.com\/wp-content\/uploads\/2025\/05\/170_cascarasagrada_life-1920-12x12.webp 12w, https:\/\/caringsunshine.com\/wp-content\/uploads\/2025\/05\/170_cascarasagrada_life-1920-300x300.webp 300w, https:\/\/caringsunshine.com\/wp-content\/uploads\/2025\/05\/170_cascarasagrada_life-1920-100x100.webp 100w, https:\/\/caringsunshine.com\/wp-content\/uploads\/2025\/05\/170_cascarasagrada_life-1920-64x64.webp 64w\" sizes=\"(max-width: 768px) 100vw, 768px\" \/>\t\t\t\t\t\t\n\t\t\t\t\t<\/div>\n\t\t\t\t\t\t\t\t\n<style>\n#image_2072177925 {\n  width: 100%;\n}\n<\/style>\n\t<\/div>\n\t\n\t\t<\/div>\n\t\t\t\t\t<\/div>\n\n\t\n\n\t<div id=\"col-156181739\" class=\"col medium-6 small-12 large-6\"  >\n\t\t\t\t<div class=\"col-inner\"  >\n\t\t\t\n\t\t\t\n\t<div id=\"text-2759013111\" class=\"text\">\n\t\t\n<h4 class=\"uppercase\" style=\"text-align: left;\">Bienvenido a la familia Caring Sunshine<\/h4>\n<p><strong>Calidad aut\u00e9ntica<\/strong> - Productos frescos y genuinos directo del fabricante - nunca expiradas o falsificadas<br \/><strong>Orientaci\u00f3n experta<\/strong> - Consultas gratuitas de 15 minutos con Dra. Shannyn, nuestra doctora naturop\u00e1tica en casa.<br \/><strong>Pruebas de laboratorios disponibles<\/strong> - No se conforme a adivinar con nuestras pruebas de laboratorios (muestras de heces, orina, ADN). Crea un r\u00e9gimen de suplementos que verdaderamente funciona para su cuerpo.<br \/><strong>Servicio sin molestias<\/strong> - Un sistema de pedidos simple y transparente. No requiere membres\u00edas, sin env\u00edos autom\u00e1ticos compulsorios y sin honorarios escondidos.<\/p>\n\t\t\n<style>\n#text-2759013111 {\n  line-height: 1.85;\n}\n<\/style>\n\t<\/div>\n\t\n\t\t<\/div>\n\t\t\t\t\t<\/div>\n\n\t\n<\/div>\n\t\t<\/div>\n\n\t\t\n<style>\n#section_1613128228 {\n  padding-top: 30px;\n  padding-bottom: 30px;\n}\n<\/style>\n\t<\/section>\n\t\n\n\t<section class=\"section\" id=\"section_1313608386\">\n\t\t<div class=\"section-bg fill\" >\n\t\t\t\t\t\t\t\t\t<div class=\"section-bg-overlay absolute fill\"><\/div>\n\t\t\t\n\t<div class=\"is-border\"\n\t\tstyle=\"border-width:1px 0px 1px 0px;\">\n\t<\/div>\n\n\t\t<\/div>\n\n\t\t\n\n\t\t<div class=\"section-content relative\">\n\t\t\t\n<div class=\"container section-title-container\" ><h3 class=\"section-title section-title-center\"><b aria-hidden=\"true\"><\/b><span class=\"section-title-main\" >\u00bfPor qu\u00e9 Caring Sunshine?<\/span><b aria-hidden=\"true\"><\/b><\/h3><\/div>\n<div class=\"row\"  id=\"row-1512895172\">\n\n\t<div id=\"col-704414922\" class=\"col medium-6 small-12 large-6\"  >\n\t\t\t\t<div class=\"col-inner\"  >\n\t\t\t\n\t\t\t\n<p>La vida es un poco desordenada, pidi\u00e9ndo sus productos de Nature\u00b4s Sunshine no lo deber\u00eda serlo. No hay membres\u00edas, no requerimos env\u00edos autom\u00e1ticos y no hay riesgos con nuestra garant\u00eda de 90 d\u00edas. S\u00f3lo ordenaci\u00f3n simple, comunicaci\u00f3n clara y servicio amigable. M\u00edmate, tr\u00e1tanos.<\/p>\n<p>Somos un negocio de familia basados en Georgia, vendiendo productos de Natuer\u00b4s Sunshine desde el 1999. Nuestros hijos crecieron trabajando en nuestro primer almacenito en nuestro s\u00f3tano, empacando pedidos cada ma\u00f1ana. Hoy, continuamos ese mismo toque personal con cada cliente.<\/p>\n\t\t<\/div>\n\t\t\t\t\t<\/div>\n\n\t\n\n\t<div id=\"col-1953440986\" class=\"col medium-6 small-12 large-6\"  >\n\t\t\t\t<div class=\"col-inner\"  >\n\t\t\t\n\t\t\t\n\t<div class=\"img has-hover x md-x lg-x y md-y lg-y\" id=\"image_877373173\">\n\t\t\t\t\t\t\t\t<div class=\"img-inner dark\" >\n\t\t\t<img decoding=\"async\" width=\"1020\" height=\"678\" src=\"https:\/\/caringsunshine.com\/wp-content\/uploads\/2025\/05\/Group-Shot.jpeg\" class=\"attachment-large size-large\" alt=\"\" srcset=\"https:\/\/caringsunshine.com\/wp-content\/uploads\/2025\/05\/Group-Shot.jpeg 1024w, https:\/\/caringsunshine.com\/wp-content\/uploads\/2025\/05\/Group-Shot-800x532.jpeg 800w, https:\/\/caringsunshine.com\/wp-content\/uploads\/2025\/05\/Group-Shot-768x511.jpeg 768w, https:\/\/caringsunshine.com\/wp-content\/uploads\/2025\/05\/Group-Shot-18x12.jpeg 18w, https:\/\/caringsunshine.com\/wp-content\/uploads\/2025\/05\/Group-Shot-300x200.jpeg 300w, https:\/\/caringsunshine.com\/wp-content\/uploads\/2025\/05\/Group-Shot-64x43.jpeg 64w\" sizes=\"(max-width: 1020px) 100vw, 1020px\" \/>\t\t\t\t\t\t\n\t\t\t\t\t<\/div>\n\t\t\t\t\t\t\t\t\n<style>\n#image_877373173 {\n  width: 100%;\n}\n<\/style>\n\t<\/div>\n\t\n\t\t<\/div>\n\t\t\t\t\t<\/div>\n\n\t\n<\/div>\n<div class=\"container section-title-container\" ><h4 class=\"section-title section-title-center\"><b aria-hidden=\"true\"><\/b><span class=\"section-title-main\" >Esc\u00facha de nuestros clientes incre\u00edbles<\/span><b aria-hidden=\"true\"><\/b><\/h4><\/div>\n<div class=\"row\"  id=\"row-1816160234\">\n\n\t<div id=\"col-1022070549\" class=\"col small-12 large-12\"  >\n\t\t\t\t<div class=\"col-inner\"  >\n\t\t\t\n\t\t\t\n  <div class=\"icon-box testimonial-box icon-box-left text-left\">\n                <div class=\"icon-box-text p-last-0\">\n          <div class=\"star-rating\" role=\"img\" aria-label=\"Rated 5 out of 5\"><span style=\"width:100%\"><strong class=\"rating\"><\/strong><\/span><\/div>  \t\t\t\t<div class=\"testimonial-text line-height-small italic test_text first-reset last-reset is-italic\">\n            \n<p>Esta compa\u00f1ia sigue ofreciendo un servicio al cliente excelente. Desde los art\u00edculos semanales, simplificar el proceso de ordenar, precios justos hasta recibir mi pedido correctamente y r\u00e1pidamente. Ahora est\u00e1n presentando un examinaci\u00f3n de pedidos y el mejor valor. No puedo parar de decir cosas buenas. Gracias Caring Sunshine.<\/p>\n          <\/div>\n          <div class=\"testimonial-meta pt-half\">\n             <strong class=\"testimonial-name test_name\"><\/strong>\n                          <span class=\"testimonial-company test_company\"><\/span>\n          <\/div>\n        <\/div>\n  <\/div>\n\n  \n  <div class=\"icon-box testimonial-box icon-box-left text-left\">\n                <div class=\"icon-box-text p-last-0\">\n          <div class=\"star-rating\" role=\"img\" aria-label=\"Rated 5 out of 5\"><span style=\"width:100%\"><strong class=\"rating\"><\/strong><\/span><\/div>  \t\t\t\t<div class=\"testimonial-text line-height-small italic test_text first-reset last-reset is-italic\">\n            \n<p>Caring Sunshine es una compa\u00f1ia maravillosa que no encuentras en cualquier lugar. Proveen un servicio extraordinario, env\u00edo r\u00e1pido. Recominedo much\u00edsimo esta compa\u00f1\u00eda confiable. Sepa que est\u00e1 en buenas manos.<\/p>\n          <\/div>\n          <div class=\"testimonial-meta pt-half\">\n             <strong class=\"testimonial-name test_name\"><\/strong>\n                          <span class=\"testimonial-company test_company\"><\/span>\n          <\/div>\n        <\/div>\n  <\/div>\n\n  \n  <div class=\"icon-box testimonial-box icon-box-left text-left\">\n                <div class=\"icon-box-text p-last-0\">\n          <div class=\"star-rating\" role=\"img\" aria-label=\"Rated 5 out of 5\"><span style=\"width:100%\"><strong class=\"rating\"><\/strong><\/span><\/div>  \t\t\t\t<div class=\"testimonial-text line-height-small italic test_text first-reset last-reset is-italic\">\n            \n<p>Caring Sunshine es una empresa de integridad y compasi\u00f3n. Verdaderamente les importa sus clientes. Te advierten de cualquier cambio de precios de antemano para que pueda ahorrar lo m\u00e1s posible. Tienen una m\u00e9dica profesional a la que le puedes hablar sin ning\u00fan costo. Las personas son amables, trabajan duro y es obvio que les apasiona ayudar a los dem\u00e1s. Esto es un negocio peque\u00f1o. \u00a1Por favor apoye los negocios peque\u00f1os cuando pueda! \u00a1Son los que apoyan nuestro pa\u00eds! No he tenido ni un problema desde que empec\u00e9 a usar sus productos a\u00f1os atr\u00e1s. No se arrenpentir\u00e1 de hacer un pedido con Caring Sunshine. \u00a1A la gente de Caring Sunshine, los quiero mucho! \u00a1Gracias por toda su ayuda y por ser un negocio que verdaderamente les importa!<\/p>\n          <\/div>\n          <div class=\"testimonial-meta pt-half\">\n             <strong class=\"testimonial-name test_name\"><\/strong>\n                          <span class=\"testimonial-company test_company\"><\/span>\n          <\/div>\n        <\/div>\n  <\/div>\n\n  \n\t\t<\/div>\n\t\t\t\t\t<\/div>\n\n\t\n<\/div>\n\t\t<\/div>\n\n\t\t\n<style>\n#section_1313608386 {\n  padding-top: 60px;\n  padding-bottom: 60px;\n  background-color: rgb(193, 193, 193);\n}\n#section_1313608386 .section-bg-overlay {\n  background-color: rgba(255, 255, 255, 0.85);\n}\n<\/style>\n\t<\/section>","protected":false},"excerpt":{"rendered":"","protected":false},"author":37812,"featured_media":0,"parent":0,"menu_order":0,"comment_status":"closed","ping_status":"closed","template":"page-blank.php","meta":{"_acf_changed":false,"footnotes":""},"rapid":[],"class_list":["post-3393702","page","type-page","status-publish","hentry"],"acf":[],"_links":{"self":[{"href":"https:\/\/caringsunshine.com\/es\/wp-json\/wp\/v2\/pages\/3393702","targetHints":{"allow":["GET"]}}],"collection":[{"href":"https:\/\/caringsunshine.com\/es\/wp-json\/wp\/v2\/pages"}],"about":[{"href":"https:\/\/caringsunshine.com\/es\/wp-json\/wp\/v2\/types\/page"}],"author":[{"embeddable":true,"href":"https:\/\/caringsunshine.com\/es\/wp-json\/wp\/v2\/users\/37812"}],"replies":[{"embeddable":true,"href":"https:\/\/caringsunshine.com\/es\/wp-json\/wp\/v2\/comments?post=3393702"}],"version-history":[{"count":16,"href":"https:\/\/caringsunshine.com\/es\/wp-json\/wp\/v2\/pages\/3393702\/revisions"}],"predecessor-version":[{"id":3635027,"href":"https:\/\/caringsunshine.com\/es\/wp-json\/wp\/v2\/pages\/3393702\/revisions\/3635027"}],"wp:attachment":[{"href":"https:\/\/caringsunshine.com\/es\/wp-json\/wp\/v2\/media?parent=3393702"}],"wp:term":[{"taxonomy":"rapid","embeddable":true,"href":"https:\/\/caringsunshine.com\/es\/wp-json\/wp\/v2\/rapid?post=3393702"}],"curies":[{"name":"wp","href":"https:\/\/api.w.org\/{rel}","templated":true}]}}