{"id":3257861,"date":"2024-04-29T11:05:13","date_gmt":"2024-04-29T18:05:13","guid":{"rendered":"https:\/\/caringsunshine.com\/?page_id=3257861"},"modified":"2025-04-30T18:21:07","modified_gmt":"2025-05-01T01:21:07","slug":"spanish-speaking-product-consultations","status":"publish","type":"page","link":"https:\/\/caringsunshine.com\/es\/spanish-speaking-product-consultations\/","title":{"rendered":"Consultas de productos en espa\u00f1ol"},"content":{"rendered":"<p><strong><span style=\"font-size: 120%;\">Reserve una consulta gratuita sobre productos con Paola<\/span><\/strong><\/p>\n<p><span style=\"font-size: 95%;\">Caring Sunshine ofrece a nuestros clientes hispanohablantes consultas gratuitas sobre los productos con nuestra especialista en productos, Paola. Puede reservar una consulta de 10 minutos a trav\u00e9s del siguiente enlace. Nota: este servicio s\u00f3lo se ofrece a clientes hispanohablantes. Si habla ingl\u00e9s, <a href=\"https:\/\/caringsunshine.com\/es\/talk-to-dr-shannyn-fowl\/\">haga clic aqu\u00ed<\/a>.<\/span><br \/>\n<!-- Calendly inline widget begin --><\/p>\n<div class=\"calendly-inline-widget\" data-url=\"https:\/\/calendly.com\/productconsulations\/10min\" style=\"min-width:320px;height:700px;\"><\/div>\n<p><script type=\"text\/javascript\" src=\"https:\/\/assets.calendly.com\/assets\/external\/widget.js\" async><\/script><br \/>\n<!-- Calendly inline widget end --><\/p>","protected":false},"excerpt":{"rendered":"<p>Reserve una consulta gratuita sobre productos con Paola Caring Sunshine ofrece consultas gratuitas sobre productos a nuestros clientes hispanohablantes con nuestra especialista en productos, Paola. Puede reservar una consulta de 10 minutos utilizando el siguiente enlace. Nota: este servicio s\u00f3lo se ofrece a clientes hispanohablantes. Si habla ingl\u00e9s, haga clic aqu\u00ed.<\/p>","protected":false},"author":37812,"featured_media":0,"parent":0,"menu_order":0,"comment_status":"closed","ping_status":"closed","template":"","meta":{"_acf_changed":false,"footnotes":""},"rapid":[],"class_list":["post-3257861","page","type-page","status-publish","hentry"],"acf":[],"_links":{"self":[{"href":"https:\/\/caringsunshine.com\/es\/wp-json\/wp\/v2\/pages\/3257861","targetHints":{"allow":["GET"]}}],"collection":[{"href":"https:\/\/caringsunshine.com\/es\/wp-json\/wp\/v2\/pages"}],"about":[{"href":"https:\/\/caringsunshine.com\/es\/wp-json\/wp\/v2\/types\/page"}],"author":[{"embeddable":true,"href":"https:\/\/caringsunshine.com\/es\/wp-json\/wp\/v2\/users\/37812"}],"replies":[{"embeddable":true,"href":"https:\/\/caringsunshine.com\/es\/wp-json\/wp\/v2\/comments?post=3257861"}],"version-history":[{"count":13,"href":"https:\/\/caringsunshine.com\/es\/wp-json\/wp\/v2\/pages\/3257861\/revisions"}],"predecessor-version":[{"id":3383272,"href":"https:\/\/caringsunshine.com\/es\/wp-json\/wp\/v2\/pages\/3257861\/revisions\/3383272"}],"wp:attachment":[{"href":"https:\/\/caringsunshine.com\/es\/wp-json\/wp\/v2\/media?parent=3257861"}],"wp:term":[{"taxonomy":"rapid","embeddable":true,"href":"https:\/\/caringsunshine.com\/es\/wp-json\/wp\/v2\/rapid?post=3257861"}],"curies":[{"name":"wp","href":"https:\/\/api.w.org\/{rel}","templated":true}]}}