{"id":3224038,"date":"2024-01-21T10:10:01","date_gmt":"2024-01-21T18:10:01","guid":{"rendered":"https:\/\/caringsunshine.com\/?page_id=3224038"},"modified":"2024-04-28T08:18:37","modified_gmt":"2024-04-28T15:18:37","slug":"do-not-sell-or-share-my-personal-data","status":"publish","type":"page","link":"https:\/\/caringsunshine.com\/es\/do-not-sell-or-share-my-personal-data\/","title":{"rendered":"NO VENDAN NI COMPARTAN MIS DATOS PERSONALES"},"content":{"rendered":"<h2>NO VENDAN NI COMPARTAN MIS DATOS PERSONALES<\/h2>\n<p>Utilizamos su informaci\u00f3n personal e identificable para prestarle nuestros servicios, para<br \/>\nadaptar nuestros servicios a sus preferencias y solicitudes, comunicarnos con usted y<br \/>\nofrecerle publicidad basada en sus intereses. Cuando le proporcionamos publicidad basada en intereses<br \/>\npublicidad o utilizar terceros proveedores de servicios, este uso puede considerarse un \"uso compartido\" o<br \/>\n\"venta\" de informaci\u00f3n personal o personalmente identificable en virtud de la Ley de Privacidad del Consumidor de California<br \/>\nu otras leyes aplicables en materia de protecci\u00f3n de datos.<\/p>\n<p>Para impedir que vendamos o compartamos su informaci\u00f3n personal o identificable, le proporcionamos<br \/>\ndos formas de ponerse en contacto con nosotros. Puede enviar una carta a<\/p>\n<p>Sol solidario<br \/>\n175 H. D. Atha Rd<br \/>\nMonroe, GA 30655<\/p>\n<p>o puede ponerse en contacto con nosotros a trav\u00e9s de <a href=\"https:\/\/caringsunshine.com\/es\/contacto\/\">nuestro formulario de contacto<\/a>.<\/p>\n<p>Para verificar su solicitud, es posible que le pidamos determinada informaci\u00f3n para confirmar que usted es un<br \/>\nusuario de nuestro sitio web, como su n\u00famero de tel\u00e9fono, direcci\u00f3n de correo electr\u00f3nico, ciudad, estado o \u00e1rea geogr\u00e1fica<br \/>\nlocalizaci\u00f3n. Tambi\u00e9n puede designar a un agente autorizado para que nos solicite la divulgaci\u00f3n o supresi\u00f3n de los datos.<br \/>\nsus datos personales. Para ello, debe proporcionarnos pruebas de que el individuo o<br \/>\nempresa ha sido designado como su agente, tal mediante la presentaci\u00f3n de un formulario de poder firmado,<br \/>\ny proporcionar respuestas precisas a cualquier informaci\u00f3n solicitada por nosotros que pueda ser necesaria para<br \/>\nconfirmar que usted es usuario de nuestro sitio web, como su n\u00famero de tel\u00e9fono, nombre de usuario, direcci\u00f3n de correo electr\u00f3nico,<br \/>\nciudad, estado o ubicaci\u00f3n geogr\u00e1fica. Los residentes en California y Texas tienen derecho a no recibir<br \/>\ntrato discriminatorio por nuestra parte por su ejercicio de estos derechos conferidos por California o<br \/>\nLa ley de Texas.<\/p>","protected":false},"excerpt":{"rendered":"<p>NO VENDER NI COMPARTIR MIS DATOS PERSONALES Utilizamos sus datos personales y de identificaci\u00f3n personal para prestarle nuestros servicios, adaptar nuestros servicios a sus preferencias y solicitudes, comunicarnos con usted y ofrecerle publicidad basada en sus intereses. Cuando le proporcionamos publicidad basada en sus intereses o recurrimos a terceros proveedores de servicios, [...].","protected":false},"author":37812,"featured_media":0,"parent":0,"menu_order":0,"comment_status":"closed","ping_status":"closed","template":"","meta":{"_acf_changed":false,"footnotes":""},"rapid":[],"class_list":["post-3224038","page","type-page","status-publish","hentry"],"acf":[],"_links":{"self":[{"href":"https:\/\/caringsunshine.com\/es\/wp-json\/wp\/v2\/pages\/3224038","targetHints":{"allow":["GET"]}}],"collection":[{"href":"https:\/\/caringsunshine.com\/es\/wp-json\/wp\/v2\/pages"}],"about":[{"href":"https:\/\/caringsunshine.com\/es\/wp-json\/wp\/v2\/types\/page"}],"author":[{"embeddable":true,"href":"https:\/\/caringsunshine.com\/es\/wp-json\/wp\/v2\/users\/37812"}],"replies":[{"embeddable":true,"href":"https:\/\/caringsunshine.com\/es\/wp-json\/wp\/v2\/comments?post=3224038"}],"version-history":[{"count":1,"href":"https:\/\/caringsunshine.com\/es\/wp-json\/wp\/v2\/pages\/3224038\/revisions"}],"predecessor-version":[{"id":3224039,"href":"https:\/\/caringsunshine.com\/es\/wp-json\/wp\/v2\/pages\/3224038\/revisions\/3224039"}],"wp:attachment":[{"href":"https:\/\/caringsunshine.com\/es\/wp-json\/wp\/v2\/media?parent=3224038"}],"wp:term":[{"taxonomy":"rapid","embeddable":true,"href":"https:\/\/caringsunshine.com\/es\/wp-json\/wp\/v2\/rapid?post=3224038"}],"curies":[{"name":"wp","href":"https:\/\/api.w.org\/{rel}","templated":true}]}}