{"id":3224012,"date":"2024-01-21T09:00:10","date_gmt":"2024-01-21T17:00:10","guid":{"rendered":"https:\/\/caringsunshine.com\/?page_id=3224012"},"modified":"2024-04-27T09:53:39","modified_gmt":"2024-04-27T16:53:39","slug":"caring-sunshines-accessibility-policy","status":"publish","type":"page","link":"https:\/\/caringsunshine.com\/es\/caring-sunshines-accessibility-policy\/","title":{"rendered":"Pol\u00edtica de accesibilidad"},"content":{"rendered":"<h2>Pol\u00edtica de accesibilidad<\/h2>\n<p>Caring Sunshine se compromete a ofrecer un sitio web adaptado a usuarios con necesidades especiales.<br \/>\nnecesidades o requisitos, incluidas las personas con discapacidad.<\/p>\n<p>Con el fin de ofrecer un sitio web accesible y utilizable, Caring Sunshine se compromete comercialmente a<br \/>\nesfuerzos razonables para ajustarse a la Accesibilidad del Contenido Web del Consorcio Web Mundial<br \/>\nDirectrices versi\u00f3n 2.1, Nivel de conformidad AA (WCAG 2.1 Nivel AA). Cuando la conformidad<br \/>\ncon estas normas no es t\u00e9cnicamente viable o puede requerir medidas extraordinarias para<br \/>\naplicaci\u00f3n de las normas, Caring Sunshine ha proporcionado medios alternativos para que las personas con<br \/>\nLas personas con discapacidad pueden acceder al sitio web o interactuar con \u00e9l, entre otras cosas, mediante<br \/>\nimplementar una direcci\u00f3n de correo electr\u00f3nico para ofrecer asistencia.<\/p>\n<p>Caring Sunshine se toma muy en serio la accesibilidad y facilidad de uso de su sitio web y da prioridad a<br \/>\npara garantizar que los problemas de accesibilidad se solucionan con el mismo nivel de prioridad que los problemas de accesibilidad.<br \/>\ncualquier otra caracter\u00edstica cr\u00edtica del sitio web. Caring Sunshine tambi\u00e9n instruye a sus empleados y<br \/>\ncontratistas sobre accesibilidad para garantizar que, en sus respectivas funciones, puedan ayudar a las personas con<br \/>\ndiscapacidades para realizar pedidos tanto a trav\u00e9s del sitio web como por medios alternativos.<\/p>\n<p>Si tiene dificultades para acceder al sitio web, o si desea hacer alg\u00fan comentario o sugerencia sobre<br \/>\nc\u00f3mo Caring Sunshine puede mejorar la accesibilidad de su sitio web, por favor <a href=\"https:\/\/caringsunshine.com\/es\/contacto\/\">p\u00f3ngase en contacto con nosotros<\/a><br \/>\nformulario de contacto aqu\u00ed.<\/p>","protected":false},"excerpt":{"rendered":"<p>Pol\u00edtica de accesibilidad Caring Sunshine se compromete a ofrecer un sitio web adaptado a usuarios con necesidades o requisitos especiales, incluidos los discapacitados. Con el fin de proporcionar un sitio web accesible y utilizable, Caring Sunshine realiza esfuerzos comercialmente razonables para ajustarse a las Pautas de Accesibilidad al Contenido en la Web versi\u00f3n 2.1, Nivel AA (WCAG 2.1 [...]) del Consorcio Mundial de la Web.","protected":false},"author":37812,"featured_media":0,"parent":0,"menu_order":0,"comment_status":"closed","ping_status":"closed","template":"","meta":{"_acf_changed":false,"footnotes":""},"rapid":[],"class_list":["post-3224012","page","type-page","status-publish","hentry"],"acf":[],"_links":{"self":[{"href":"https:\/\/caringsunshine.com\/es\/wp-json\/wp\/v2\/pages\/3224012","targetHints":{"allow":["GET"]}}],"collection":[{"href":"https:\/\/caringsunshine.com\/es\/wp-json\/wp\/v2\/pages"}],"about":[{"href":"https:\/\/caringsunshine.com\/es\/wp-json\/wp\/v2\/types\/page"}],"author":[{"embeddable":true,"href":"https:\/\/caringsunshine.com\/es\/wp-json\/wp\/v2\/users\/37812"}],"replies":[{"embeddable":true,"href":"https:\/\/caringsunshine.com\/es\/wp-json\/wp\/v2\/comments?post=3224012"}],"version-history":[{"count":3,"href":"https:\/\/caringsunshine.com\/es\/wp-json\/wp\/v2\/pages\/3224012\/revisions"}],"predecessor-version":[{"id":3224027,"href":"https:\/\/caringsunshine.com\/es\/wp-json\/wp\/v2\/pages\/3224012\/revisions\/3224027"}],"wp:attachment":[{"href":"https:\/\/caringsunshine.com\/es\/wp-json\/wp\/v2\/media?parent=3224012"}],"wp:term":[{"taxonomy":"rapid","embeddable":true,"href":"https:\/\/caringsunshine.com\/es\/wp-json\/wp\/v2\/rapid?post=3224012"}],"curies":[{"name":"wp","href":"https:\/\/api.w.org\/{rel}","templated":true}]}}