{"id":3218253,"date":"2024-01-05T08:19:08","date_gmt":"2024-01-05T16:19:08","guid":{"rendered":"https:\/\/caringsunshine.com\/?page_id=3218253"},"modified":"2024-05-09T10:42:48","modified_gmt":"2024-05-09T17:42:48","slug":"dr-shannyn-fowl-biography","status":"publish","type":"page","link":"https:\/\/caringsunshine.com\/es\/dr-shannyn-fowl-biography\/","title":{"rendered":"Biograf\u00eda de la Dra. Shannyn Fowl"},"content":{"rendered":"<div class=\"row\"  id=\"row-637590419\">\n\n\t<div id=\"col-1281439012\" class=\"col medium-6 small-12 large-6\"  >\n\t\t\t\t<div class=\"col-inner\"  >\n\t\t\t\n\t\t\t\n<h2>\u00bfQuieres hablar con la Dra. Shannyn?<\/h2>\n<p>La Dra. Shannyn Fowl es nuestra m\u00e9dico natur\u00f3pata licenciada en Caring Sunshine.<\/p>\n<p>Ella cree en el uso de las herramientas naturales de las generaciones anteriores, junto con la medicina moderna para ayudar a las personas a encontrar su camino de regreso al bienestar. La Dra. Shannyn tiene m\u00e1s de 25 a\u00f1os de experiencia en el mundo de la medicina y 19 a\u00f1os de investigaci\u00f3n en su haber y ejerce en California y Arizona.<\/p>\n<p>Ofrecemos consultas gratuitas de 15 minutos y la Dra. Shannyn tambi\u00e9n responde a sus preguntas por correo electr\u00f3nico.\u00a0<\/p>\n<a href=\"https:\/\/caringsunshine.com\/es\/talk-to-dr-shannyn-fowl\/\" class=\"button primary\" >\n\t\t<span>Hable con la Dra. Shannyn<\/span>\n\t<\/a>\n\n\t\t<\/div>\n\t\t\t\t\t<\/div>\n\n\t\n\n\t<div id=\"col-1770583802\" class=\"col medium-6 small-12 large-6\"  >\n\t\t\t\t<div class=\"col-inner\"  >\n\t\t\t\n\t\t\t\n\t<div class=\"img has-hover x md-x lg-x y md-y lg-y\" id=\"image_2131828337\">\n\t\t\t\t\t\t\t\t<div class=\"img-inner dark\" >\n\t\t\t<img decoding=\"async\" width=\"480\" height=\"480\" src=\"https:\/\/caringsunshine.com\/wp-content\/uploads\/2024\/05\/shannyn2.jpg\" class=\"attachment-large size-large\" alt=\"Dra. Shannyn Fowl\" srcset=\"https:\/\/caringsunshine.com\/wp-content\/uploads\/2024\/05\/shannyn2.jpg 480w, https:\/\/caringsunshine.com\/wp-content\/uploads\/2024\/05\/shannyn2-340x340.jpg 340w, https:\/\/caringsunshine.com\/wp-content\/uploads\/2024\/05\/shannyn2-12x12.jpg 12w, https:\/\/caringsunshine.com\/wp-content\/uploads\/2024\/05\/shannyn2-300x300.jpg 300w, https:\/\/caringsunshine.com\/wp-content\/uploads\/2024\/05\/shannyn2-100x100.jpg 100w, https:\/\/caringsunshine.com\/wp-content\/uploads\/2024\/05\/shannyn2-50x50.jpg 50w, https:\/\/caringsunshine.com\/wp-content\/uploads\/2024\/05\/shannyn2-64x64.jpg 64w\" sizes=\"(max-width: 480px) 100vw, 480px\" \/>\t\t\t\t\t\t\n\t\t\t\t\t<\/div>\n\t\t\t\t\t\t\t\t\n<style>\n#image_2131828337 {\n  width: 76%;\n}\n<\/style>\n\t<\/div>\n\t\n\t\t<\/div>\n\t\t\t\t\t<\/div>\n\n\t\n<\/div>\n<div class=\"is-divider divider clearfix\" style=\"max-width:100%;background-color:rgb(14, 14, 14);\"><\/div>\n<div class=\"row\"  id=\"row-860077366\">\n\n\t<div id=\"col-886596460\" class=\"col small-12 large-12\"  >\n\t\t\t\t<div class=\"col-inner\"  >\n\t\t\t\n\t\t\t\n<h3>M\u00e1s informaci\u00f3n sobre la Dra. Shannyn Fowl<\/h3>\n<p>A la Dra. Shannyn le encanta tejer y hacer senderismo. Vive en el desierto de California con su marido, Steve, oficial retirado de la Marina, y su hijo Julian, amante de las verduras y pr\u00f3ximo estudiante universitario, un reba\u00f1o de gallinas (dirigidas por Simon, el gallo) y una manada de gatos.<\/p>\n<p>Su pasi\u00f3n por las personas a encontrar sus respuestas es evidente con cada paciente. Ella prospera en ayudar a los pacientes a encontrar respuestas, sentirse empoderado y vivir no s\u00f3lo su mejor vida, pero hacer frente a los obst\u00e1culos por lo que son capaces de cumplir con sus pasiones y prop\u00f3sitos en la vida.<\/p>\n<p><strong>Educaci\u00f3n<br \/><\/strong>Southwest College of Michigan - Diplomado en Qu\u00edmica<br \/>Western Michigan University - Licenciatura en Ciencias Biom\u00e9dicas<br \/>Universidad Nacional de Medicina Natural - Doctorado en Medicina Naturop\u00e1tica<\/p>\n<p><strong>Afiliaciones<\/strong><br \/>Asociaci\u00f3n Americana de M\u00e9dicos Natur\u00f3patas<br \/>Asociaci\u00f3n de M\u00e9dicos Natur\u00f3patas de California<\/p>\n<p><strong>La Medicina Naturop\u00e1tica incluye estos principios y doctrinas<\/strong>:<\/p>\n<ul>\n<li>No hacer da\u00f1o<\/li>\n<li>El m\u00e9dico como profesor<\/li>\n<li>La naturaleza es medicina<\/li>\n<li>El poder curativo del individuo<\/li>\n<li>Dosis m\u00ednima<\/li>\n<li>Tratamiento integral de la persona<\/li>\n<\/ul>\n<p><strong>Modalidades o Herramientas utilizadas en Medicina Naturop\u00e1tica:<\/strong><\/p>\n<ul>\n<li>Bot\u00e1nicos o hierbas<\/li>\n<li>Homeopat\u00eda<\/li>\n<li>Nutrici\u00f3n<\/li>\n<li>Vitaminas, minerales y compuestos similares<\/li>\n<li>Hidroterapia<\/li>\n<li>Medicina f\u00edsica<\/li>\n<li>Productos farmac\u00e9uticos en caso necesario<\/li>\n<li>Asesoramiento sobre estilos de vida<\/li>\n<li>Diagn\u00f3sticos y laboratorios \u00fanicos<\/li>\n<li>...y mucho m\u00e1s.<\/li>\n<\/ul>\n<p>Si est\u00e1 buscando un m\u00e9dico natur\u00f3pata en su zona, aqu\u00ed tiene algunos sitios web que la Dra. Shannyn recomienda para informarse sobre la medicina naturista y los requisitos educativos:<\/p>\n<p><a href=\"http:\/\/www.AANMC.org\" target=\"_blank\" rel=\"noopener\">Asociaci\u00f3n de Facultades de Medicina Naturop\u00e1tica Acreditadas<\/a><br \/><a href=\"http:\/\/www.Naturopathic.org\" target=\"_blank\" rel=\"noopener\">Asociaci\u00f3n Americana de M\u00e9dicos Natur\u00f3patas<\/a><\/p>\n\t\t<\/div>\n\t\t\t\t\t<\/div>\n\n\t\n<\/div>","protected":false},"excerpt":{"rendered":"","protected":false},"author":37812,"featured_media":0,"parent":0,"menu_order":0,"comment_status":"closed","ping_status":"closed","template":"","meta":{"_acf_changed":false,"footnotes":""},"rapid":[],"class_list":["post-3218253","page","type-page","status-publish","hentry"],"acf":[],"_links":{"self":[{"href":"https:\/\/caringsunshine.com\/es\/wp-json\/wp\/v2\/pages\/3218253","targetHints":{"allow":["GET"]}}],"collection":[{"href":"https:\/\/caringsunshine.com\/es\/wp-json\/wp\/v2\/pages"}],"about":[{"href":"https:\/\/caringsunshine.com\/es\/wp-json\/wp\/v2\/types\/page"}],"author":[{"embeddable":true,"href":"https:\/\/caringsunshine.com\/es\/wp-json\/wp\/v2\/users\/37812"}],"replies":[{"embeddable":true,"href":"https:\/\/caringsunshine.com\/es\/wp-json\/wp\/v2\/comments?post=3218253"}],"version-history":[{"count":15,"href":"https:\/\/caringsunshine.com\/es\/wp-json\/wp\/v2\/pages\/3218253\/revisions"}],"predecessor-version":[{"id":3261683,"href":"https:\/\/caringsunshine.com\/es\/wp-json\/wp\/v2\/pages\/3218253\/revisions\/3261683"}],"wp:attachment":[{"href":"https:\/\/caringsunshine.com\/es\/wp-json\/wp\/v2\/media?parent=3218253"}],"wp:term":[{"taxonomy":"rapid","embeddable":true,"href":"https:\/\/caringsunshine.com\/es\/wp-json\/wp\/v2\/rapid?post=3218253"}],"curies":[{"name":"wp","href":"https:\/\/api.w.org\/{rel}","templated":true}]}}