{"id":3198446,"date":"2023-11-05T07:17:57","date_gmt":"2023-11-05T15:17:57","guid":{"rendered":"https:\/\/caringsunshine.com\/?page_id=3198446"},"modified":"2024-05-11T07:59:11","modified_gmt":"2024-05-11T14:59:11","slug":"chatgpt-examples","status":"publish","type":"page","link":"https:\/\/caringsunshine.com\/es\/chatgpt-examples\/","title":{"rendered":"Ejemplos de ChatGPT"},"content":{"rendered":"<p><a href=\"https:\/\/caringsunshine.com\/wp-content\/uploads\/2023\/11\/2023-11-05_10-17-16.jpg\"><img decoding=\"async\" class=\"alignnone size-medium wp-image-3198447\" src=\"https:\/\/caringsunshine.com\/wp-content\/uploads\/2023\/11\/2023-11-05_10-17-16-800x140.jpg\" alt=\"\" width=\"800\" height=\"140\" srcset=\"https:\/\/caringsunshine.com\/wp-content\/uploads\/2023\/11\/2023-11-05_10-17-16-800x140.jpg 800w, https:\/\/caringsunshine.com\/wp-content\/uploads\/2023\/11\/2023-11-05_10-17-16-768x134.jpg 768w, https:\/\/caringsunshine.com\/wp-content\/uploads\/2023\/11\/2023-11-05_10-17-16-18x3.jpg 18w, https:\/\/caringsunshine.com\/wp-content\/uploads\/2023\/11\/2023-11-05_10-17-16-300x52.jpg 300w, https:\/\/caringsunshine.com\/wp-content\/uploads\/2023\/11\/2023-11-05_10-17-16-64x11.jpg 64w, https:\/\/caringsunshine.com\/wp-content\/uploads\/2023\/11\/2023-11-05_10-17-16.jpg 1024w\" sizes=\"(max-width: 800px) 100vw, 800px\" \/><\/a><\/p>\n<p>El aceite de pescado es conocido por ser rico en \u00e1cidos grasos omega-3, que son grasas esenciales que el organismo no puede producir por s\u00ed mismo. Los omega-3 son fundamentales para mantener la salud, y su consumo en la dieta se ha asociado a una amplia gama de beneficios para la salud. \u00c9stos son algunos de los principales beneficios atribuidos al aceite de pescado, principalmente debido a su alto contenido en dos tipos principales de \u00e1cidos grasos omega-3: EPA (\u00e1cido eicosapentaenoico) y DHA (\u00e1cido docosahexaenoico):<\/p>\n<p>Salud del coraz\u00f3n: Los \u00e1cidos grasos omega-3 son m\u00e1s conocidos por su papel en la salud del coraz\u00f3n. El consumo de aceite de pescado se ha relacionado con la reducci\u00f3n del riesgo de cardiopat\u00edas y sus factores de riesgo, como el colesterol alto, la hipertensi\u00f3n y los niveles de triglic\u00e9ridos. Tambi\u00e9n pueden reducir las probabilidades de infarto e insuficiencia cardiaca.<\/p>\n<p>Efectos antiinflamatorios: Los omega-3 pueden reducir la producci\u00f3n de sustancias relacionadas con la inflamaci\u00f3n, como los eicosanoides inflamatorios y las citoquinas. Esto hace que el aceite de pescado sea potencialmente beneficioso para enfermedades inflamatorias como la artritis reumatoide.<\/p>\n<p>Salud mental: El DHA es un importante componente estructural del cerebro y se cree que desempe\u00f1a un papel en el mantenimiento de la salud cerebral. Existen pruebas que sugieren que la suplementaci\u00f3n con aceite de pescado podr\u00eda ayudar a prevenir la depresi\u00f3n y la ansiedad, y algunos estudios tambi\u00e9n exploran los posibles beneficios en el TDAH y otras enfermedades mentales.<\/p>\n<p>Salud ocular: El DHA tambi\u00e9n es un componente estructural importante de la retina del ojo. Se cree que el consumo de aceite de pescado ayuda a prevenir la degeneraci\u00f3n macular, que puede causar problemas de visi\u00f3n y ceguera.<\/p>\n<p>Embarazo y primeros a\u00f1os de vida: Los omega-3 son cruciales para el crecimiento y desarrollo del cerebro en los beb\u00e9s. El DHA representa 40% de los \u00e1cidos grasos poliinsaturados del cerebro y 60% de la retina del ojo. Por lo tanto, es beneficioso que las mujeres embarazadas y lactantes consuman suficientes omega-3 para el desarrollo cerebral de sus beb\u00e9s.<\/p>\n<p>Salud de la piel: El DHA y el EPA pueden beneficiar a tu piel controlando la producci\u00f3n de grasa y la hidrataci\u00f3n, reduciendo el envejecimiento prematuro de la piel y disminuyendo el riesgo de acn\u00e9.<\/p>\n<p>Reducci\u00f3n de la grasa hep\u00e1tica: Los suplementos de aceite de pescado pueden mejorar la funci\u00f3n hep\u00e1tica y la inflamaci\u00f3n, lo que puede ayudar a reducir los s\u00edntomas de la NAFLD (enfermedad del h\u00edgado graso no alcoh\u00f3lico) y la cantidad de grasa en el h\u00edgado.<\/p>\n<p>Mejora de la salud \u00f3sea: Algunos estudios sugieren que los \u00e1cidos grasos omega-3 pueden mejorar la resistencia \u00f3sea al aumentar la cantidad de calcio en los huesos, lo que deber\u00eda conducir a una reducci\u00f3n del riesgo de osteoporosis.<\/p>\n<p>Alivio del dolor menstrual: Los omega-3 pueden reducir la intensidad del dolor experimentado durante la menstruaci\u00f3n.<\/p>\n<p>Apoyo a la p\u00e9rdida de peso: En combinaci\u00f3n con dieta y ejercicio, los suplementos de aceite de pescado pueden mejorar la composici\u00f3n corporal y reducir los factores de riesgo de cardiopat\u00edas en personas obesas.<\/p>\n<p>Es importante tener en cuenta que, aunque hay una cantidad considerable de investigaciones que respaldan estos beneficios, los suplementos de aceite de pescado pueden no tener los mismos beneficios que los \u00e1cidos grasos omega-3 consumidos a partir de pescado fresco, debido a las diferencias en el procesamiento y a la presencia de otros nutrientes en el pescado. Adem\u00e1s, los beneficios pueden variar de una persona a otra, y tomar dosis elevadas de aceite de pescado a veces puede provocar efectos adversos. Siempre es recomendable consultar a un profesional sanitario antes de iniciar cualquier r\u00e9gimen de suplementos, sobre todo si se est\u00e1n tomando otros medicamentos o se padecen enfermedades subyacentes.<\/p>","protected":false},"excerpt":{"rendered":"<p>El aceite de pescado es conocido por ser rico en \u00e1cidos grasos omega-3, que son grasas esenciales que el organismo no puede producir por s\u00ed mismo. Los omega-3 son fundamentales para mantener la salud, y su consumo en la dieta se ha asociado a una amplia gama de beneficios para la salud. Estos son algunos de los principales beneficios atribuidos al pescado [...]","protected":false},"author":37812,"featured_media":0,"parent":0,"menu_order":0,"comment_status":"closed","ping_status":"closed","template":"page-blank-title-center.php","meta":{"_acf_changed":false,"footnotes":""},"rapid":[],"class_list":["post-3198446","page","type-page","status-publish","hentry"],"acf":[],"_links":{"self":[{"href":"https:\/\/caringsunshine.com\/es\/wp-json\/wp\/v2\/pages\/3198446","targetHints":{"allow":["GET"]}}],"collection":[{"href":"https:\/\/caringsunshine.com\/es\/wp-json\/wp\/v2\/pages"}],"about":[{"href":"https:\/\/caringsunshine.com\/es\/wp-json\/wp\/v2\/types\/page"}],"author":[{"embeddable":true,"href":"https:\/\/caringsunshine.com\/es\/wp-json\/wp\/v2\/users\/37812"}],"replies":[{"embeddable":true,"href":"https:\/\/caringsunshine.com\/es\/wp-json\/wp\/v2\/comments?post=3198446"}],"version-history":[{"count":1,"href":"https:\/\/caringsunshine.com\/es\/wp-json\/wp\/v2\/pages\/3198446\/revisions"}],"predecessor-version":[{"id":3198448,"href":"https:\/\/caringsunshine.com\/es\/wp-json\/wp\/v2\/pages\/3198446\/revisions\/3198448"}],"wp:attachment":[{"href":"https:\/\/caringsunshine.com\/es\/wp-json\/wp\/v2\/media?parent=3198446"}],"wp:term":[{"taxonomy":"rapid","embeddable":true,"href":"https:\/\/caringsunshine.com\/es\/wp-json\/wp\/v2\/rapid?post=3198446"}],"curies":[{"name":"wp","href":"https:\/\/api.w.org\/{rel}","templated":true}]}}