{"id":3032707,"date":"2022-08-24T07:29:16","date_gmt":"2022-08-24T14:29:16","guid":{"rendered":"https:\/\/caringsunshine.com\/?page_id=3032707"},"modified":"2022-08-24T07:29:16","modified_gmt":"2022-08-24T14:29:16","slug":"information-about-natures-sunshine","status":"publish","type":"page","link":"https:\/\/caringsunshine.com\/es\/information-about-natures-sunshine\/","title":{"rendered":"Informaci\u00f3n sobre Nature's Sunshine"},"content":{"rendered":"<p>Nature's Sunshine lleva fabricando suplementos desde 1972 y es l\u00edder en la industria en cuanto a calidad e integridad. Actualmente, fabrican m\u00e1s de 500 productos diferentes en Utah, que luego se env\u00edan a todo el mundo.<\/p>\n<p>Estas son algunas de las preguntas m\u00e1s comunes sobre Nature's Sunshine:<\/p>\n<p><strong>\u00bfD\u00f3nde se encuentra Nature's Sunshine?<br \/>\n<\/strong>Nature's Sunshine se encuentra en Lehi, Utah (sede corporativa) con instalaciones de fabricaci\u00f3n en Spanish Fork, Utah. Tambi\u00e9n tienen cuatro almacenes repartidos por todo Estados Unidos y centros de distribuci\u00f3n en muchos otros pa\u00edses del mundo.<\/p>\n<p><strong>\u00bfD\u00f3nde se fabrican los productos Nature's Sunshine?<br \/>\n<\/strong>Los productos de Nature's Sunshine se fabrican en Spanish Fork, Utah, en una gran instalaci\u00f3n de fabricaci\u00f3n de vanguardia.<\/p>\n<p><strong><span class=\"question-text hoverable-question-text\">\u00bfQu\u00e9 tan buenos son los productos Nature's Sunshine?<br \/>\n<\/span><\/strong>Los productos de Nature's Sunshine se consideran de primera calidad y precio. Los ingredientes y los productos finales pasan por rigurosas pruebas para garantizar la eficacia y la ausencia de contaminaci\u00f3n.<\/p>\n<div><strong>\u00bfFuncionan los productos Nature's Sunshine?<\/strong><\/div>\n<div>Los productos de Nature's Sunshine funcionan bien, seg\u00fan la opini\u00f3n de cientos de miles de clientes durante los \u00faltimos 50 a\u00f1os.<\/div>\n<div><\/div>\n<div><strong><span class=\"question-text hoverable-question-text\">\u00bfCu\u00e1ndo se fund\u00f3 Nature's Sunshine?<\/span><\/strong><\/div>\n<div>Nature's Sunshine se fund\u00f3 en 1972.<\/div>\n<div><\/div>\n<div><strong>\u00bfEs Natures Sunshine una estafa?<\/strong><\/div>\n<div>Nature's Sunshine no es una estafa. Es un fabricante de suplementos muy respetado que cotiza en el NASDAQ.<\/div>\n<div><\/div>\n<div><strong>\u00bfQui\u00e9n fabrica Nature's Sunshine?<\/strong><\/div>\n<div>Nature's Sunshine es fabricado por numerosos profesionales con experiencia en salud, ciencia y fabricaci\u00f3n en una instalaci\u00f3n en Spanish Fork, Utah.<\/div>\n<div><\/div>\n<div><strong>\u00bfQui\u00e9n fund\u00f3 Nature's Sunshine?<\/strong><\/div>\n<div>Nature's Sunshine fue fundada por Gene y Kristine Hughes en 1972. Sacaron la empresa a bolsa tres d\u00e9cadas despu\u00e9s.<\/div>\n<div><\/div>\n<div><strong>\u00bfEs Natures Sunshine un MLM?<\/strong><\/div>\n<div>Nature's Sunshine es un MLM, pero la propia empresa y los principales distribuidores est\u00e1n orientados a la venta al por menor. Recientemente, la empresa pas\u00f3 de un modelo de MLM m\u00e1s tradicional a un modelo que se asemeja m\u00e1s a un programa de afiliados.<\/div>\n<div><\/div>\n<div><strong>\u00bfSigue Nature's Sunshine en activo?<\/strong><\/div>\n<div>S\u00ed, Nature's Sunshine sigue en activo.<\/div>\n<div><\/div>\n<div><\/div>","protected":false},"excerpt":{"rendered":"<p>Nature's Sunshine lleva fabricando suplementos desde 1972 y es l\u00edder del sector en calidad e integridad. Actualmente, fabrican m\u00e1s de 500 productos diferentes en Utah, que luego se env\u00edan a todo el mundo. Estas son algunas preguntas comunes sobre Nature's Sunshine: \u00bfD\u00f3nde se encuentra Nature's Sunshine? Nature's Sunshine est\u00e1 ubicada en Lehi, Utah [...]","protected":false},"author":37812,"featured_media":0,"parent":0,"menu_order":0,"comment_status":"closed","ping_status":"closed","template":"","meta":{"_acf_changed":false,"footnotes":""},"rapid":[],"class_list":["post-3032707","page","type-page","status-publish","hentry"],"acf":[],"_links":{"self":[{"href":"https:\/\/caringsunshine.com\/es\/wp-json\/wp\/v2\/pages\/3032707","targetHints":{"allow":["GET"]}}],"collection":[{"href":"https:\/\/caringsunshine.com\/es\/wp-json\/wp\/v2\/pages"}],"about":[{"href":"https:\/\/caringsunshine.com\/es\/wp-json\/wp\/v2\/types\/page"}],"author":[{"embeddable":true,"href":"https:\/\/caringsunshine.com\/es\/wp-json\/wp\/v2\/users\/37812"}],"replies":[{"embeddable":true,"href":"https:\/\/caringsunshine.com\/es\/wp-json\/wp\/v2\/comments?post=3032707"}],"version-history":[{"count":1,"href":"https:\/\/caringsunshine.com\/es\/wp-json\/wp\/v2\/pages\/3032707\/revisions"}],"predecessor-version":[{"id":3032714,"href":"https:\/\/caringsunshine.com\/es\/wp-json\/wp\/v2\/pages\/3032707\/revisions\/3032714"}],"wp:attachment":[{"href":"https:\/\/caringsunshine.com\/es\/wp-json\/wp\/v2\/media?parent=3032707"}],"wp:term":[{"taxonomy":"rapid","embeddable":true,"href":"https:\/\/caringsunshine.com\/es\/wp-json\/wp\/v2\/rapid?post=3032707"}],"curies":[{"name":"wp","href":"https:\/\/api.w.org\/{rel}","templated":true}]}}