{"id":3012416,"date":"2022-06-24T14:08:10","date_gmt":"2022-06-24T21:08:10","guid":{"rendered":"https:\/\/caringsunshine.com\/?page_id=3012416"},"modified":"2024-05-11T08:00:48","modified_gmt":"2024-05-11T15:00:48","slug":"instagram-what-we-sell","status":"publish","type":"page","link":"https:\/\/caringsunshine.com\/es\/instagram-what-we-sell\/","title":{"rendered":"Instagram: Lo que vendemos"},"content":{"rendered":"<div class=\"row\"  id=\"row-1717703537\">\n\n\t<div id=\"col-1224414791\" class=\"col medium-4 small-12 large-4\"  >\n\t\t\t\t<div class=\"col-inner\"  >\n\t\t\t\n\t\t\t\n\t<div class=\"img has-hover x md-x lg-x y md-y lg-y\" id=\"image_1648568639\">\n\t\t\t\t\t\t\t\t<div class=\"img-inner dark\" >\n\t\t\t<img decoding=\"async\" width=\"1020\" height=\"1020\" src=\"https:\/\/caringsunshine.com\/wp-content\/uploads\/1999\/12\/kidney-activator.png\" class=\"attachment-large size-large\" alt=\"Activador renal de Nature&#039;s Sunshine\" srcset=\"https:\/\/caringsunshine.com\/wp-content\/uploads\/1999\/12\/kidney-activator.png 1024w, https:\/\/caringsunshine.com\/wp-content\/uploads\/1999\/12\/kidney-activator-800x800.png 800w, https:\/\/caringsunshine.com\/wp-content\/uploads\/1999\/12\/kidney-activator-340x340.png 340w, https:\/\/caringsunshine.com\/wp-content\/uploads\/1999\/12\/kidney-activator-768x768.png 768w, https:\/\/caringsunshine.com\/wp-content\/uploads\/1999\/12\/kidney-activator-12x12.png 12w, https:\/\/caringsunshine.com\/wp-content\/uploads\/1999\/12\/kidney-activator-300x300.png 300w, https:\/\/caringsunshine.com\/wp-content\/uploads\/1999\/12\/kidney-activator-100x100.png 100w\" sizes=\"(max-width: 1020px) 100vw, 1020px\" \/>\t\t\t\t\t\t\n\t\t\t\t\t<\/div>\n\t\t\t\t\t\t\t\t\n<style>\n#image_1648568639 {\n  width: 100%;\n}\n<\/style>\n\t<\/div>\n\t\n\t\t<\/div>\n\t\t\t\t\t<\/div>\n\n\t\n\n\t<div id=\"col-659044382\" class=\"col medium-8 small-12 large-8\"  >\n\t\t\t\t<div class=\"col-inner\"  >\n\t\t\t\n\t\t\t\n<h2>Lo que vendemos: Nature's Sunshine<\/h2>\n<p>Si alguna vez te has preguntado cu\u00e1l es nuestro negocio familiar, es una l\u00ednea de suplementos nutricionales llamada Nature's Sunshine.\u00a0<\/p>\n<p>Nature's Sunshine ha estado haciendo suplementos para la salud desde 1972 (50 a\u00f1os) y tienen una incre\u00edble reputaci\u00f3n en la industria. Hoy en d\u00eda, tienen aproximadamente 550 productos disponibles y los tenemos todos.<\/p>\n<p>Si quiere saber m\u00e1s, <a href=\"https:\/\/caringsunshine.com\/es\/\">ir aqu\u00ed<\/a>.\u00a0<\/p>\n\t\t<\/div>\n\t\t\t\t\t<\/div>\n\n\t\n<\/div>","protected":false},"excerpt":{"rendered":"","protected":false},"author":37812,"featured_media":0,"parent":0,"menu_order":0,"comment_status":"closed","ping_status":"closed","template":"page-blank-title-center.php","meta":{"_acf_changed":false,"footnotes":""},"rapid":[],"class_list":["post-3012416","page","type-page","status-publish","hentry"],"acf":[],"_links":{"self":[{"href":"https:\/\/caringsunshine.com\/es\/wp-json\/wp\/v2\/pages\/3012416","targetHints":{"allow":["GET"]}}],"collection":[{"href":"https:\/\/caringsunshine.com\/es\/wp-json\/wp\/v2\/pages"}],"about":[{"href":"https:\/\/caringsunshine.com\/es\/wp-json\/wp\/v2\/types\/page"}],"author":[{"embeddable":true,"href":"https:\/\/caringsunshine.com\/es\/wp-json\/wp\/v2\/users\/37812"}],"replies":[{"embeddable":true,"href":"https:\/\/caringsunshine.com\/es\/wp-json\/wp\/v2\/comments?post=3012416"}],"version-history":[{"count":1,"href":"https:\/\/caringsunshine.com\/es\/wp-json\/wp\/v2\/pages\/3012416\/revisions"}],"predecessor-version":[{"id":3012421,"href":"https:\/\/caringsunshine.com\/es\/wp-json\/wp\/v2\/pages\/3012416\/revisions\/3012421"}],"wp:attachment":[{"href":"https:\/\/caringsunshine.com\/es\/wp-json\/wp\/v2\/media?parent=3012416"}],"wp:term":[{"taxonomy":"rapid","embeddable":true,"href":"https:\/\/caringsunshine.com\/es\/wp-json\/wp\/v2\/rapid?post=3012416"}],"curies":[{"name":"wp","href":"https:\/\/api.w.org\/{rel}","templated":true}]}}