{"id":3012404,"date":"2022-06-24T13:52:46","date_gmt":"2022-06-24T20:52:46","guid":{"rendered":"https:\/\/caringsunshine.com\/?page_id=3012404"},"modified":"2022-06-24T14:07:08","modified_gmt":"2022-06-24T21:07:08","slug":"greg-howlett-music","status":"publish","type":"page","link":"https:\/\/caringsunshine.com\/es\/greg-howlett-music\/","title":{"rendered":"M\u00fasica de Greg Howlett"},"content":{"rendered":"<div class=\"row\"  id=\"row-462488587\">\n\n\t<div id=\"col-380771556\" class=\"col medium-6 small-12 large-6\"  >\n\t\t\t\t<div class=\"col-inner\"  >\n\t\t\t\n\t\t\t\n\t<div class=\"img has-hover x md-x lg-x y md-y lg-y\" id=\"image_1770904526\">\n\t\t\t\t\t\t\t\t<div class=\"img-inner dark\" >\n\t\t\t<img decoding=\"async\" width=\"900\" height=\"900\" src=\"https:\/\/caringsunshine.com\/wp-content\/uploads\/2022\/06\/ghsplash.jpg\" class=\"attachment-large size-large\" alt=\"Greg\" srcset=\"https:\/\/caringsunshine.com\/wp-content\/uploads\/2022\/06\/ghsplash.jpg 900w, https:\/\/caringsunshine.com\/wp-content\/uploads\/2022\/06\/ghsplash-800x800.jpg 800w, https:\/\/caringsunshine.com\/wp-content\/uploads\/2022\/06\/ghsplash-340x340.jpg 340w, https:\/\/caringsunshine.com\/wp-content\/uploads\/2022\/06\/ghsplash-768x768.jpg 768w, https:\/\/caringsunshine.com\/wp-content\/uploads\/2022\/06\/ghsplash-12x12.jpg 12w, https:\/\/caringsunshine.com\/wp-content\/uploads\/2022\/06\/ghsplash-300x300.jpg 300w, https:\/\/caringsunshine.com\/wp-content\/uploads\/2022\/06\/ghsplash-100x100.jpg 100w\" sizes=\"(max-width: 900px) 100vw, 900px\" \/>\t\t\t\t\t\t\n\t\t\t\t\t<\/div>\n\t\t\t\t\t\t\t\t\n<style>\n#image_1770904526 {\n  width: 100%;\n}\n<\/style>\n\t<\/div>\n\t\n\t\t<\/div>\n\t\t\t\t\t<\/div>\n\n\t\n\n\t<div id=\"col-97939246\" class=\"col medium-6 small-12 large-6\"  >\n\t\t\t\t<div class=\"col-inner\"  >\n\t\t\t\n\t\t\t\n<h2><strong>M\u00fasica de Greg Howlett<\/strong><\/h2>\n<p>Nuestro padre fue pianista de concierto entre 2007 y 2019. Aqu\u00ed est\u00e1n algunas de las cosas que hizo (inicialmente en la m\u00fasica cristiana, pero m\u00e1s tarde se ramific\u00f3 hacia el jazz):<\/p>\n<ul>\n<li>Grab\u00f3 diez \u00e1lbumes (y toc\u00f3 y produjo muchos otros)<\/li>\n<li>Ha grabado dos conciertos para la televisi\u00f3n que se han emitido en todo el mundo<\/li>\n<li>Grabaci\u00f3n de treinta y cinco horas de v\u00eddeos instructivos para aspirantes a pianistas.<\/li>\n<li>Ampliamente publicado y reconocido por sus arreglos.<\/li>\n<li>Viaj\u00f3 por Am\u00e9rica y parte del mundo dando conciertos.<\/li>\n<\/ul>\n<p>Aunque se haya retirado, su m\u00fasica sigue viva. Si le interesa, aqu\u00ed tiene algunos enlaces que pueden interesarle:<\/p>\n<ul>\n<li><a href=\"https:\/\/www.youtube.com\/greghowlettpiano\" target=\"_blank\" rel=\"noopener\">Canal de YouTube<\/a><\/li>\n<li><a href=\"https:\/\/greghowlett.com\/free-piano-lessons-and-arrangements-for-pianists\" target=\"_blank\" rel=\"noopener\">La B\u00f3veda<\/a> (contiene toneladas de sus escritos sobre m\u00fasica y otros temas)<\/li>\n<li><a href=\"https:\/\/greghowlett.com\/music-specials\" target=\"_blank\" rel=\"noopener\">Sus grabaciones<\/a> (todo disponible de forma gratuita mediante descarga instant\u00e1nea)<\/li>\n<li><a href=\"https:\/\/greghowlett.com\/sheet-music-instant-downloads\" target=\"_blank\" rel=\"noopener\">Sus partituras<\/a> (unas 100 piezas disponibles para descargar)<\/li>\n<li><a href=\"https:\/\/www.youtube.com\/watch?v=fuEosb_KIgI\" target=\"_blank\" rel=\"noopener\">Concierto completo en YouTube<\/a><\/li>\n<\/ul>\n<p>Tambi\u00e9n puedes escuchar su m\u00fasica en Spotify, Pandora, iTunes y pr\u00e1cticamente cualquier otro servicio de streaming que puedas nombrar.<\/p>\n\t\t<\/div>\n\t\t\t\t\t<\/div>\n\n\t\n<\/div>","protected":false},"excerpt":{"rendered":"","protected":false},"author":37812,"featured_media":0,"parent":0,"menu_order":0,"comment_status":"closed","ping_status":"closed","template":"","meta":{"_acf_changed":false,"footnotes":""},"rapid":[],"class_list":["post-3012404","page","type-page","status-publish","hentry"],"acf":[],"_links":{"self":[{"href":"https:\/\/caringsunshine.com\/es\/wp-json\/wp\/v2\/pages\/3012404","targetHints":{"allow":["GET"]}}],"collection":[{"href":"https:\/\/caringsunshine.com\/es\/wp-json\/wp\/v2\/pages"}],"about":[{"href":"https:\/\/caringsunshine.com\/es\/wp-json\/wp\/v2\/types\/page"}],"author":[{"embeddable":true,"href":"https:\/\/caringsunshine.com\/es\/wp-json\/wp\/v2\/users\/37812"}],"replies":[{"embeddable":true,"href":"https:\/\/caringsunshine.com\/es\/wp-json\/wp\/v2\/comments?post=3012404"}],"version-history":[{"count":1,"href":"https:\/\/caringsunshine.com\/es\/wp-json\/wp\/v2\/pages\/3012404\/revisions"}],"predecessor-version":[{"id":3012415,"href":"https:\/\/caringsunshine.com\/es\/wp-json\/wp\/v2\/pages\/3012404\/revisions\/3012415"}],"wp:attachment":[{"href":"https:\/\/caringsunshine.com\/es\/wp-json\/wp\/v2\/media?parent=3012404"}],"wp:term":[{"taxonomy":"rapid","embeddable":true,"href":"https:\/\/caringsunshine.com\/es\/wp-json\/wp\/v2\/rapid?post=3012404"}],"curies":[{"name":"wp","href":"https:\/\/api.w.org\/{rel}","templated":true}]}}