{"id":3012298,"date":"2022-06-24T09:55:38","date_gmt":"2022-06-24T16:55:38","guid":{"rendered":"https:\/\/caringsunshine.com\/?page_id=3012298"},"modified":"2024-02-08T08:08:33","modified_gmt":"2024-02-08T16:08:33","slug":"instagram-home","status":"publish","type":"page","link":"https:\/\/caringsunshine.com\/es\/instagram-home\/","title":{"rendered":"Familia Howlett \/ Caring Sunshine"},"content":{"rendered":"<div class=\"row\"  id=\"row-1058362431\">\n\n\t<div id=\"col-1545251358\" class=\"col medium-6 small-12 large-6\"  >\n\t\t\t\t<div class=\"col-inner\"  >\n\t\t\t\n\t\t\t\n\t<div class=\"img has-hover x md-x lg-x y md-y lg-y\" id=\"image_1591843695\">\n\t\t\t\t\t\t\t\t<div class=\"img-inner dark\" >\n\t\t\t<img decoding=\"async\" width=\"1020\" height=\"680\" src=\"https:\/\/caringsunshine.com\/wp-content\/uploads\/2024\/02\/fam2021.jpeg\" class=\"attachment-large size-large\" alt=\"Familia Howlett\" srcset=\"https:\/\/caringsunshine.com\/wp-content\/uploads\/2024\/02\/fam2021.jpeg 1024w, https:\/\/caringsunshine.com\/wp-content\/uploads\/2024\/02\/fam2021-800x534.jpeg 800w, https:\/\/caringsunshine.com\/wp-content\/uploads\/2024\/02\/fam2021-768x512.jpeg 768w, https:\/\/caringsunshine.com\/wp-content\/uploads\/2024\/02\/fam2021-18x12.jpeg 18w, https:\/\/caringsunshine.com\/wp-content\/uploads\/2024\/02\/fam2021-300x200.jpeg 300w, https:\/\/caringsunshine.com\/wp-content\/uploads\/2024\/02\/fam2021-64x43.jpeg 64w\" sizes=\"(max-width: 1020px) 100vw, 1020px\" \/>\t\t\t\t\t\t\n\t\t\t\t\t<\/div>\n\t\t\t\t\t\t\t\t\n<style>\n#image_1591843695 {\n  width: 100%;\n}\n<\/style>\n\t<\/div>\n\t\n\t\t<\/div>\n\t\t\t\t\t<\/div>\n\n\t\n\n\t<div id=\"col-397870393\" class=\"col medium-6 small-12 large-6\"  >\n\t\t\t\t<div class=\"col-inner\"  >\n\t\t\t\n\t\t\t\n<h3>Bienvenido.<\/h3>\n<p>Gracias por interesarse en la familia Howlett y en nuestro negocio, Caring Sunshine.<\/p>\n<p>Como familia, nos gusta hablar de relaciones, salud y emprendimiento. Caring Sunshine es nuestro negocio de comercio electr\u00f3nico que tiene m\u00e1s de veinte a\u00f1os y que vende suplementos nutricionales, pero si no te interesan los suplementos nutricionales, no hay problema. Simplemente disfruta de las otras cosas de las que hablamos.<\/p>\n<p>Si podemos ayudarle, p\u00f3ngase en contacto con nosotros. Mientras tanto, le deseamos un pr\u00f3spero 2024.<\/p>\n\t\t<\/div>\n\t\t\t\t\t<\/div>\n\n\t\n<\/div>\n<div class=\"row no-bottom\"  id=\"row-371133695\">\n\n\t<div id=\"col-1091743373\" class=\"col medium-4 small-12 large-4\"  >\n\t\t\t\t<div class=\"col-inner\"  >\n\t\t\t\n\t\t\t\n\n\t<section class=\"section\" id=\"section_1685298453\">\n\t\t<div class=\"section-bg fill\" >\n\t\t\t\t\t\t\t\t\t\n\t\t\t\n\n\t\t<\/div>\n\n\t\t\n\n\t\t<div class=\"section-content relative\">\n\t\t\t\n\t<div id=\"text-2501302032\" class=\"text no-bottom\">\n\t\t\n<h2 class=\"uppercase\" ><a style=\"color: white;\" href=\"https:\/\/caringsunshine.com\/es\/about\/\">sobre nosotros<\/a><\/h2>\n\t\t\n<style>\n#text-2501302032 {\n  font-size: 1.5rem;\n  text-align: center;\n  color: rgb(255, 255, 255);\n}\n#text-2501302032 > * {\n  color: rgb(255, 255, 255);\n}\n<\/style>\n\t<\/div>\n\t\n\t\t<\/div>\n\n\t\t\n<style>\n#section_1685298453 {\n  padding-top: 60px;\n  padding-bottom: 60px;\n  margin-bottom: 0px;\n  min-height: 300px;\n  background-color: #babcb5;\n}\n<\/style>\n\t<\/section>\n\t\n\t\t<\/div>\n\t\t\t\t\n<style>\n#col-1091743373 > .col-inner {\n  padding: 0px 0px 0px 0;\n  margin: 0px` 0px 0px 0px;\n}\n<\/style>\n\t<\/div>\n\n\t\n\n\t<div id=\"col-779808200\" class=\"col medium-4 small-12 large-4\"  >\n\t\t\t\t<div class=\"col-inner\"  >\n\t\t\t\n\t\t\t\n\n\t<section class=\"section\" id=\"section_1767587171\">\n\t\t<div class=\"section-bg fill\" >\n\t\t\t\t\t\t\t\t\t\n\t\t\t\n\n\t\t<\/div>\n\n\t\t\n\n\t\t<div class=\"section-content relative\">\n\t\t\t\n\t<div id=\"text-39253395\" class=\"text no-bottom\">\n\t\t\n<h2 class=\"uppercase\"><a style=\"color: white;\" href=\"https:\/\/caringsunshine.com\/es\/category\/behind-scenes\/\">Entre bastidores<\/a><\/h2>\n\t\t\n<style>\n#text-39253395 {\n  font-size: 1.5rem;\n  text-align: center;\n  color: rgb(255, 255, 255);\n}\n#text-39253395 > * {\n  color: rgb(255, 255, 255);\n}\n<\/style>\n\t<\/div>\n\t\n\t\t<\/div>\n\n\t\t\n<style>\n#section_1767587171 {\n  padding-top: 60px;\n  padding-bottom: 60px;\n  min-height: 300px;\n  background-color: #008c68;\n}\n<\/style>\n\t<\/section>\n\t\n\t\t<\/div>\n\t\t\t\t\t<\/div>\n\n\t\n\n\t<div id=\"col-1991819641\" class=\"col medium-4 small-12 large-4\"  >\n\t\t\t\t<div class=\"col-inner\"  >\n\t\t\t\n\t\t\t\n\n\t<section class=\"section\" id=\"section_625045954\">\n\t\t<div class=\"section-bg fill\" >\n\t\t\t\t\t\t\t\t\t\n\t\t\t\n\n\t\t<\/div>\n\n\t\t\n\n\t\t<div class=\"section-content relative\">\n\t\t\t\n\t<div id=\"text-329813975\" class=\"text no-bottom\">\n\t\t\n<h2 class=\"uppercase\"><a style=\"color: white;\" href=\"https:\/\/caringsunshine.com\/es\/category\/healthy\/\">Vida y alimentaci\u00f3n sanas<\/a><\/h2>\n\t\t\n<style>\n#text-329813975 {\n  font-size: 1.5rem;\n  text-align: center;\n  color: rgb(255, 255, 255);\n}\n#text-329813975 > * {\n  color: rgb(255, 255, 255);\n}\n<\/style>\n\t<\/div>\n\t\n\t\t<\/div>\n\n\t\t\n<style>\n#section_625045954 {\n  padding-top: 60px;\n  padding-bottom: 60px;\n  min-height: 300px;\n  background-color: #bbbcb5;\n}\n<\/style>\n\t<\/section>\n\t\n\t\t<\/div>\n\t\t\t\t\t<\/div>\n\n\t\n<\/div>\n<div class=\"row no-bottom\"  id=\"row-546907682\">\n\n\t<div id=\"col-576993636\" class=\"col medium-4 small-12 large-4\"  >\n\t\t\t\t<div class=\"col-inner\"  >\n\t\t\t\n\t\t\t\n\n\t<section class=\"section\" id=\"section_1461746569\">\n\t\t<div class=\"section-bg fill\" >\n\t\t\t\t\t\t\t\t\t\n\t\t\t\n\n\t\t<\/div>\n\n\t\t\n\n\t\t<div class=\"section-content relative\">\n\t\t\t\n\t<div id=\"text-3955949196\" class=\"text no-bottom\">\n\t\t\n<h2 class=\"uppercase\"><a style=\"color: white;\" href=\"https:\/\/caringsunshine.com\/es\/\">qu\u00e9 vendemos<\/a><\/h2>\n\t\t\n<style>\n#text-3955949196 {\n  font-size: 1.5rem;\n  text-align: center;\n  color: rgb(255, 255, 255);\n}\n#text-3955949196 > * {\n  color: rgb(255, 255, 255);\n}\n<\/style>\n\t<\/div>\n\t\n\t\t<\/div>\n\n\t\t\n<style>\n#section_1461746569 {\n  padding-top: 60px;\n  padding-bottom: 60px;\n  margin-bottom: 0px;\n  min-height: 300px;\n  background-color: #257861;\n}\n<\/style>\n\t<\/section>\n\t\n\t\t<\/div>\n\t\t\t\t\n<style>\n#col-576993636 > .col-inner {\n  padding: 0px 0px 0px 0;\n  margin: 0px` 0px 0px 0px;\n}\n<\/style>\n\t<\/div>\n\n\t\n\n\t<div id=\"col-1670447566\" class=\"col medium-4 small-12 large-4\"  >\n\t\t\t\t<div class=\"col-inner\"  >\n\t\t\t\n\t\t\t\n\n\t<section class=\"section\" id=\"section_611436715\">\n\t\t<div class=\"section-bg fill\" >\n\t\t\t\t\t\t\t\t\t\n\t\t\t\n\n\t\t<\/div>\n\n\t\t\n\n\t\t<div class=\"section-content relative\">\n\t\t\t\n\t<div id=\"text-195206200\" class=\"text no-bottom\">\n\t\t\n<h2 class=\"uppercase\"><a style=\"color: white;\" href=\"https:\/\/caringsunshine.com\/es\/category\/business\/\">consejos de negocios \/ inspiraci\u00f3n<\/a><\/h2>\n\t\t\n<style>\n#text-195206200 {\n  font-size: 1.5rem;\n  text-align: center;\n  color: rgb(255, 255, 255);\n}\n#text-195206200 > * {\n  color: rgb(255, 255, 255);\n}\n<\/style>\n\t<\/div>\n\t\n\t\t<\/div>\n\n\t\t\n<style>\n#section_611436715 {\n  padding-top: 60px;\n  padding-bottom: 60px;\n  min-height: 300px;\n  background-color: #bbbcb5;\n}\n<\/style>\n\t<\/section>\n\t\n\t\t<\/div>\n\t\t\t\t\t<\/div>\n\n\t\n\n\t<div id=\"col-861390770\" class=\"col medium-4 small-12 large-4\"  >\n\t\t\t\t<div class=\"col-inner\"  >\n\t\t\t\n\t\t\t\n\n\t<section class=\"section\" id=\"section_1929728537\">\n\t\t<div class=\"section-bg fill\" >\n\t\t\t\t\t\t\t\t\t\n\t\t\t\n\n\t\t<\/div>\n\n\t\t\n\n\t\t<div class=\"section-content relative\">\n\t\t\t\n\t<div id=\"text-327666150\" class=\"text no-bottom\">\n\t\t\n<h2 class=\"uppercase\"><a style=\"color: white;\" href=\"https:\/\/caringsunshine.com\/es\/greg-howlett-music\/\">m\u00fasica<\/a><\/h2>\n\t\t\n<style>\n#text-327666150 {\n  font-size: 1.5rem;\n  text-align: center;\n  color: rgb(255, 255, 255);\n}\n#text-327666150 > * {\n  color: rgb(255, 255, 255);\n}\n<\/style>\n\t<\/div>\n\t\n\t\t<\/div>\n\n\t\t\n<style>\n#section_1929728537 {\n  padding-top: 60px;\n  padding-bottom: 60px;\n  min-height: 300px;\n  background-color: #008c68;\n}\n<\/style>\n\t<\/section>\n\t\n\t\t<\/div>\n\t\t\t\t\t<\/div>\n\n\t\n<\/div>","protected":false},"excerpt":{"rendered":"","protected":false},"author":37812,"featured_media":0,"parent":0,"menu_order":0,"comment_status":"closed","ping_status":"closed","template":"","meta":{"_acf_changed":false,"footnotes":""},"rapid":[],"class_list":["post-3012298","page","type-page","status-publish","hentry"],"acf":[],"_links":{"self":[{"href":"https:\/\/caringsunshine.com\/es\/wp-json\/wp\/v2\/pages\/3012298","targetHints":{"allow":["GET"]}}],"collection":[{"href":"https:\/\/caringsunshine.com\/es\/wp-json\/wp\/v2\/pages"}],"about":[{"href":"https:\/\/caringsunshine.com\/es\/wp-json\/wp\/v2\/types\/page"}],"author":[{"embeddable":true,"href":"https:\/\/caringsunshine.com\/es\/wp-json\/wp\/v2\/users\/37812"}],"replies":[{"embeddable":true,"href":"https:\/\/caringsunshine.com\/es\/wp-json\/wp\/v2\/comments?post=3012298"}],"version-history":[{"count":5,"href":"https:\/\/caringsunshine.com\/es\/wp-json\/wp\/v2\/pages\/3012298\/revisions"}],"predecessor-version":[{"id":3230272,"href":"https:\/\/caringsunshine.com\/es\/wp-json\/wp\/v2\/pages\/3012298\/revisions\/3230272"}],"wp:attachment":[{"href":"https:\/\/caringsunshine.com\/es\/wp-json\/wp\/v2\/media?parent=3012298"}],"wp:term":[{"taxonomy":"rapid","embeddable":true,"href":"https:\/\/caringsunshine.com\/es\/wp-json\/wp\/v2\/rapid?post=3012298"}],"curies":[{"name":"wp","href":"https:\/\/api.w.org\/{rel}","templated":true}]}}