{"id":2949240,"date":"2022-01-05T12:21:49","date_gmt":"2022-01-05T20:21:49","guid":{"rendered":"https:\/\/caringsunshine.com\/?page_id=2949240"},"modified":"2024-04-27T09:52:36","modified_gmt":"2024-04-27T16:52:36","slug":"shipping-policies","status":"publish","type":"page","link":"https:\/\/caringsunshine.com\/es\/shipping-policies\/","title":{"rendered":"Pol\u00edticas de env\u00edo"},"content":{"rendered":"<h2>Pol\u00edticas de env\u00edo<\/h2>\n<h3>Plazos de entrega<\/h3>\n<p>Cuando usted hace un pedido a Caring Sunshine, nos comprometemos a hac\u00e9rselo llegar lo antes posible. Aqu\u00ed hay algunas cosas importantes que hay que saber:<\/p>\n<p>* Si realiza un pedido antes de las 2:00 EST en d\u00edas laborables (de lunes a viernes), se enviar\u00e1 el mismo d\u00eda.<br \/>\n* Si realiza un pedido despu\u00e9s de las 2:00 EST en d\u00edas laborables o durante el fin de semana, se enviar\u00e1 el siguiente d\u00eda laboral.<\/p>\n<p>Con muy pocas excepciones, no aceptamos pedidos de productos que no tenemos en nuestro almac\u00e9n. Sin embargo, en algunos casos, como un error de inventario, puede ocurrir. Si eso ocurre con su pedido, se lo notificaremos y le indicaremos la fecha de env\u00edo prevista, y usted podr\u00e1 elegir entre esperar o cancelar el pedido.<\/p>\n<p>Enviamos con los siguientes transportistas:<\/p>\n<p>* USPS (First Class y Priority Mail)<br \/>\n* UPS (Ground, 2-Day, y Overnight)<\/p>\n<p>Si elige el env\u00edo econ\u00f3mico, lo enviaremos utilizando el m\u00e9todo m\u00e1s barato disponible. En la actualidad, nuestro env\u00edo econ\u00f3mico tarda una media de 3.6 d\u00edas.<\/p>\n<p>Cuando realice el pago en l\u00ednea, se le indicar\u00e1 la fecha estimada de entrega y tendr\u00e1 la oportunidad de optar por un env\u00edo m\u00e1s r\u00e1pido si lo desea.<\/p>\n<h3>Pol\u00edticas de env\u00edo<\/h3>\n<p>En general, aceptamos la responsabilidad de los env\u00edos hasta que el paquete est\u00e9 en sus manos. Si un pedido se pierde o se da\u00f1a, simplemente ll\u00e1menos y lo reemplazaremos.<\/p>\n<p>* Si el transportista nos notifica la p\u00e9rdida de un paquete, lo reenviaremos inmediatamente.<br \/>\n* Algunos pedidos pueden quedarse atascados en el tr\u00e1nsito y retrasarse mucho en llegar a usted. En estos casos, despu\u00e9s de un tiempo razonable, volveremos a enviar su paquete. Si recibe tanto el env\u00edo original como el env\u00edo de reemplazo, organizaremos la devoluci\u00f3n del env\u00edo extra.<br \/>\n* Si el transportista nos notifica que un paquete ha sido da\u00f1ado o usted nos notifica que un env\u00edo se da\u00f1\u00f3 en tr\u00e1nsito, volveremos a enviar los art\u00edculos da\u00f1ados inmediatamente.<\/p>\n<h3>Otras condiciones<\/h3>\n<p><a href=\"https:\/\/caringsunshine.com\/es\/return-policy\/\">Nuestra generosa pol\u00edtica de devoluciones se puede encontrar aqu\u00ed.<\/a><\/p>\n<p>Tenga en cuenta nuestra pol\u00edtica de <a href=\"https:\/\/caringsunshine.com\/es\/politica-de-privacidad\/\">privacidad<\/a> y <a href=\"https:\/\/caringsunshine.com\/es\/seguridad-en-caringsunshine\/\">seguridad<\/a> por favor.<\/p>","protected":false},"excerpt":{"rendered":"<p>Pol\u00edticas de env\u00edo Plazos de entrega Cuando usted hace un pedido a Caring Sunshine, nos comprometemos a hac\u00e9rselo llegar lo antes posible. Aqu\u00ed hay algunas cosas importantes que hay que saber: * Si realiza un pedido antes de las 2:00 EST en d\u00edas laborables (de lunes a viernes), se enviar\u00e1 el mismo d\u00eda. * Si realiza un [...]","protected":false},"author":37812,"featured_media":0,"parent":0,"menu_order":0,"comment_status":"closed","ping_status":"closed","template":"","meta":{"_acf_changed":false,"footnotes":""},"rapid":[],"class_list":["post-2949240","page","type-page","status-publish","hentry"],"acf":[],"_links":{"self":[{"href":"https:\/\/caringsunshine.com\/es\/wp-json\/wp\/v2\/pages\/2949240","targetHints":{"allow":["GET"]}}],"collection":[{"href":"https:\/\/caringsunshine.com\/es\/wp-json\/wp\/v2\/pages"}],"about":[{"href":"https:\/\/caringsunshine.com\/es\/wp-json\/wp\/v2\/types\/page"}],"author":[{"embeddable":true,"href":"https:\/\/caringsunshine.com\/es\/wp-json\/wp\/v2\/users\/37812"}],"replies":[{"embeddable":true,"href":"https:\/\/caringsunshine.com\/es\/wp-json\/wp\/v2\/comments?post=2949240"}],"version-history":[{"count":3,"href":"https:\/\/caringsunshine.com\/es\/wp-json\/wp\/v2\/pages\/2949240\/revisions"}],"predecessor-version":[{"id":3093480,"href":"https:\/\/caringsunshine.com\/es\/wp-json\/wp\/v2\/pages\/2949240\/revisions\/3093480"}],"wp:attachment":[{"href":"https:\/\/caringsunshine.com\/es\/wp-json\/wp\/v2\/media?parent=2949240"}],"wp:term":[{"taxonomy":"rapid","embeddable":true,"href":"https:\/\/caringsunshine.com\/es\/wp-json\/wp\/v2\/rapid?post=2949240"}],"curies":[{"name":"wp","href":"https:\/\/api.w.org\/{rel}","templated":true}]}}