{"id":2906734,"date":"2021-09-07T17:41:31","date_gmt":"2021-09-08T00:41:31","guid":{"rendered":"https:\/\/caringsunshine.com\/?page_id=2906734"},"modified":"2024-05-11T07:58:02","modified_gmt":"2024-05-11T14:58:02","slug":"renewing-your-natures-sunshine-consultant-membership","status":"publish","type":"page","link":"https:\/\/caringsunshine.com\/es\/renewing-your-natures-sunshine-consultant-membership\/","title":{"rendered":"Renovar su membres\u00eda de consultor de Nature's Sunshine"},"content":{"rendered":"<h2>Renovar su membres\u00eda de consultor de Nature's Sunshine<\/h2>\n<p><span style=\"color: #ff0000;\">NOTA: Esta informaci\u00f3n es sobre la Membres\u00eda de Consultor de Nature's Sunshine y su cuota anual y se proporciona como un servicio a nuestros clientes que tambi\u00e9n pueden ser Consultores de Nature's Sunshine. <\/span><\/p>\n<p><span style=\"color: #ff0000;\">Es importante notar que Nature's Sunshine NO le cobrar\u00e1 la cuota de membres\u00eda del $40 a menos que usted se lo pida. Por lo tanto, si usted sabe con seguridad que no quiere renovar su membres\u00eda, es seguro dejar de leer en este punto y no hacer nada. <\/span><\/p>\n<p><span style=\"color: #ff0000;\">Adem\u00e1s, tenga en cuenta que Caring Sunshine no est\u00e1 involucrado en su membres\u00eda con Nature's Sunshine y tampoco le cobrar\u00e1 ninguna cuota ni le renovar\u00e1. Usted es bienvenido a hacernos pedidos independientemente de su estatus de miembro de Nature's Sunshine.<\/span><\/p>\n<p>A lo largo de los a\u00f1os, si usted nos lo pidi\u00f3, hemos inscrito a muchos de ustedes en Nature's Sunshine como miembros, y es posible que recientemente haya recibido correos electr\u00f3nicos de Nature's Sunshine sobre la renovaci\u00f3n de su membres\u00eda por una cuota de $40. Si bien su membres\u00eda en Nature's Sunshine no tiene impacto en los pedidos que usted hace en Caring Sunshine o en los precios que recibe, aqu\u00ed hay alguna informaci\u00f3n que puede ayudarle a saber si debe renovar:<\/p>\n<h3>Historia<\/h3>\n<p>Hasta septiembre de 2020, Nature's Sunshine s\u00f3lo ten\u00eda un tipo de afiliaci\u00f3n, que era gratuita con una compra de $40. Todo el mundo ten\u00eda esta membres\u00eda, desde una enorme tienda que compraba miles\/mes hasta una peque\u00f1a familia que compraba unos pocos art\u00edculos cada pocos meses.<\/p>\n<p>En septiembre de 2020, Nature's Sunshine comenz\u00f3 a ofrecer dos membres\u00edas diferentes:<\/p>\n<ul style=\"list-style-position: inside;\">\n<li>La membres\u00eda de Consultor (para aquellos que quer\u00edan vender los productos a otros y construir un negocio)<\/li>\n<li>La membres\u00eda del cliente (para aquellos que s\u00f3lo quieren comprar productos para s\u00ed mismos).<\/li>\n<\/ul>\n<p>Nature's Sunshine tom\u00f3 una decisi\u00f3n en ese momento <strong><em>para convertir a todos los que ya eran miembros en Consultores<\/em> <\/strong>(en lugar de tratar de adivinar si el miembro debe ser un Consultor o un Cliente). Si est\u00e1s leyendo esto, es probable que te hayas inscrito bajo la membres\u00eda gratuita original y te hayas convertido en Consultor el 1 de septiembre de 2021.<\/p>\n<p>La afiliaci\u00f3n de Consultor es la m\u00e1s vers\u00e1til y valiosa. Sin embargo, cuesta $40\/a\u00f1o. Por eso, los consultores que se convirtieron en septiembre de 2020 fueron contactados a finales de agosto de 2021 y se les pidi\u00f3 que pagaran $40 para renovar su afiliaci\u00f3n por otro a\u00f1o.<\/p>\n<p>Debido a que muchos de estos Consultores convertidos son en realidad s\u00f3lo clientes que no est\u00e1n interesados en vender Nature's Sunshine, algunos est\u00e1n cuestionando si deben pagar el $40 para renovar. \u00a1Lo sabemos porque muchos de ustedes nos han llamado! Por lo tanto, aqu\u00ed hay algunas cosas r\u00e1pidas para saber que le guiar\u00e1 a la decisi\u00f3n correcta.<\/p>\n<h3>\u00bfDebe pagar el $40 para renovar su afiliaci\u00f3n como consultor?<\/h3>\n<ul style=\"list-style-position: inside; text-indent: -20px; margin-left: 20px;\">\n<li style=\"margin-bottom: 8px;\"><strong><strong>El hecho de que usted tenga una membres\u00eda activa de Consultor con Nature's Sunshine no impacta de ninguna manera el hecho de que usted pueda hacer pedidos a Caring Sunshine o los precios que usted paga en Caring Sunshine. La membres\u00eda es con Nature's Sunshine, no con Caring Sunshine.<\/strong><\/strong><\/li>\n<li style=\"margin-bottom: 8px;\">Si recibes pagos de comisiones por tu membres\u00eda en Nature's Sunshine, es casi seguro que debes pagar el $40 para renovar tu membres\u00eda. Si no lo haces, esas comisiones estar\u00e1n en riesgo en el futuro.<\/li>\n<li style=\"margin-bottom: 8px;\">Si haces pedidos grandes (m\u00e1s de $500), posiblemente deber\u00edas pagar los $40 para renovar tu membres\u00eda porque Nature's Sunshine ofrece descuentos por volumen en pedidos grandes para Consultores.<\/li>\n<li style=\"margin-bottom: 8px;\">Si no recibes pagos de comisiones de Nature's Sunshine Y no haces pedidos de m\u00e1s de $500, probablemente no deber\u00edas gastar los $40 para renovar tu membres\u00eda A MENOS que est\u00e9s interesado en vender los productos en el futuro.<\/li>\n<li style=\"margin-bottom: 8px;\">Si usted decide renovar su membres\u00eda, debe hacerlo con Nature's Sunshine directamente. Nosotros no tenemos la capacidad de renovar membres\u00edas. Puede contactar con ellos entrando en <a href=\"https:\/\/naturessunshine.com\" target=\"_blank\" rel=\"noopener\">naturessunshine.com<\/a> o llamando al 800-223-8225.<\/li>\n<li style=\"margin-bottom: 8px;\">Si no te pones en contacto con Nature's Sunshine y les pides que renueven tu membres\u00eda, NO te cobrar\u00e1n la cuota.<\/li>\n<li style=\"margin-bottom: 8px;\">Si no renueva su afiliaci\u00f3n como Consultor, pasar\u00e1 autom\u00e1ticamente a la categor\u00eda de Cliente, que es una afiliaci\u00f3n gratuita.<\/li>\n<\/ul>\n<p>Esperamos que eso ayude. De nuevo, independientemente de lo que haga, no afectar\u00e1 a los pedidos que realice aqu\u00ed en Caring Sunshine. Si todav\u00eda tiene preguntas, <a href=\"https:\/\/caringsunshine.com\/es\/contacto\/\">tender la mano<\/a> \u00a1y trataremos de guiarte!<\/p>","protected":false},"excerpt":{"rendered":"<p>Renovando su Membres\u00eda de Consultor de Nature's Sunshine NOTA: Esta informaci\u00f3n es acerca de la Membres\u00eda de Consultor de Nature's Sunshine y su cuota anual y se proporciona como un servicio a nuestros clientes que tambi\u00e9n pueden ser Consultores de Nature's Sunshine. Es importante notar que Nature's Sunshine NO le cobrar\u00e1 la cuota de membres\u00eda $40 a menos que usted pida [...]","protected":false},"author":37812,"featured_media":0,"parent":0,"menu_order":0,"comment_status":"closed","ping_status":"closed","template":"page-blank-title-center.php","meta":{"_acf_changed":false,"footnotes":""},"rapid":[],"class_list":["post-2906734","page","type-page","status-publish","hentry"],"acf":[],"_links":{"self":[{"href":"https:\/\/caringsunshine.com\/es\/wp-json\/wp\/v2\/pages\/2906734","targetHints":{"allow":["GET"]}}],"collection":[{"href":"https:\/\/caringsunshine.com\/es\/wp-json\/wp\/v2\/pages"}],"about":[{"href":"https:\/\/caringsunshine.com\/es\/wp-json\/wp\/v2\/types\/page"}],"author":[{"embeddable":true,"href":"https:\/\/caringsunshine.com\/es\/wp-json\/wp\/v2\/users\/37812"}],"replies":[{"embeddable":true,"href":"https:\/\/caringsunshine.com\/es\/wp-json\/wp\/v2\/comments?post=2906734"}],"version-history":[{"count":2,"href":"https:\/\/caringsunshine.com\/es\/wp-json\/wp\/v2\/pages\/2906734\/revisions"}],"predecessor-version":[{"id":2907184,"href":"https:\/\/caringsunshine.com\/es\/wp-json\/wp\/v2\/pages\/2906734\/revisions\/2907184"}],"wp:attachment":[{"href":"https:\/\/caringsunshine.com\/es\/wp-json\/wp\/v2\/media?parent=2906734"}],"wp:term":[{"taxonomy":"rapid","embeddable":true,"href":"https:\/\/caringsunshine.com\/es\/wp-json\/wp\/v2\/rapid?post=2906734"}],"curies":[{"name":"wp","href":"https:\/\/api.w.org\/{rel}","templated":true}]}}