{"id":2887624,"date":"2021-05-13T11:17:53","date_gmt":"2021-05-13T18:17:53","guid":{"rendered":"https:\/\/caringsunshine.com\/?page_id=2887624"},"modified":"2024-05-11T07:57:10","modified_gmt":"2024-05-11T14:57:10","slug":"nutribiome-professional-from-natures-sunshine","status":"publish","type":"page","link":"https:\/\/caringsunshine.com\/es\/nutribiome-professional-from-natures-sunshine\/","title":{"rendered":"Nutribiome Professional de Nature's Sunshine"},"content":{"rendered":"<p>Nutribiome Professional es una nueva l\u00ednea de Nature's Sunshine que estar\u00e1 orientada (y s\u00f3lo disponible) a los profesionales de la salud. Buscar esta l\u00ednea al final de 2021\/al principio de 2022. La l\u00ednea actual Nutribiome de Nature's Sunshine contiene probi\u00f3ticos, y no est\u00e1 claro si esos productos ser\u00e1n reemplazados o incorporados a la l\u00ednea Nutribiome Professional.<\/p>","protected":false},"excerpt":{"rendered":"<p>Nutribiome Professional es una nueva l\u00ednea de Nature's Sunshine que estar\u00e1 orientada (y s\u00f3lo disponible) a los profesionales de la salud. Buscar esta l\u00ednea al final de 2021\/al principio de 2022. La l\u00ednea actual Nutribiome de Nature's Sunshine contiene probi\u00f3ticos, y no est\u00e1 claro si esos productos ser\u00e1n reemplazados o incorporados a la l\u00ednea Nutribiome Professional.<\/p>","protected":false},"author":37812,"featured_media":0,"parent":0,"menu_order":0,"comment_status":"closed","ping_status":"closed","template":"page-blank-title-center.php","meta":{"_acf_changed":false,"footnotes":""},"rapid":[],"class_list":["post-2887624","page","type-page","status-publish","hentry"],"acf":[],"_links":{"self":[{"href":"https:\/\/caringsunshine.com\/es\/wp-json\/wp\/v2\/pages\/2887624","targetHints":{"allow":["GET"]}}],"collection":[{"href":"https:\/\/caringsunshine.com\/es\/wp-json\/wp\/v2\/pages"}],"about":[{"href":"https:\/\/caringsunshine.com\/es\/wp-json\/wp\/v2\/types\/page"}],"author":[{"embeddable":true,"href":"https:\/\/caringsunshine.com\/es\/wp-json\/wp\/v2\/users\/37812"}],"replies":[{"embeddable":true,"href":"https:\/\/caringsunshine.com\/es\/wp-json\/wp\/v2\/comments?post=2887624"}],"version-history":[{"count":1,"href":"https:\/\/caringsunshine.com\/es\/wp-json\/wp\/v2\/pages\/2887624\/revisions"}],"predecessor-version":[{"id":2887626,"href":"https:\/\/caringsunshine.com\/es\/wp-json\/wp\/v2\/pages\/2887624\/revisions\/2887626"}],"wp:attachment":[{"href":"https:\/\/caringsunshine.com\/es\/wp-json\/wp\/v2\/media?parent=2887624"}],"wp:term":[{"taxonomy":"rapid","embeddable":true,"href":"https:\/\/caringsunshine.com\/es\/wp-json\/wp\/v2\/rapid?post=2887624"}],"curies":[{"name":"wp","href":"https:\/\/api.w.org\/{rel}","templated":true}]}}