{"id":2871255,"date":"2021-02-23T06:12:11","date_gmt":"2021-02-23T14:12:11","guid":{"rendered":"https:\/\/caringsunshine.com\/?page_id=2871255"},"modified":"2021-10-25T09:29:01","modified_gmt":"2021-10-25T16:29:01","slug":"personalized-results","status":"publish","type":"page","link":"https:\/\/caringsunshine.com\/es\/personalized-results\/","title":{"rendered":"Aqu\u00ed tienes tus resultados personalizados."},"content":{"rendered":"<div class=\"row\"  id=\"row-856475443\">\n\n\t<div id=\"col-1805371445\" class=\"col medium-8 small-12 large-8\"  >\n\t\t\t\t<div class=\"col-inner\"  >\n\t\t\t\n\t\t\t<h2>Aqu\u00ed tienes tu plan personalizado...<\/h2><h3 id=\"atc_message\" style=\"color: red;\"><\/h3><span id=\"atc_list\" style=\"display: none;\"><\/span><span id=\"ds_list\" style=\"display: none;\"><\/span><p style=\"margin-bottom: 0px;\">Gracias por responder a la encuesta. Estas son nuestras recomendaciones, pero tenga en cuenta que puede excluir cualquier producto o elegir un producto similar al hacer clic en los enlaces \"Ver alternativas\" debajo de cada producto.<\/p><\/table><p style='padding-top: 20px; margin-bottom: 0px; font-size: larger;'>Fundaci\u00f3n<\/p><hr style=\"margin: 5px 0;\"><table class=\"eval_tool\" style=\"width: 100%;\"><tr><td style=\"width: 10%\"><img decoding=\"async\" id=\"i1\" src=\"https:\/\/caringsunshine.com\/wp-content\/uploads\/1999\/12\/Lus1377_super-supplemental_bottle-1-1024x954-1.png\"><\/td><td  style=\"width:60%;\"><span id=\"ra1\">Super Suplemento<\/span><br><a id=\"show1\" onclick=\"show_table(1)\">Ver alternativas<\/a><\/td><td style=\"text-align: right; width: 11%\"><span id=\"rb1\">$24.25<\/span><\/td><td style=\"text-align: right\"><span id=\"rc1\">$0.81<\/span> Por d\u00eda<\/td><\/tr><\/table><table class=\"eval_tool_alt\" style=\"width: 100%; display: none;\" id=\"t1\"><tr><td style=\"width: 3%;\"><\/td><td style=\"width:67%; padding-left: 0px;\"><b style=\"font-size: larger;\">Productos de cimentaci\u00f3n<\/b><\/td><td style=\"width: 16%; text-align: right;\"><b style=\"font-size: larger;\">Precio<\/b><\/td><td style=\"text-align: right; width: 14%\"><b style=\"font-size: larger;\">Coste\/D\u00eda<\/b><\/td><\/tr><tr style=\"width: 100%;\"><td><span style=\"display: none;\" id=\"rd1,p0\"><\/span><input type=\"radio\" id=\"0.00,1,0,0.00,0.00\"  name=\"choice1\" value=\"0\" ><\/td><td style=\"padding-left: 0px;\"><span style=\"font-weight: bold;\" id=\"ra1,p0\">Ninguno<\/span><\/td><td style=\"text-align: right;\"><span id=\"rb1,p0\">$0.00<\/span><\/td><td style=\"text-align: right;\"><span id=\"rc1,p0\">$0.00<\/span><\/td><\/tr><tr style=\"width: 100%;\"><td><span style=\"display: none;\" id=\"rd1,p366\">https:\/\/caringsunshine.com\/wp-content\/uploads\/1999\/12\/Lus1377_super-supplemental_bottle-1-1024x954-1.png<\/span><input type=\"radio\" id=\"0.81,1,366,24.25,30\"  name=\"choice1\" value=\"366\"  checked><td style=\"padding-left: 0px;\"><span style=\"font-weight: bold;\" id=\"ra1,p366\">Super Suplemento<\/span><span style=\"font-size: smaller;\"> - Nuestro multivitam\u00ednico m\u00e1s popular y completo. Contiene todas las vitaminas y minerales esenciales y un extracto de frutas y verduras.<\/span><\/td><td style=\"text-align: right;\"><span id=\"rb1,p366\">$24.25<\/span><\/td><td style=\"text-align: right;\"><span id=\"rc1,p366\">$0.81<\/span><\/td><\/tr><tr style=\"width: 100%;\"><td><span style=\"display: none;\" id=\"rd1,p367\">https:\/\/caringsunshine.com\/wp-content\/uploads\/1999\/12\/Lus1379_super-supplemental-wo-iron_bottle-1-1024x954-1.png<\/span><input type=\"radio\" id=\"0.81,1,367,24.25,30\"  name=\"choice1\" value=\"367\" ><td style=\"padding-left: 0px;\"><span style=\"font-weight: bold;\" id=\"ra1,p367\">Super Suplemento (sin hierro)<\/span><span style=\"font-size: smaller;\"> - Id\u00e9ntico a Super Supplemental excepto en lo que respecta al hierro. Apropiado para quienes se les ha aconsejado reducir el hierro en su dieta.<\/span><\/td><td style=\"text-align: right;\"><span id=\"rb1,p367\">$24.25<\/span><\/td><td style=\"text-align: right;\"><span id=\"rc1,p367\">$0.81<\/span><\/td><\/tr><tr style=\"width: 100%;\"><td><span style=\"display: none;\" id=\"rd1,p748\">https:\/\/caringsunshine.com\/wp-content\/uploads\/1999\/12\/vitawave.png<\/span><input type=\"radio\" id=\"1.69,1,748,54.00,32\"  name=\"choice1\" value=\"748\" ><td style=\"padding-left: 0px;\"><span style=\"font-weight: bold;\" id=\"ra1,p748\">VitaWave<\/span><span style=\"font-size: smaller;\"> - Un multivitam\u00ednico completo en una deliciosa forma l\u00edquida. Apropiado para quienes no les gusta tragar tabletas.<\/span><\/td><td style=\"text-align: right;\"><span id=\"rb1,p748\">$54.00<\/span><\/td><td style=\"text-align: right;\"><span id=\"rc1,p748\">$1.69<\/span><\/td><\/tr><tr style=\"width: 100%;\"><td><span style=\"display: none;\" id=\"rd1,p2826865\">https:\/\/caringsunshine.com\/wp-content\/uploads\/2020\/08\/22464_KIDS_MULTI_GUMMY_1500x1500.png<\/span><input type=\"radio\" id=\"0.45,1,2826865,20.10,45\"  name=\"choice1\" value=\"2826865\" ><td style=\"padding-left: 0px;\"><span style=\"font-weight: bold;\" id=\"ra1,p2826865\">Children's MultiVitamin &amp; Mineral<\/span><span style=\"font-size: smaller;\"> - Una deliciosa gominola vitaminada para ni\u00f1os.<\/span><\/td><td style=\"text-align: right;\"><span id=\"rb1,p2826865\">$20.10<\/span><\/td><td style=\"text-align: right;\"><span id=\"rc1,p2826865\">$0.45<\/span><\/td><\/tr><tr style=\"width: 100%;\"><td><span style=\"display: none;\" id=\"rd1,p350\">https:\/\/caringsunshine.com\/wp-content\/uploads\/1999\/12\/Lus1619_multi-vitamins-minerals_bottle-1-1024x1024-1.png<\/span><input type=\"radio\" id=\"0.54,1,350,32.25,60\"  name=\"choice1\" value=\"350\" ><td style=\"padding-left: 0px;\"><span style=\"font-weight: bold;\" id=\"ra1,p350\">Multivitaminas y minerales (liberaci\u00f3n prolongada)<\/span><span style=\"font-size: smaller;\"> - Un multivitam\u00ednico econ\u00f3mico de un d\u00eda que se libera a lo largo del d\u00eda.<\/span><\/td><td style=\"text-align: right;\"><span id=\"rb1,p350\">$32.25<\/span><\/td><td style=\"text-align: right;\"><span id=\"rc1,p350\">$0.54<\/span><\/td><\/tr><\/table><table class=\"eval_totals\"><tr><td style=\"width: 70%\"><h4>Total: <\/h4><\/td><td style=\"width: 11%; text-align: right;\"><h4><span id=\"totalamount\"><\/span><\/h4><\/td><td style=\"text-align: right;\"><h4><span id=\"costperdaymain\"><\/span>\/D\u00eda<\/h4><\/td><\/tr><\/table><table style=\"width: 100%;\"><tr><td><button id=\"add1\" class=\"single_add_to_cart_button button alt\" onclick=\"add_to_cart(1)\">Comprar 1 mes<\/button><\/td><td><button id=\"add2\" class=\"single_add_to_cart_button button alt\" onclick=\"add_to_cart(2)\">Comprar 2 meses<\/button><\/td><td><button id=\"add3\" class=\"single_add_to_cart_button button alt\" onclick=\"add_to_cart(3)\">Comprar 3 meses<\/button><\/td><\/tr><\/table><h3 style=\"margin-top: 25px;\">\u00bfQuiere recibir estos resultados por correo electr\u00f3nico?<\/h3><p>S\u00f3lo tiene que introducir su direcci\u00f3n de correo electr\u00f3nico y se los haremos llegar al instante.<\/p>\n    <script src=\"https:\/\/ajax.googleapis.com\/ajax\/libs\/jquery\/3.2.1\/jquery.min.js\"><\/script>\n    <script>\n        let result = document.querySelector('#result');\n        document.body.addEventListener('change', function (e) {\n            \/\/let target = e.target;\n            jQuery(document).ready(function($){\n                total = 0;\n                atc_list.textContent = '0';\n                ds_list.textContent = '0';\n                grandtotal = 0;\n                $(\"input:radio\").each(function(){\n                    var $this = $(this), id = $this.attr('id')\n                    var temp = new Array();\n\n                    if ($(this).prop('checked')) {\n                        temp = $(this).attr('id').split(\",\");\n                        cpd = temp[0];\n                        interest = temp[1];\n                        productid = temp[2];\n                        price = temp[3];\n                        daysupply = temp[4];\n                        total = total + parseFloat(cpd);\n                        grandtotal = grandtotal + parseFloat(price);\n                        atc_list.textContent = atc_list.textContent + ',' + $(this).val();\n                        ds_list.textContent = ds_list.textContent + ',' + parseFloat(daysupply);\n                        conditionname = document.getElementById('ra'+interest);\n                        conditioncost = document.getElementById('rb'+interest);\n                        conditioncpd = document.getElementById('rc'+interest);\n                        conditionimage = document.getElementById('i'+interest);\n                        conditionname.textContent = document.getElementById('ra'+interest+',p'+productid).textContent;\n                        conditioncost.textContent = document.getElementById('rb'+interest+',p'+productid).textContent;\n                        conditioncpd.textContent = document.getElementById('rc'+interest+',p'+productid).textContent;\n                        conditionimage.src = document.getElementById('rd'+interest+',p'+productid).textContent;\n                    }\n                })\n                costperdaymain.textContent = '$' + total.toFixed(2);\n                totalamount.textContent = '$' + grandtotal.toFixed(2);\n            });\n        });\n\n        document.addEventListener(\"DOMContentLoaded\", function(){\n            jQuery(document).ready(function($){\n                total = 0;\n                atc_list.textContent = '0';\n                ds_list.textContent = '0';\n                grandtotal = 0;\n                $(\"input:radio\").each(function(){\n                    var $this = $(this),\n                        id = $this.attr('id')\n\n                    if ($(this).prop('checked')) {\n                        temp = $(this).attr('id').split(\",\");\n                        price = temp[3];\n                        daysupply = temp[4];\n                        grandtotal = grandtotal + parseFloat(price);\n                        total = total + parseFloat(id);\n                        atc_list.textContent = atc_list.textContent + ',' + $(this).val();\n                        ds_list.textContent = ds_list.textContent + ',' + parseFloat(daysupply);\n                        \/\/console.log(atc_list.textContent);\n                    }\n                })\n                costperdaymain.textContent = '$' + total.toFixed(2);\n                totalamount.textContent = '$' + grandtotal.toFixed(2);\n            });\n        });\n\n        function show_table(condition) {\n            console.log(condition);\n            var x = document.getElementById(\"t\"+condition);\n            var y = document.getElementById(\"show\"+condition);\n            if (x.style.display === \"none\") {\n                x.style.display = \"table\";\n                y.textContent = \"Hide alternatives\";\n            } else {\n                x.style.display = \"none\";\n                y.textContent = \"Show alternatives\";\n            }\n        }\n\n        function add_to_cart(months) {\n            document.getElementById(\"add1\").disabled = true;\n            document.getElementById(\"add2\").disabled = true;\n            document.getElementById(\"add3\").disabled = true;\n\n            atc_link = '\/eval_add_to_cart?list=' + document.getElementById('atc_list').textContent + '&dayssupply=' + document.getElementById('ds_list').textContent + '&months=' + months;\n            console.log(atc_link);\n            var xmlhttp = new XMLHttpRequest();\n            xmlhttp.onreadystatechange = function() {\n                if (this.readyState == 4 && this.status == 200) {\n                    \/\/document.getElementById(\"atc_message\").textContent = this.responseText;\n                    \/\/alert('here');\n                    window.location.href = \"\/cart\";\n                }\n            };\n            xmlhttp.open(\"GET\",atc_link,true);\n            xmlhttp.send();\n        }\n\n    <\/script>\n\n\n    \n\n<script type=\"text\/javascript\">\n\/* <![CDATA[ *\/\nvar gform;gform||(document.addEventListener(\"gform_main_scripts_loaded\",function(){gform.scriptsLoaded=!0}),document.addEventListener(\"gform\/theme\/scripts_loaded\",function(){gform.themeScriptsLoaded=!0}),window.addEventListener(\"DOMContentLoaded\",function(){gform.domLoaded=!0}),gform={domLoaded:!1,scriptsLoaded:!1,themeScriptsLoaded:!1,isFormEditor:()=>\"function\"==typeof InitializeEditor,callIfLoaded:function(o){return!(!gform.domLoaded||!gform.scriptsLoaded||!gform.themeScriptsLoaded&&!gform.isFormEditor()||(gform.isFormEditor()&&console.warn(\"The use of gform.initializeOnLoaded() is deprecated in the form editor context and will be removed in Gravity Forms 3.1.\"),o(),0))},initializeOnLoaded:function(o){gform.callIfLoaded(o)||(document.addEventListener(\"gform_main_scripts_loaded\",()=>{gform.scriptsLoaded=!0,gform.callIfLoaded(o)}),document.addEventListener(\"gform\/theme\/scripts_loaded\",()=>{gform.themeScriptsLoaded=!0,gform.callIfLoaded(o)}),window.addEventListener(\"DOMContentLoaded\",()=>{gform.domLoaded=!0,gform.callIfLoaded(o)}))},hooks:{action:{},filter:{}},addAction:function(o,r,e,t){gform.addHook(\"action\",o,r,e,t)},addFilter:function(o,r,e,t){gform.addHook(\"filter\",o,r,e,t)},doAction:function(o){gform.doHook(\"action\",o,arguments)},applyFilters:function(o){return gform.doHook(\"filter\",o,arguments)},removeAction:function(o,r){gform.removeHook(\"action\",o,r)},removeFilter:function(o,r,e){gform.removeHook(\"filter\",o,r,e)},addHook:function(o,r,e,t,n){null==gform.hooks[o][r]&&(gform.hooks[o][r]=[]);var d=gform.hooks[o][r];null==n&&(n=r+\"_\"+d.length),gform.hooks[o][r].push({tag:n,callable:e,priority:t=null==t?10:t})},doHook:function(r,o,e){var t;if(e=Array.prototype.slice.call(e,1),null!=gform.hooks[r][o]&&((o=gform.hooks[r][o]).sort(function(o,r){return o.priority-r.priority}),o.forEach(function(o){\"function\"!=typeof(t=o.callable)&&(t=window[t]),\"action\"==r?t.apply(null,e):e[0]=t.apply(null,e)})),\"filter\"==r)return e[0]},removeHook:function(o,r,t,n){var e;null!=gform.hooks[o][r]&&(e=(e=gform.hooks[o][r]).filter(function(o,r,e){return!!(null!=n&&n!=o.tag||null!=t&&t!=o.priority)}),gform.hooks[o][r]=e)}});\n\/* ]]> *\/\n<\/script>\n\n                <div class='gf_browser_gecko gform_wrapper gform_legacy_markup_wrapper gform-theme--no-framework' data-form-theme='legacy' data-form-index='0' id='gform_wrapper_13' ><form method='post' enctype='multipart\/form-data'  id='gform_13'  action='\/es\/wp-json\/wp\/v2\/pages\/2871255' data-formid='13' novalidate data-trp-original-action=\"\/es\/wp-json\/wp\/v2\/pages\/2871255\">\n                        <div class='gform-body gform_body'><ul id='gform_fields_13' class='gform_fields top_label form_sublabel_below description_below validation_below'><li id=\"field_13_2\" class=\"gfield gfield--type-email field_sublabel_below gfield--no-description field_description_below field_validation_below gfield_visibility_visible\"  ><label class='gfield_label gform-field-label' for='input_13_2'>Correo electr\u00f3nico<\/label><div class='ginput_container ginput_container_email'>\n                            <input name='input_2' id='input_13_2' type='email' value='' class='medium'     aria-invalid=\"false\"  \/>\n                        <\/div><\/li><li id=\"field_13_1\" class=\"gfield gfield--type-hidden gform_hidden field_sublabel_below gfield--no-description field_description_below field_validation_below gfield_visibility_visible\"  ><div class='ginput_container ginput_container_text'><input name='input_1' id='input_13_1' type='hidden' class='gform_hidden'  aria-invalid=\"false\" value='https:\/\/caringsunshine.com\/es\/wp-json\/wp\/v2\/pages\/2871255' \/><\/div><\/li><\/ul><\/div>\n        <div class='gform-footer gform_footer top_label'> <input type='submit' id='gform_submit_button_13' class='gform_button button' onclick='gform.submission.handleButtonClick(this);' data-submission-type='submit' value='Enviar'  \/> \n            <input type='hidden' class='gform_hidden' name='gform_submission_method' data-js='gform_submission_method_13' value='postback' \/>\n            <input type='hidden' class='gform_hidden' name='gform_theme' data-js='gform_theme_13' id='gform_theme_13' value='legacy' \/>\n            <input type='hidden' class='gform_hidden' name='gform_style_settings' data-js='gform_style_settings_13' id='gform_style_settings_13' value='[]' \/>\n            <input type='hidden' class='gform_hidden' name='is_submit_13' value='1' \/>\n            <input type='hidden' class='gform_hidden' name='gform_submit' value='13' \/>\n            \n            <input type='hidden' class='gform_hidden' name='gform_unique_id' value='' \/>\n            <input type='hidden' class='gform_hidden' name='state_13' value='WyJbXSIsImMxYmQzMzZjOTIxOGE4NjFjYmVjNjVkYjg5MWZmNjkzIl0=' \/>\n            <input type='hidden' autocomplete='off' class='gform_hidden' name='gform_target_page_number_13' id='gform_target_page_number_13' value='0' \/>\n            <input type='hidden' autocomplete='off' class='gform_hidden' name='gform_source_page_number_13' id='gform_source_page_number_13' value='1' \/>\n            <input type='hidden' name='gform_field_values' value='' \/>\n            \n        <\/div>\n                        <input type=\"hidden\" name=\"trp-form-language\" value=\"es\"\/><\/form>\n                        <\/div><script type=\"text\/javascript\">\n\/* <![CDATA[ *\/\n gform.initializeOnLoaded( function() {gformInitSpinner( 13, 'https:\/\/caringsunshine.com\/wp-content\/plugins\/gravityforms\/images\/spinner.svg', true );jQuery('#gform_ajax_frame_13').on('load',function(){var contents = jQuery(this).contents().find('*').html();var is_postback = contents.indexOf('GF_AJAX_POSTBACK') >= 0;if(!is_postback){return;}var form_content = jQuery(this).contents().find('#gform_wrapper_13');var is_confirmation = jQuery(this).contents().find('#gform_confirmation_wrapper_13').length > 0;var is_redirect = contents.indexOf('gformRedirect(){') >= 0;var is_form = form_content.length > 0 && ! is_redirect && ! is_confirmation;var mt = parseInt(jQuery('html').css('margin-top'), 10) + parseInt(jQuery('body').css('margin-top'), 10) + 100;if(is_form){jQuery('#gform_wrapper_13').html(form_content.html());if(form_content.hasClass('gform_validation_error')){jQuery('#gform_wrapper_13').addClass('gform_validation_error');} else {jQuery('#gform_wrapper_13').removeClass('gform_validation_error');}setTimeout( function() { \/* delay the scroll by 50 milliseconds to fix a bug in chrome *\/  }, 50 );if(window['gformInitDatepicker']) {gformInitDatepicker();}if(window['gformInitPriceFields']) {gformInitPriceFields();}var current_page = jQuery('#gform_source_page_number_13').val();gformInitSpinner( 13, 'https:\/\/caringsunshine.com\/wp-content\/plugins\/gravityforms\/images\/spinner.svg', true );jQuery(document).trigger('gform_page_loaded', [13, current_page]);window['gf_submitting_13'] = false;}else if(!is_redirect){var confirmation_content = jQuery(this).contents().find('.GF_AJAX_POSTBACK').html();if(!confirmation_content){confirmation_content = contents;}jQuery('#gform_wrapper_13').replaceWith(confirmation_content);jQuery(document).trigger('gform_confirmation_loaded', [13]);window['gf_submitting_13'] = false;wp.a11y.speak(jQuery('#gform_confirmation_message_13').text());}else{jQuery('#gform_13').append(contents);if(window['gformRedirect']) {gformRedirect();}}jQuery(document).trigger(\"gform_pre_post_render\", [{ formId: \"13\", currentPage: \"current_page\", abort: function() { this.preventDefault(); } }]);        if (event && event.defaultPrevented) {                return;        }        const gformWrapperDiv = document.getElementById( \"gform_wrapper_13\" );        if ( gformWrapperDiv ) {            const visibilitySpan = document.createElement( \"span\" );            visibilitySpan.id = \"gform_visibility_test_13\";            gformWrapperDiv.insertAdjacentElement( \"afterend\", visibilitySpan );        }        const visibilityTestDiv = document.getElementById( \"gform_visibility_test_13\" );        let postRenderFired = false;        function triggerPostRender() {            if ( postRenderFired ) {                return;            }            postRenderFired = true;            gform.core.triggerPostRenderEvents( 13, current_page );            if ( visibilityTestDiv ) {                visibilityTestDiv.parentNode.removeChild( visibilityTestDiv );            }        }        function debounce( func, wait, immediate ) {            var timeout;            return function() {                var context = this, args = arguments;                var later = function() {                    timeout = null;                    if ( !immediate ) func.apply( context, args );                };                var callNow = immediate && !timeout;                clearTimeout( timeout );                timeout = setTimeout( later, wait );                if ( callNow ) func.apply( context, args );            };        }        const debouncedTriggerPostRender = debounce( function() {            triggerPostRender();        }, 200 );        if ( visibilityTestDiv && visibilityTestDiv.offsetParent === null ) {            const observer = new MutationObserver( ( mutations ) => {                mutations.forEach( ( mutation ) => {                    if ( mutation.type === 'attributes' && visibilityTestDiv.offsetParent !== null ) {                        debouncedTriggerPostRender();                        observer.disconnect();                    }                });            });            observer.observe( document.body, {                attributes: true,                childList: false,                subtree: true,                attributeFilter: [ 'style', 'class' ],            });        } else {            triggerPostRender();        }    } );} ); \n\/* ]]> *\/\n<\/script>\n\n\t\t<\/div>\n\t\t\t\t\t<\/div>\n\n\t\n\n\t<div id=\"col-1339284765\" class=\"col medium-4 small-12 large-4\"  >\n\t\t\t\t<div class=\"col-inner\" style=\"background-color:rgb(205, 205, 205);\" >\n\t\t\t\n\t\t\t<h3>Su informaci\u00f3n<\/h3><\/he><p>Esto es lo que nos dijo:<\/><br>Edad: No se ha facilitado<br>G\u00e9nero: No se proporciona<br>Peso: No se proporciona<br>Altura: No se proporciona<br><h4>Sus principales preocupaciones<\/h4><h4 style=\"margin-top: 20px;\">Estilo de vida<\/h4>Frutas y verduras: N\/A<br>L\u00e1cteos: N\/A<br>Ejercicio: N\/A<br>Intento de p\u00e9rdida de peso: N\/A<br><h4 style=\"margin-top: 15px;\">Notas importantes<\/h4><ul><li>Este NO es un programa de env\u00edo autom\u00e1tico. No se le enviar\u00e1n futuros env\u00edos autom\u00e1ticos de forma regular. Le facilitaremos la reposici\u00f3n, pero s\u00f3lo le enviaremos los env\u00edos que haya pedido espec\u00edficamente.<\/li><li>Por favor, considere la posibilidad de comprar un suministro de al menos 2 meses. Las hierbas tardan en hacer efecto. \u00a1Cuida de ti mismo e invierte en ti!<\/li><li>Debido a que muchos productos de Nature's Sunshine a menudo no est\u00e1n embotellados para un suministro de un mes exactamente, es posible que reciba un suministro ligeramente superior al n\u00famero de meses que solicita.<\/li><li>Antes de pasar por caja, puede personalizar a\u00fan m\u00e1s los productos y las cantidades que desea recibir.<\/li><\/ul>\n\n\t\t<\/div>\n\t\t\t\t\n<style>\n#col-1339284765 > .col-inner {\n  padding: 10px 10px 10px 10px;\n}\n<\/style>\n\t<\/div>\n\n\t\n<\/div>","protected":false},"excerpt":{"rendered":"","protected":false},"author":37812,"featured_media":0,"parent":0,"menu_order":0,"comment_status":"closed","ping_status":"closed","template":"","meta":{"_acf_changed":false,"footnotes":""},"rapid":[],"class_list":["post-2871255","page","type-page","status-publish","hentry"],"acf":[],"_links":{"self":[{"href":"https:\/\/caringsunshine.com\/es\/wp-json\/wp\/v2\/pages\/2871255","targetHints":{"allow":["GET"]}}],"collection":[{"href":"https:\/\/caringsunshine.com\/es\/wp-json\/wp\/v2\/pages"}],"about":[{"href":"https:\/\/caringsunshine.com\/es\/wp-json\/wp\/v2\/types\/page"}],"author":[{"embeddable":true,"href":"https:\/\/caringsunshine.com\/es\/wp-json\/wp\/v2\/users\/37812"}],"replies":[{"embeddable":true,"href":"https:\/\/caringsunshine.com\/es\/wp-json\/wp\/v2\/comments?post=2871255"}],"version-history":[{"count":2,"href":"https:\/\/caringsunshine.com\/es\/wp-json\/wp\/v2\/pages\/2871255\/revisions"}],"predecessor-version":[{"id":2923100,"href":"https:\/\/caringsunshine.com\/es\/wp-json\/wp\/v2\/pages\/2871255\/revisions\/2923100"}],"wp:attachment":[{"href":"https:\/\/caringsunshine.com\/es\/wp-json\/wp\/v2\/media?parent=2871255"}],"wp:term":[{"taxonomy":"rapid","embeddable":true,"href":"https:\/\/caringsunshine.com\/es\/wp-json\/wp\/v2\/rapid?post=2871255"}],"curies":[{"name":"wp","href":"https:\/\/api.w.org\/{rel}","templated":true}]}}